{"id":31804,"date":"2026-02-27T00:14:54","date_gmt":"2026-02-27T00:14:54","guid":{"rendered":"https:\/\/nordicmart.andreevmaster.com\/product\/songmics-kosmetiikkalaukku-trolley-3-in-1-meikkilaukku-pastellinpunainen\/"},"modified":"2026-02-27T09:37:15","modified_gmt":"2026-02-27T09:37:15","slug":"songmics-kosmetiikkalaukku-trolley-3-in-1-meikkilaukku-pastellinpunainen","status":"publish","type":"product","link":"https:\/\/nordicmart.andreevmaster.com\/fi\/tuote\/songmics-kosmetiikkalaukku-trolley-3-in-1-meikkilaukku-pastellinpunainen\/","title":{"rendered":"SONGMICS kosmetiikkalaukku Trolley 3-in-1 meikkilaukku pastellinpunainen"},"content":{"rendered":"<p>SONGMICS kosmetiikkalaukku, iso rullavaunu, ammattimainen, tyhj\u00e4 meikkilaukku, kauneuslaukku, meikkilaukku, 4 yleisk\u00e4ytt\u00f6ist\u00e4 rullaa, matka- ja ty\u00f6k\u00e4ytt\u00f6\u00f6n, musta JHZ014B01<br \/>\nV\u00e4ri: pastellinpunainen<br \/>\nMateriaali: alumiinirunko, MDF (keskitihe\u00e4 kuitulevy), ABS-muovi<br \/>\nKoko<br \/>\nKokonaismitat (py\u00f6rill\u00e4): 34 x 24 x 70,5 cm (P x L x K)<br \/>\nKokonaismitat (ilman rullia): 34 x 24 x 63,1 cm (P x L x K)<br \/>\n1. tason korkeus: 18,8 cm<br \/>\nUlosvedett\u00e4v\u00e4n lokeron koko (4 kpl): 21,5 x 15,3 x 3,5 cm (P x L x K)<br \/>\n2. tason korkeus: 8,8 cm<br \/>\n3. tason korkeus: 35,5 cm<br \/>\nPaino: 5,9 kg<br \/>\nMaks. staattinen kokonaiskuormitus: 15 kg<\/p>\n","protected":false},"excerpt":{"rendered":"<p>SONGMICS kosmetiikkalaukku, iso rullavaunu, ammattimainen, tyhj\u00e4 meikkilaukku, kauneuslaukku, meikkilaukku, 4 yleisk\u00e4ytt\u00f6ist\u00e4 rullaa, matka- ja ty\u00f6k\u00e4ytt\u00f6\u00f6n, musta JHZ014B01<\/p>\n","protected":false},"featured_media":40873,"comment_status":"open","ping_status":"closed","template":"","meta":[],"product_brand":[],"product_cat":[32],"product_tag":[],"class_list":{"0":"post-31804","1":"product","2":"type-product","3":"status-publish","4":"has-post-thumbnail","6":"product_cat-uncategorized-fi","8":"first","9":"instock","10":"shipping-taxable","11":"purchasable","12":"product-type-simple"},"_links":{"self":[{"href":"https:\/\/nordicmart.andreevmaster.com\/fi\/wp-json\/wp\/v2\/product\/31804","targetHints":{"allow":["GET"]}}],"collection":[{"href":"https:\/\/nordicmart.andreevmaster.com\/fi\/wp-json\/wp\/v2\/product"}],"about":[{"href":"https:\/\/nordicmart.andreevmaster.com\/fi\/wp-json\/wp\/v2\/types\/product"}],"replies":[{"embeddable":true,"href":"https:\/\/nordicmart.andreevmaster.com\/fi\/wp-json\/wp\/v2\/comments?post=31804"}],"wp:featuredmedia":[{"embeddable":true,"href":"https:\/\/nordicmart.andreevmaster.com\/fi\/wp-json\/wp\/v2\/media\/40873"}],"wp:attachment":[{"href":"https:\/\/nordicmart.andreevmaster.com\/fi\/wp-json\/wp\/v2\/media?parent=31804"}],"wp:term":[{"taxonomy":"product_brand","embeddable":true,"href":"https:\/\/nordicmart.andreevmaster.com\/fi\/wp-json\/wp\/v2\/product_brand?post=31804"},{"taxonomy":"product_cat","embeddable":true,"href":"https:\/\/nordicmart.andreevmaster.com\/fi\/wp-json\/wp\/v2\/product_cat?post=31804"},{"taxonomy":"product_tag","embeddable":true,"href":"https:\/\/nordicmart.andreevmaster.com\/fi\/wp-json\/wp\/v2\/product_tag?post=31804"}],"curies":[{"name":"wp","href":"https:\/\/api.w.org\/{rel}","templated":true}]}}