{"id":31803,"date":"2026-02-27T00:14:53","date_gmt":"2026-02-27T00:14:53","guid":{"rendered":"https:\/\/nordicmart.andreevmaster.com\/product\/songmics-kosmetiikkalaukku-pyorilla-musta\/"},"modified":"2026-02-27T09:37:15","modified_gmt":"2026-02-27T09:37:15","slug":"songmics-kosmetiikkalaukku-pyorilla-musta","status":"publish","type":"product","link":"https:\/\/nordicmart.andreevmaster.com\/fi\/tuote\/songmics-kosmetiikkalaukku-pyorilla-musta\/","title":{"rendered":"SONGMICS kosmetiikkalaukku py\u00f6rill\u00e4, musta"},"content":{"rendered":"<p>Paljon s\u00e4ilytystilaa: huulipunat, luomiv\u00e4rit, siveltimet, kynsilakat&#8230; kaikki meikkitarvikkeesi mahtuvat t\u00e4h\u00e4n kosmetiikkalaukkuun. Mit\u00e4 muuta? Vaatteet, kirjat, peruukit tai hiustenkuivaaja mahtuvat t\u00e4ydellisesti alaosassa olevaan suureen lokeroon. Klassinen tyyli: Klassinen musta v\u00e4ri antaa t\u00e4lle meikkilaukulle ajattoman eleganssin. Hemmottele rakkaitasi tai itse\u00e4si t\u00e4ll\u00e4 kauniilla meikkilaukulla! Tuotetiedot: V\u00e4ri: Musta Materiaali: MDF (keskitihe\u00e4 kuitulevy), alumiini, ABS-muovi Koko: 35,7 x 27 x 72,5 cm (P x L x K) Teleskooppikahvan korkeus: 25,5 cm Paino: 5,9 kg Maks. staattinen kantavuus: 20 kg Toimitus sis\u00e4lt\u00e4\u00e4: 1 x kosmetiikkalaukku 4 x avain SONGMICS-ohjeet:\u00c4l\u00e4 altista tuotetta suoralle auringonvalolle. \u00c4l\u00e4 altista tuotetta ter\u00e4vien tai ter\u00e4vien esineiden kosketukselle vahingoittumisen v\u00e4ltt\u00e4miseksi. Avaimet ovat eritt\u00e4in pieni\u00e4. S\u00e4ilyt\u00e4 ne siksi lasten ulottumattomissa turvallisessa paikassa, jotta v\u00e4lt\u00e4t terveysriskit, jotka voivat aiheutua avainten hengitt\u00e4misest\u00e4 tai nielemisest\u00e4.<\/p>\n","protected":false},"excerpt":{"rendered":"<p>SONGMICS kosmetiikkalaukku, iso rullavaunu, ammattimainen, tyhj\u00e4 meikkilaukku, kauneuslaukku, meikkilaukku, 4 yleisk\u00e4ytt\u00f6ist\u00e4 rullaa, matka- ja ty\u00f6k\u00e4ytt\u00f6\u00f6n, musta JHZ014B01<\/p>\n","protected":false},"featured_media":40872,"comment_status":"open","ping_status":"closed","template":"","meta":[],"product_brand":[],"product_cat":[32],"product_tag":[],"class_list":{"0":"post-31803","1":"product","2":"type-product","3":"status-publish","4":"has-post-thumbnail","6":"product_cat-uncategorized-fi","8":"first","9":"instock","10":"shipping-taxable","11":"purchasable","12":"product-type-simple"},"_links":{"self":[{"href":"https:\/\/nordicmart.andreevmaster.com\/fi\/wp-json\/wp\/v2\/product\/31803","targetHints":{"allow":["GET"]}}],"collection":[{"href":"https:\/\/nordicmart.andreevmaster.com\/fi\/wp-json\/wp\/v2\/product"}],"about":[{"href":"https:\/\/nordicmart.andreevmaster.com\/fi\/wp-json\/wp\/v2\/types\/product"}],"replies":[{"embeddable":true,"href":"https:\/\/nordicmart.andreevmaster.com\/fi\/wp-json\/wp\/v2\/comments?post=31803"}],"wp:featuredmedia":[{"embeddable":true,"href":"https:\/\/nordicmart.andreevmaster.com\/fi\/wp-json\/wp\/v2\/media\/40872"}],"wp:attachment":[{"href":"https:\/\/nordicmart.andreevmaster.com\/fi\/wp-json\/wp\/v2\/media?parent=31803"}],"wp:term":[{"taxonomy":"product_brand","embeddable":true,"href":"https:\/\/nordicmart.andreevmaster.com\/fi\/wp-json\/wp\/v2\/product_brand?post=31803"},{"taxonomy":"product_cat","embeddable":true,"href":"https:\/\/nordicmart.andreevmaster.com\/fi\/wp-json\/wp\/v2\/product_cat?post=31803"},{"taxonomy":"product_tag","embeddable":true,"href":"https:\/\/nordicmart.andreevmaster.com\/fi\/wp-json\/wp\/v2\/product_tag?post=31803"}],"curies":[{"name":"wp","href":"https:\/\/api.w.org\/{rel}","templated":true}]}}