{"id":31801,"date":"2026-02-27T00:14:53","date_gmt":"2026-02-27T00:14:53","guid":{"rendered":"https:\/\/nordicmart.andreevmaster.com\/product\/songmics-kosmetiikkalaukku-universaalipyorilla-musta\/"},"modified":"2026-02-27T09:37:15","modified_gmt":"2026-02-27T09:37:15","slug":"songmics-kosmetiikkalaukku-universaalipyorilla-musta","status":"publish","type":"product","link":"https:\/\/nordicmart.andreevmaster.com\/fi\/tuote\/songmics-kosmetiikkalaukku-universaalipyorilla-musta\/","title":{"rendered":"SONGMICS kosmetiikkalaukku universaalipy\u00f6rill\u00e4, musta"},"content":{"rendered":"<p>T\u00e4ydellinen s\u00e4ilytyspaikka meikeillesi. J\u00e4rjest\u00e4 huulipuna, siveltimet, puuteri, ripsiv\u00e4ri, kynsilakka, eyeliner ja muut tarvikkeet kosmetiikkalaukun yl\u00e4osassa oleviin, ulosvedett\u00e4viin lokeroihin. Alempi lokero sopii erinomaisesti kirjoille, vaatteille, peruukille tai hiustenkuivaajalle.   Ajaton tyyli Musta on v\u00e4ri, joka ei koskaan mene muodista. T\u00e4m\u00e4 kosmetiikkalaukku paljastaa tyylisi, riippumatta siit\u00e4, mihin sen laitat. Lahjoita rakkaillesi t\u00e4m\u00e4 tyylik\u00e4s kosmetiikkalaukku, ja he varmasti s\u00e4teilev\u00e4t onnesta. Mutta jos pid\u00e4t t\u00e4st\u00e4 laukusta itsekin, miksi et lahjoittaisi sit\u00e4 itsellesi?   Tuotetiedot: &#8211; V\u00e4ri: musta &#8211; Materiaali: MDF (keskitihe\u00e4 kuitulevy), alumiini, ABS-muovi &#8211; Koko: 34 x 24 x 45 cm (P x L x K) &#8211; Paino: 4,3 kg   Toimitus sis\u00e4lt\u00e4\u00e4: &#8211; 1 x meikkilaukku &#8211; 2 x avainta &#8211; 1 x meikkipussi SONGICS-ohjeet:- \u00c4l\u00e4 altista tuotetta suoralle auringonvalolle. &#8211; \u00c4l\u00e4 altista tuotetta ter\u00e4vien tai ter\u00e4vien esineiden kosketukselle vahingoittumisen v\u00e4ltt\u00e4miseksi. &#8211; Avaimet ovat eritt\u00e4in pieni\u00e4. S\u00e4ilyt\u00e4 ne siksi lasten ulottumattomissa turvallisessa paikassa, jotta v\u00e4lt\u00e4t terveysriskit, jotka voivat aiheutua avainten hengitt\u00e4misest\u00e4 tai nielemisest\u00e4.<\/p>\n","protected":false},"excerpt":{"rendered":"<p>SONGMICS kosmetiikkalaukku, matkalaukku, meikkilaukku, meikkikotelo, kahvalla, 4 yleispy\u00f6r\u00e4ll\u00e4, 4 ulosvedett\u00e4v\u00e4ll\u00e4 lokerolla, matkak\u00e4ytt\u00f6\u00f6n, musta JHZ013B01<\/p>\n","protected":false},"featured_media":40870,"comment_status":"open","ping_status":"closed","template":"","meta":[],"product_brand":[],"product_cat":[32],"product_tag":[],"class_list":{"0":"post-31801","1":"product","2":"type-product","3":"status-publish","4":"has-post-thumbnail","6":"product_cat-uncategorized-fi","8":"first","9":"instock","10":"shipping-taxable","11":"purchasable","12":"product-type-simple"},"_links":{"self":[{"href":"https:\/\/nordicmart.andreevmaster.com\/fi\/wp-json\/wp\/v2\/product\/31801","targetHints":{"allow":["GET"]}}],"collection":[{"href":"https:\/\/nordicmart.andreevmaster.com\/fi\/wp-json\/wp\/v2\/product"}],"about":[{"href":"https:\/\/nordicmart.andreevmaster.com\/fi\/wp-json\/wp\/v2\/types\/product"}],"replies":[{"embeddable":true,"href":"https:\/\/nordicmart.andreevmaster.com\/fi\/wp-json\/wp\/v2\/comments?post=31801"}],"wp:featuredmedia":[{"embeddable":true,"href":"https:\/\/nordicmart.andreevmaster.com\/fi\/wp-json\/wp\/v2\/media\/40870"}],"wp:attachment":[{"href":"https:\/\/nordicmart.andreevmaster.com\/fi\/wp-json\/wp\/v2\/media?parent=31801"}],"wp:term":[{"taxonomy":"product_brand","embeddable":true,"href":"https:\/\/nordicmart.andreevmaster.com\/fi\/wp-json\/wp\/v2\/product_brand?post=31801"},{"taxonomy":"product_cat","embeddable":true,"href":"https:\/\/nordicmart.andreevmaster.com\/fi\/wp-json\/wp\/v2\/product_cat?post=31801"},{"taxonomy":"product_tag","embeddable":true,"href":"https:\/\/nordicmart.andreevmaster.com\/fi\/wp-json\/wp\/v2\/product_tag?post=31801"}],"curies":[{"name":"wp","href":"https:\/\/api.w.org\/{rel}","templated":true}]}}