{"id":31800,"date":"2026-02-27T00:14:53","date_gmt":"2026-02-27T00:14:53","guid":{"rendered":"https:\/\/nordicmart.andreevmaster.com\/product\/songmics-kosmetiikkalaukku-4-in-1-malli\/"},"modified":"2026-02-27T09:37:15","modified_gmt":"2026-02-27T09:37:15","slug":"songmics-kosmetiikkalaukku-4-in-1-malli","status":"publish","type":"product","link":"https:\/\/nordicmart.andreevmaster.com\/fi\/tuote\/songmics-kosmetiikkalaukku-4-in-1-malli\/","title":{"rendered":"SONGMICS kosmetiikkalaukku 4-in-1-malli"},"content":{"rendered":"<p>Tuotetiedot: V\u00e4ri: hopea Materiaali: alumiinilistat, MDF, muovi Koko: Kokonaiskoko (py\u00f6rill\u00e4): 35 x 25 x 78,5 cm (P x L x K) Kokonaiskoko (ilman py\u00f6ri\u00e4): 35 x 25 x 72 cm (P x L x K) Ensimm\u00e4isen tason (pienen matkalaukun) koko: 35 x 25 x 22 cm (P x L x K) Pienen matkalaukun alaosan lokeron koko: 35 x 25 x 8,5 cm (P x L x K) Ulosvedett\u00e4v\u00e4n lokeron koko (4x): 22,5 x 15,8 x 3,3 cm (P x L x K)Toisen tason koko: 35 x 25 x 10,2 cm (P x L x K)Kolmannen tason koko: 35 x 25 x 10,2 cm (P x L x K)Nelj\u00e4nnen tason koko (avoin laatikko): 35 x 25 x 31 cm (P x L x K)Nelj\u00e4nnen tason sis\u00e4osan koko: 33 x 21 x 7,5 cm (P x L x K)Paino: 7,4 kgToimitus sis\u00e4lt\u00e4\u00e4:1 x meikkilaukku4 x yleispy\u00f6r\u00e44 x avainSONGMICS Huomautukset:Tuote voi valmistusprosessin vuoksi poiketa hieman (alle millimetrin) ilmoittamistamme mitoista. Huomioi tuotteen mitat. Tuote saattaa tuoksua hieman avattaessa. Siin\u00e4 tapauksessa aseta se hetkeksi viile\u00e4\u00e4n, hyvin tuuletettuun paikkaan ennen k\u00e4ytt\u00f6\u00e4.<\/p>\n","protected":false},"excerpt":{"rendered":"<p>SONGMICS kosmetiikkalaukku, matkalaukku, 4-in-1 meikkilaukku, meikkilaukku matkoille, iso kampaajalaukku, lukittava, 360\u00b0 k\u00e4\u00e4ntyv\u00e4t universaalipy\u00f6r\u00e4t, meikkitaiteilijoille, kampaajille, hopea JHZ011E01<\/p>\n","protected":false},"featured_media":40869,"comment_status":"open","ping_status":"closed","template":"","meta":[],"product_brand":[],"product_cat":[32],"product_tag":[],"class_list":{"0":"post-31800","1":"product","2":"type-product","3":"status-publish","4":"has-post-thumbnail","6":"product_cat-uncategorized-fi","8":"first","9":"instock","10":"shipping-taxable","11":"purchasable","12":"product-type-simple"},"_links":{"self":[{"href":"https:\/\/nordicmart.andreevmaster.com\/fi\/wp-json\/wp\/v2\/product\/31800","targetHints":{"allow":["GET"]}}],"collection":[{"href":"https:\/\/nordicmart.andreevmaster.com\/fi\/wp-json\/wp\/v2\/product"}],"about":[{"href":"https:\/\/nordicmart.andreevmaster.com\/fi\/wp-json\/wp\/v2\/types\/product"}],"replies":[{"embeddable":true,"href":"https:\/\/nordicmart.andreevmaster.com\/fi\/wp-json\/wp\/v2\/comments?post=31800"}],"wp:featuredmedia":[{"embeddable":true,"href":"https:\/\/nordicmart.andreevmaster.com\/fi\/wp-json\/wp\/v2\/media\/40869"}],"wp:attachment":[{"href":"https:\/\/nordicmart.andreevmaster.com\/fi\/wp-json\/wp\/v2\/media?parent=31800"}],"wp:term":[{"taxonomy":"product_brand","embeddable":true,"href":"https:\/\/nordicmart.andreevmaster.com\/fi\/wp-json\/wp\/v2\/product_brand?post=31800"},{"taxonomy":"product_cat","embeddable":true,"href":"https:\/\/nordicmart.andreevmaster.com\/fi\/wp-json\/wp\/v2\/product_cat?post=31800"},{"taxonomy":"product_tag","embeddable":true,"href":"https:\/\/nordicmart.andreevmaster.com\/fi\/wp-json\/wp\/v2\/product_tag?post=31800"}],"curies":[{"name":"wp","href":"https:\/\/api.w.org\/{rel}","templated":true}]}}