{"id":31799,"date":"2026-02-27T00:14:53","date_gmt":"2026-02-27T00:14:53","guid":{"rendered":"https:\/\/nordicmart.andreevmaster.com\/product\/songmics-kosmetiikkalaukku-trolley-kampaajalaukku-samppanjankultainen\/"},"modified":"2026-02-27T09:37:14","modified_gmt":"2026-02-27T09:37:14","slug":"songmics-kosmetiikkalaukku-trolley-kampaajalaukku-samppanjankultainen","status":"publish","type":"product","link":"https:\/\/nordicmart.andreevmaster.com\/fi\/tuote\/songmics-kosmetiikkalaukku-trolley-kampaajalaukku-samppanjankultainen\/","title":{"rendered":"SONGMICS kosmetiikkalaukku, trolley-kampaajalaukku, samppanjankultainen"},"content":{"rendered":"<p>SONGMICS kosmetiikkalaukku, meikkilaukku, 2 laatikkoa, suuri kampaajalaukku, meikkilaukku, 34 x 24 x 56 cm, 360\u00b0 k\u00e4\u00e4ntyv\u00e4t py\u00f6r\u00e4t, matkailu, kampaajat, lahjaidea<br \/>\nV\u00e4ri: samppanjankultainen<br \/>\nMateriaali: alumiinirunko, MDF (keskitihe\u00e4 kuitulevy), ABS-muovi<br \/>\nKoko<br \/>\nKokonaismitat (py\u00f6r\u00e4t mukaan lukien): 34 x 24 x 56 cm (P x L x K)<br \/>\nKokonaismitat (ilman py\u00f6ri\u00e4): 34 x 24 x 48 cm (P x L x K)<br \/>\nYl\u00e4osan hyllyn koko (2 kpl): 32 x 10,5 x 2,3 cm (P x L x K)<br \/>\nYl\u00e4laatikon koko: 26,7 x 21,2 x 11,9 cm (P x L x K)<br \/>\nAlemman laatikon koko: 26,7 x 21,2 x 13,9 cm (P x L x K)<br \/>\nPaino: 6,2 kg<br \/>\nMaks. staattinen kokonaiskuormitus: 10 kg<\/p>\n","protected":false},"excerpt":{"rendered":"<p>SONGMICS kosmetiikkalaukku, meikkilaukku, 2 laatikkoa, suuri kampaajalaukku, meikkilaukku, 34 x 24 x 56 cm, 360\u00b0 k\u00e4\u00e4ntyv\u00e4t py\u00f6r\u00e4t, matkailu, kampaajat, lahjaidea<\/p>\n","protected":false},"featured_media":40868,"comment_status":"open","ping_status":"closed","template":"","meta":[],"product_brand":[],"product_cat":[32],"product_tag":[],"class_list":{"0":"post-31799","1":"product","2":"type-product","3":"status-publish","4":"has-post-thumbnail","6":"product_cat-uncategorized-fi","8":"first","9":"instock","10":"shipping-taxable","11":"purchasable","12":"product-type-simple"},"_links":{"self":[{"href":"https:\/\/nordicmart.andreevmaster.com\/fi\/wp-json\/wp\/v2\/product\/31799","targetHints":{"allow":["GET"]}}],"collection":[{"href":"https:\/\/nordicmart.andreevmaster.com\/fi\/wp-json\/wp\/v2\/product"}],"about":[{"href":"https:\/\/nordicmart.andreevmaster.com\/fi\/wp-json\/wp\/v2\/types\/product"}],"replies":[{"embeddable":true,"href":"https:\/\/nordicmart.andreevmaster.com\/fi\/wp-json\/wp\/v2\/comments?post=31799"}],"wp:featuredmedia":[{"embeddable":true,"href":"https:\/\/nordicmart.andreevmaster.com\/fi\/wp-json\/wp\/v2\/media\/40868"}],"wp:attachment":[{"href":"https:\/\/nordicmart.andreevmaster.com\/fi\/wp-json\/wp\/v2\/media?parent=31799"}],"wp:term":[{"taxonomy":"product_brand","embeddable":true,"href":"https:\/\/nordicmart.andreevmaster.com\/fi\/wp-json\/wp\/v2\/product_brand?post=31799"},{"taxonomy":"product_cat","embeddable":true,"href":"https:\/\/nordicmart.andreevmaster.com\/fi\/wp-json\/wp\/v2\/product_cat?post=31799"},{"taxonomy":"product_tag","embeddable":true,"href":"https:\/\/nordicmart.andreevmaster.com\/fi\/wp-json\/wp\/v2\/product_tag?post=31799"}],"curies":[{"name":"wp","href":"https:\/\/api.w.org\/{rel}","templated":true}]}}