{"id":31785,"date":"2026-02-27T00:14:49","date_gmt":"2026-02-27T00:14:49","guid":{"rendered":"https:\/\/nordicmart.andreevmaster.com\/product\/jersey-lakanat-40x90-harmaa\/"},"modified":"2026-02-27T09:37:12","modified_gmt":"2026-02-27T09:37:12","slug":"jersey-lakanat-40x90-harmaa","status":"publish","type":"product","link":"https:\/\/nordicmart.andreevmaster.com\/fi\/tuote\/jersey-lakanat-40x90-harmaa\/","title":{"rendered":"Jersey-lakanat 40&#215;90 harmaa"},"content":{"rendered":"<p>Tiedot: <\/p>\n<p>&#8211; lakanat on valmistettu luonnonpuuvillasta, jolla on Oeko-TEX Standard 100 IW 00034 -sertifikaatti <\/p>\n<p>&#8211; lakanat on merkitty kansainv\u00e4lisell\u00e4 puuvillamerkill\u00e4  <\/p>\n<p>&#8211; pehme\u00e4t ja miellytt\u00e4v\u00e4t kosketukseltaan <\/p>\n<p>&#8211; viimeistelty joustavalla nauhalla, joka est\u00e4\u00e4 liukumisen patjalla <\/p>\n<p>&#8211; sopii erinomaisesti kehtoihin tai kantoreppuihin<\/p>\n<p>Pesuohjeet:<br \/>\n &#8211; konepesu 40 \u00b0C:ssa<br \/>\n &#8211; silitys enint\u00e4\u00e4n 110 \u00b0C:ssa<br \/>\n &#8211; ei valkaisuaineita<br \/>\n &#8211; ei rumpukuivausta <\/p>\n<p>Materiaali: <\/p>\n<p>&#8211; 100 % puuvillaa, langan paino 150 g\/m2, Oeko-TEX Standard 100 -sertifikaatti  <\/p>\n<p> Mitat: <\/p>\n<p>XS: 40&#215;90 cm, korkeus 8 cm<\/p>\n","protected":false},"excerpt":{"rendered":"<p>Tiedot: &#8211; lakanat on valmistettu luonnonpuuvillasta, jolla on Oeko-TEX Standard 100 IW 00034 -sertifikaatti &#8211; lakanat on merkitty kansainv\u00e4lisell\u00e4 puuvillamerkill\u00e4 &#8211; pehme\u00e4t ja miellytt\u00e4v\u00e4t kosketukseltaan &#8211; viimeistelty joustavalla nauhalla, joka est\u00e4\u00e4 liukumisen patjalla &#8211; sopii erinomaisesti kehtoihin tai kantoreppuihin Pesuohjeet: &#8211; konepesu 40 \u00b0C:ssa &#8211; silitys enint\u00e4\u00e4n 110 \u00b0C:ssa &#8211; ei valkaisuaineita &#8211; ei rumpukuivausta [&hellip;]<\/p>\n","protected":false},"featured_media":0,"comment_status":"open","ping_status":"closed","template":"","meta":[],"product_brand":[],"product_cat":[32],"product_tag":[],"class_list":{"0":"post-31785","1":"product","2":"type-product","3":"status-publish","5":"product_cat-uncategorized-fi","7":"first","8":"instock","9":"shipping-taxable","10":"purchasable","11":"product-type-simple"},"_links":{"self":[{"href":"https:\/\/nordicmart.andreevmaster.com\/fi\/wp-json\/wp\/v2\/product\/31785","targetHints":{"allow":["GET"]}}],"collection":[{"href":"https:\/\/nordicmart.andreevmaster.com\/fi\/wp-json\/wp\/v2\/product"}],"about":[{"href":"https:\/\/nordicmart.andreevmaster.com\/fi\/wp-json\/wp\/v2\/types\/product"}],"replies":[{"embeddable":true,"href":"https:\/\/nordicmart.andreevmaster.com\/fi\/wp-json\/wp\/v2\/comments?post=31785"}],"wp:attachment":[{"href":"https:\/\/nordicmart.andreevmaster.com\/fi\/wp-json\/wp\/v2\/media?parent=31785"}],"wp:term":[{"taxonomy":"product_brand","embeddable":true,"href":"https:\/\/nordicmart.andreevmaster.com\/fi\/wp-json\/wp\/v2\/product_brand?post=31785"},{"taxonomy":"product_cat","embeddable":true,"href":"https:\/\/nordicmart.andreevmaster.com\/fi\/wp-json\/wp\/v2\/product_cat?post=31785"},{"taxonomy":"product_tag","embeddable":true,"href":"https:\/\/nordicmart.andreevmaster.com\/fi\/wp-json\/wp\/v2\/product_tag?post=31785"}],"curies":[{"name":"wp","href":"https:\/\/api.w.org\/{rel}","templated":true}]}}