{"id":31783,"date":"2026-02-27T00:14:49","date_gmt":"2026-02-27T00:14:49","guid":{"rendered":"https:\/\/nordicmart.andreevmaster.com\/product\/songmics-tyylikas-koruteline-musta\/"},"modified":"2026-02-27T09:37:12","modified_gmt":"2026-02-27T09:37:12","slug":"songmics-tyylikas-koruteline-musta","status":"publish","type":"product","link":"https:\/\/nordicmart.andreevmaster.com\/fi\/tuote\/songmics-tyylikas-koruteline-musta\/","title":{"rendered":"SONGMICS Tyylik\u00e4s koruteline, musta"},"content":{"rendered":"<p>Korvakorut ja kaulakorut lojuvat ymp\u00e4riins\u00e4? Etk\u00f6 l\u00f6yd\u00e4 koskaan tarvitsemiasi koruja? Songmics-koruteline tarjoaa sinulle ihanteellisen ratkaisun, joten sinun ei en\u00e4\u00e4 tarvitse etsi\u00e4 sopivia koruja pitk\u00e4\u00e4n! Se on tukeva teline, jossa on jalusta. Teline on hyvin hitsattu ja erinomaisesti lakattu, mik\u00e4 korostaa sen romanttista luonnetta. Pinta on jauhemaalattu, joten se on kest\u00e4v\u00e4. Tyylik\u00e4s koruteline tarjoaa runsaasti tilaa korvakoruille, nappikorvakoruille, rannekoruille, kaulakoruille ja jopa kelloille. Kaikki aarteesi ovat n\u00e4in optimaalisesti s\u00e4ilytettyin\u00e4 ja aina k\u00e4den ulottuvilla. Leve\u00e4n jalustan ansiosta teline on vakaa ja kaatumaton. Korupuu on eritt\u00e4in toimiva ja samalla visuaalisesti n\u00e4ytt\u00e4v\u00e4. Tuotetiedot:  &#8211; V\u00e4ri: musta &#8211; Tuotteen mitat: 34,5 x 34 x 12,5 cm (L x K x S) &#8211; Kahden vaakasuoran rei\u00e4n v\u00e4linen et\u00e4isyys: 1 cm Toimitus sis\u00e4lt\u00e4\u00e4: &#8211; 1 x koruteline<\/p>\n","protected":false},"excerpt":{"rendered":"<p>SONGMICS koruteline koruteline korvakoruteline rannekoruteline kaulakoruteline JDS78B<\/p>\n","protected":false},"featured_media":40866,"comment_status":"open","ping_status":"closed","template":"","meta":[],"product_brand":[],"product_cat":[32],"product_tag":[],"class_list":{"0":"post-31783","1":"product","2":"type-product","3":"status-publish","4":"has-post-thumbnail","6":"product_cat-uncategorized-fi","8":"first","9":"instock","10":"shipping-taxable","11":"purchasable","12":"product-type-simple"},"_links":{"self":[{"href":"https:\/\/nordicmart.andreevmaster.com\/fi\/wp-json\/wp\/v2\/product\/31783","targetHints":{"allow":["GET"]}}],"collection":[{"href":"https:\/\/nordicmart.andreevmaster.com\/fi\/wp-json\/wp\/v2\/product"}],"about":[{"href":"https:\/\/nordicmart.andreevmaster.com\/fi\/wp-json\/wp\/v2\/types\/product"}],"replies":[{"embeddable":true,"href":"https:\/\/nordicmart.andreevmaster.com\/fi\/wp-json\/wp\/v2\/comments?post=31783"}],"wp:featuredmedia":[{"embeddable":true,"href":"https:\/\/nordicmart.andreevmaster.com\/fi\/wp-json\/wp\/v2\/media\/40866"}],"wp:attachment":[{"href":"https:\/\/nordicmart.andreevmaster.com\/fi\/wp-json\/wp\/v2\/media?parent=31783"}],"wp:term":[{"taxonomy":"product_brand","embeddable":true,"href":"https:\/\/nordicmart.andreevmaster.com\/fi\/wp-json\/wp\/v2\/product_brand?post=31783"},{"taxonomy":"product_cat","embeddable":true,"href":"https:\/\/nordicmart.andreevmaster.com\/fi\/wp-json\/wp\/v2\/product_cat?post=31783"},{"taxonomy":"product_tag","embeddable":true,"href":"https:\/\/nordicmart.andreevmaster.com\/fi\/wp-json\/wp\/v2\/product_tag?post=31783"}],"curies":[{"name":"wp","href":"https:\/\/api.w.org\/{rel}","templated":true}]}}