{"id":31782,"date":"2026-02-27T00:14:49","date_gmt":"2026-02-27T00:14:49","guid":{"rendered":"https:\/\/nordicmart.andreevmaster.com\/product\/songmics-hillitty-korurasia-valkoinen\/"},"modified":"2026-02-27T09:37:12","modified_gmt":"2026-02-27T09:37:12","slug":"songmics-hillitty-korurasia-valkoinen","status":"publish","type":"product","link":"https:\/\/nordicmart.andreevmaster.com\/fi\/tuote\/songmics-hillitty-korurasia-valkoinen\/","title":{"rendered":"SONGMICS hillitty korurasia, valkoinen"},"content":{"rendered":"<p>Yksinkertaisen lukon ansiosta kansi on helppo avata yhdell\u00e4 k\u00e4dell\u00e4. Pehme\u00e4 sis\u00e4vuori suojaa korujasi naarmuilta. Alalaatikossa on irrotettava v\u00e4lisein\u00e4, joten voit laittaa sinne my\u00f6s suurempia koruja. Tuotetiedot: Mitat: 26 x 10 x 26 cm (L x K x S) Osaston mitat: 24 x 3 x 24 cm (L x K x S) Alalaatikon mitat: 8 x 2,5 x 8 cm (L x K x S) Nettopaino: 1,24 kg V\u00e4ri: valkoinen Toimitus sis\u00e4lt\u00e4\u00e4: 1 x korurasia<\/p>\n","protected":false},"excerpt":{"rendered":"<p>SONGMICS korulaatikko, korulaatikko, 2 tasoa, kaulakoruille ja korvakoruille, musta JDS305B<\/p>\n","protected":false},"featured_media":40865,"comment_status":"open","ping_status":"closed","template":"","meta":[],"product_brand":[],"product_cat":[32],"product_tag":[],"class_list":{"0":"post-31782","1":"product","2":"type-product","3":"status-publish","4":"has-post-thumbnail","6":"product_cat-uncategorized-fi","8":"first","9":"instock","10":"shipping-taxable","11":"purchasable","12":"product-type-simple"},"_links":{"self":[{"href":"https:\/\/nordicmart.andreevmaster.com\/fi\/wp-json\/wp\/v2\/product\/31782","targetHints":{"allow":["GET"]}}],"collection":[{"href":"https:\/\/nordicmart.andreevmaster.com\/fi\/wp-json\/wp\/v2\/product"}],"about":[{"href":"https:\/\/nordicmart.andreevmaster.com\/fi\/wp-json\/wp\/v2\/types\/product"}],"replies":[{"embeddable":true,"href":"https:\/\/nordicmart.andreevmaster.com\/fi\/wp-json\/wp\/v2\/comments?post=31782"}],"wp:featuredmedia":[{"embeddable":true,"href":"https:\/\/nordicmart.andreevmaster.com\/fi\/wp-json\/wp\/v2\/media\/40865"}],"wp:attachment":[{"href":"https:\/\/nordicmart.andreevmaster.com\/fi\/wp-json\/wp\/v2\/media?parent=31782"}],"wp:term":[{"taxonomy":"product_brand","embeddable":true,"href":"https:\/\/nordicmart.andreevmaster.com\/fi\/wp-json\/wp\/v2\/product_brand?post=31782"},{"taxonomy":"product_cat","embeddable":true,"href":"https:\/\/nordicmart.andreevmaster.com\/fi\/wp-json\/wp\/v2\/product_cat?post=31782"},{"taxonomy":"product_tag","embeddable":true,"href":"https:\/\/nordicmart.andreevmaster.com\/fi\/wp-json\/wp\/v2\/product_tag?post=31782"}],"curies":[{"name":"wp","href":"https:\/\/api.w.org\/{rel}","templated":true}]}}