{"id":31781,"date":"2026-02-27T00:14:49","date_gmt":"2026-02-27T00:14:49","guid":{"rendered":"https:\/\/nordicmart.andreevmaster.com\/product\/songmics-hillitty-korurasia-musta\/"},"modified":"2026-02-27T09:37:12","modified_gmt":"2026-02-27T09:37:12","slug":"songmics-hillitty-korurasia-musta","status":"publish","type":"product","link":"https:\/\/nordicmart.andreevmaster.com\/fi\/tuote\/songmics-hillitty-korurasia-musta\/","title":{"rendered":"SONGMICS hillitty korurasia, musta"},"content":{"rendered":"<p>Kaksikerroksinen korurasia Kaunista meikkip\u00f6yt\u00e4\u00e4si uudella korurasia ja nauti kauneudenhoitorutiinistasi entist\u00e4 enemm\u00e4n! Erilaisissa lokeroissa voit s\u00e4ilytt\u00e4\u00e4 erilaisia koruja. L\u00f6yd\u00e4t etsim\u00e4si hetkess\u00e4.\u00c4l\u00e4 en\u00e4\u00e4 tuhlaa aikaa kadonneiden korvakorujen etsimiseen ja kaulakorujen selvittelyyn. Suuri kapasiteetti ja erilaiset osastot Nyt voit antaa kodin sille sormuksille, kaulakoruille, nappikorvakoruille, korvakoruille ja rannekoruille, joita k\u00e4yt\u00e4t useimmin.T\u00e4m\u00e4 korulaatikko j\u00e4rjest\u00e4\u00e4 kaiken ja poistaa kaaoksen peilip\u00f6yd\u00e4lt\u00e4. Tuotetiedot: Mitat: 26 x 10 x 26 cm (L x K x S) Nettopaino: 1,24 kg V\u00e4ri: musta Materiaali: MDF-levy + sametti + PU Toimitus sis\u00e4lt\u00e4\u00e4: 1 x korulaatikko<\/p>\n","protected":false},"excerpt":{"rendered":"<p>SONGMICS korulaatikko, korulaatikko, 2 tasoa, kaulakoruille ja korvakoruille, musta JDS305B<\/p>\n","protected":false},"featured_media":40864,"comment_status":"open","ping_status":"closed","template":"","meta":[],"product_brand":[],"product_cat":[32],"product_tag":[],"class_list":{"0":"post-31781","1":"product","2":"type-product","3":"status-publish","4":"has-post-thumbnail","6":"product_cat-uncategorized-fi","8":"first","9":"instock","10":"shipping-taxable","11":"purchasable","12":"product-type-simple"},"_links":{"self":[{"href":"https:\/\/nordicmart.andreevmaster.com\/fi\/wp-json\/wp\/v2\/product\/31781","targetHints":{"allow":["GET"]}}],"collection":[{"href":"https:\/\/nordicmart.andreevmaster.com\/fi\/wp-json\/wp\/v2\/product"}],"about":[{"href":"https:\/\/nordicmart.andreevmaster.com\/fi\/wp-json\/wp\/v2\/types\/product"}],"replies":[{"embeddable":true,"href":"https:\/\/nordicmart.andreevmaster.com\/fi\/wp-json\/wp\/v2\/comments?post=31781"}],"wp:featuredmedia":[{"embeddable":true,"href":"https:\/\/nordicmart.andreevmaster.com\/fi\/wp-json\/wp\/v2\/media\/40864"}],"wp:attachment":[{"href":"https:\/\/nordicmart.andreevmaster.com\/fi\/wp-json\/wp\/v2\/media?parent=31781"}],"wp:term":[{"taxonomy":"product_brand","embeddable":true,"href":"https:\/\/nordicmart.andreevmaster.com\/fi\/wp-json\/wp\/v2\/product_brand?post=31781"},{"taxonomy":"product_cat","embeddable":true,"href":"https:\/\/nordicmart.andreevmaster.com\/fi\/wp-json\/wp\/v2\/product_cat?post=31781"},{"taxonomy":"product_tag","embeddable":true,"href":"https:\/\/nordicmart.andreevmaster.com\/fi\/wp-json\/wp\/v2\/product_tag?post=31781"}],"curies":[{"name":"wp","href":"https:\/\/api.w.org\/{rel}","templated":true}]}}