{"id":31780,"date":"2026-02-27T00:14:48","date_gmt":"2026-02-27T00:14:48","guid":{"rendered":"https:\/\/nordicmart.andreevmaster.com\/product\/songmics-korurasia-24-lokeroa-musta\/"},"modified":"2026-02-27T09:37:11","modified_gmt":"2026-02-27T09:37:11","slug":"songmics-korurasia-24-lokeroa-musta","status":"publish","type":"product","link":"https:\/\/nordicmart.andreevmaster.com\/fi\/tuote\/songmics-korurasia-24-lokeroa-musta\/","title":{"rendered":"SONGMICS korurasia  24 lokeroa musta"},"content":{"rendered":"<p>Olitpa sitten ostamassa lahjaa yst\u00e4villesi, sisaruksillesi tai ty\u00f6tovereillesi, t\u00e4ydellisen lahjan valitseminen on j\u00e4nnitt\u00e4v\u00e4\u00e4. T\u00e4m\u00e4 vieh\u00e4tt\u00e4v\u00e4 ja korkealaatuinen SONGMICS-korurasia ihastuttaa sinut. J\u00e4rjest\u00e4 korusi T\u00e4m\u00e4 korurasia sis\u00e4lt\u00e4\u00e4 24 tilavaa, neli\u00f6nmuotoista lokeroa ja sopii erinomaisesti kaulakorujen, rannekorujen, sormusten ja muiden p\u00e4ivitt\u00e4isten asusteiden s\u00e4ilytykseen.Tyylik\u00e4s ja &#8221;onnettomuusvapaa&#8221; lahjavaihtoehto T\u00e4m\u00e4 musta, k\u00e4sintehty korurasia on tyylik\u00e4s, toimiva ja ylellinen, ja se on t\u00e4ydellinen lahjaidea, jos etsit jotain muuta kuin tavallista suklaata tai tylsi\u00e4 kukkia.Erinomainen laatuMDF-materiaalista valmistettu ja korkealaatuisella PU-pinnalla sek\u00e4 pehme\u00e4ll\u00e4, mustalla samettivuorauksella varustettu korurasia on kuin mukava kehto, joka suojaa korujasi tehokkaasti p\u00f6lylt\u00e4 ja naarmuilta.Viel\u00e4 enemm\u00e4n valinnanvaraaMeill\u00e4 on laaja valikoima korurasioita monissa eri kooissa ja tyyleiss\u00e4. Etsi vain &#8221;SONGMICS korurasia&#8221; saadaksesi lis\u00e4tietoja.\u00c4l\u00e4 ep\u00e4r\u00f6i. SONGMICS-korurasia t\u00e4ytt\u00e4\u00e4 kaikki odotuksesi t\u00e4ydellisesti! Tuotetiedot: &#8211; V\u00e4ri: musta &#8211; Materiaali: MDF (keskitihe\u00e4 kuitulevy), PU, sametti &#8211; Tuotteen koko: 35 x 24 x 4,3 cm (L x S x K) &#8211; Tuotteen paino: 1,1 kg Toimitus sis\u00e4lt\u00e4\u00e4: &#8211; 1 x korurasia<\/p>\n","protected":false},"excerpt":{"rendered":"<p>SONGMICS korulaatikko, korukotelo 24 lokerolla, korujen s\u00e4ilytyslaatikko samettivuorauksella, lasikansi ja lukko, lahjaidea, musta JDS303, lasi, 35 x 24 x 4,3 cm<\/p>\n","protected":false},"featured_media":40863,"comment_status":"open","ping_status":"closed","template":"","meta":[],"product_brand":[],"product_cat":[32],"product_tag":[],"class_list":{"0":"post-31780","1":"product","2":"type-product","3":"status-publish","4":"has-post-thumbnail","6":"product_cat-uncategorized-fi","8":"first","9":"instock","10":"shipping-taxable","11":"purchasable","12":"product-type-simple"},"_links":{"self":[{"href":"https:\/\/nordicmart.andreevmaster.com\/fi\/wp-json\/wp\/v2\/product\/31780","targetHints":{"allow":["GET"]}}],"collection":[{"href":"https:\/\/nordicmart.andreevmaster.com\/fi\/wp-json\/wp\/v2\/product"}],"about":[{"href":"https:\/\/nordicmart.andreevmaster.com\/fi\/wp-json\/wp\/v2\/types\/product"}],"replies":[{"embeddable":true,"href":"https:\/\/nordicmart.andreevmaster.com\/fi\/wp-json\/wp\/v2\/comments?post=31780"}],"wp:featuredmedia":[{"embeddable":true,"href":"https:\/\/nordicmart.andreevmaster.com\/fi\/wp-json\/wp\/v2\/media\/40863"}],"wp:attachment":[{"href":"https:\/\/nordicmart.andreevmaster.com\/fi\/wp-json\/wp\/v2\/media?parent=31780"}],"wp:term":[{"taxonomy":"product_brand","embeddable":true,"href":"https:\/\/nordicmart.andreevmaster.com\/fi\/wp-json\/wp\/v2\/product_brand?post=31780"},{"taxonomy":"product_cat","embeddable":true,"href":"https:\/\/nordicmart.andreevmaster.com\/fi\/wp-json\/wp\/v2\/product_cat?post=31780"},{"taxonomy":"product_tag","embeddable":true,"href":"https:\/\/nordicmart.andreevmaster.com\/fi\/wp-json\/wp\/v2\/product_tag?post=31780"}],"curies":[{"name":"wp","href":"https:\/\/api.w.org\/{rel}","templated":true}]}}