{"id":31779,"date":"2026-02-27T00:14:48","date_gmt":"2026-02-27T00:14:48","guid":{"rendered":"https:\/\/nordicmart.andreevmaster.com\/product\/songmics-korulaatikko-sormuksille-musta\/"},"modified":"2026-02-27T09:37:11","modified_gmt":"2026-02-27T09:37:11","slug":"songmics-korulaatikko-sormuksille-musta","status":"publish","type":"product","link":"https:\/\/nordicmart.andreevmaster.com\/fi\/tuote\/songmics-korulaatikko-sormuksille-musta\/","title":{"rendered":"SONGMICS korulaatikko sormuksille, musta"},"content":{"rendered":"<p>Paljon tilaa sormuksillesi Sormusn\u00e4yttelyn koko on 35 x 4,5 x 24 cm (L x K x S) ja 12 rivill\u00e4 se tarjoaa paljon tilaa sormuksillesi. Voit laittaa siihen sek\u00e4 suuria ett\u00e4 pieni\u00e4 sormuksia sek\u00e4 sormuksia, joissa on suuri tai pieni sormusosa. Lajittele sormuksesi v\u00e4rin, koon tai v\u00e4rikk\u00e4\u00e4n sekoituksen mukaan \u2013 t\u00e4ll\u00e4 sormuslaatikolla sinulla on nyt tarpeeksi tilaa. Lasikansi pit\u00e4\u00e4 sormukset aina n\u00e4kyviss\u00e4 Sinun ei en\u00e4\u00e4 tarvitse etsi\u00e4 sormuksiasi, vaan n\u00e4et ne heti yhdell\u00e4 silm\u00e4yksell\u00e4. Valitse sormuksesi tilaisuuden tai asun mukaan ja s\u00e4\u00e4st\u00e4 aikaa sormusn\u00e4yttelyll\u00e4mme. Lasinen sis\u00e4osa on niin suuri, ett\u00e4 kaikki sormukset ovat hyvin n\u00e4kyviss\u00e4 laatikossa. Hopeanv\u00e4risill\u00e4 napsautuslukoilla Jotta voit ottaa sormuslaatikon mukaan my\u00f6s matkalle, siin\u00e4 on kaksi napsautuslukkoa. N\u00e4in laatikko pysyy hyvin suljettuna ja sormuksesi ovat hyvin suojattuja, koska laatikko ei voi avautua yll\u00e4tt\u00e4en.  Laadukas samettivuori Sormukset asetetaan samettivuorattuun lokeroon, joten ne ovat suojassa p\u00f6lylt\u00e4 ja naarmuuntumiselta lokerossa. Velttoverhoilun voi tarvittaessa puhdistaa p\u00f6lyst\u00e4 hieman kostutetulla liinalla. Tuotetiedot:  &#8211; Materiaali: PU + keskitihe\u00e4 puukuitulevy + lasi &#8211; Mitat: 35 x 4,5 x 24 cm (L x K x S) &#8211; Nettopaino: 1,1 kg &#8211; V\u00e4ri: musta Toimitus sis\u00e4lt\u00e4\u00e4: &#8211; 1 x sormuslaatikko<\/p>\n","protected":false},"excerpt":{"rendered":"<p>SONGMICS myyntiteline lahjapakkaus korurasia 100 sormukselle JDS301<\/p>\n","protected":false},"featured_media":40862,"comment_status":"open","ping_status":"closed","template":"","meta":[],"product_brand":[],"product_cat":[32],"product_tag":[],"class_list":{"0":"post-31779","1":"product","2":"type-product","3":"status-publish","4":"has-post-thumbnail","6":"product_cat-uncategorized-fi","8":"first","9":"instock","10":"shipping-taxable","11":"purchasable","12":"product-type-simple"},"_links":{"self":[{"href":"https:\/\/nordicmart.andreevmaster.com\/fi\/wp-json\/wp\/v2\/product\/31779","targetHints":{"allow":["GET"]}}],"collection":[{"href":"https:\/\/nordicmart.andreevmaster.com\/fi\/wp-json\/wp\/v2\/product"}],"about":[{"href":"https:\/\/nordicmart.andreevmaster.com\/fi\/wp-json\/wp\/v2\/types\/product"}],"replies":[{"embeddable":true,"href":"https:\/\/nordicmart.andreevmaster.com\/fi\/wp-json\/wp\/v2\/comments?post=31779"}],"wp:featuredmedia":[{"embeddable":true,"href":"https:\/\/nordicmart.andreevmaster.com\/fi\/wp-json\/wp\/v2\/media\/40862"}],"wp:attachment":[{"href":"https:\/\/nordicmart.andreevmaster.com\/fi\/wp-json\/wp\/v2\/media?parent=31779"}],"wp:term":[{"taxonomy":"product_brand","embeddable":true,"href":"https:\/\/nordicmart.andreevmaster.com\/fi\/wp-json\/wp\/v2\/product_brand?post=31779"},{"taxonomy":"product_cat","embeddable":true,"href":"https:\/\/nordicmart.andreevmaster.com\/fi\/wp-json\/wp\/v2\/product_cat?post=31779"},{"taxonomy":"product_tag","embeddable":true,"href":"https:\/\/nordicmart.andreevmaster.com\/fi\/wp-json\/wp\/v2\/product_tag?post=31779"}],"curies":[{"name":"wp","href":"https:\/\/api.w.org\/{rel}","templated":true}]}}