{"id":31776,"date":"2026-02-27T00:14:47","date_gmt":"2026-02-27T00:14:47","guid":{"rendered":"https:\/\/nordicmart.andreevmaster.com\/product\/songmics-koruteline-2-rullaa-musta\/"},"modified":"2026-02-27T09:37:11","modified_gmt":"2026-02-27T09:37:11","slug":"songmics-koruteline-2-rullaa-musta","status":"publish","type":"product","link":"https:\/\/nordicmart.andreevmaster.com\/fi\/tuote\/songmics-koruteline-2-rullaa-musta\/","title":{"rendered":"SONGMICS koruteline 2 rullaa musta"},"content":{"rendered":"<p>Kaunis, tyylik\u00e4s ja ajaton koruteline! T\u00e4m\u00e4 hieno koruteline vakuuttaa paitsi tyylikk\u00e4\u00e4ll\u00e4 muotoilullaan my\u00f6s korkealla toiminnallisuudellaan. Hieno rannekoruteline tuo j\u00e4rjestyst\u00e4 rannekorujen sekasotkuun ja antaa rannekoruille arvokkaan ja tyylikk\u00e4\u00e4n ilmeen. Pakollinen hankinta kaikille korufaneille! Materiaali: PVC-putki + PU + keskitihe\u00e4 puukuitulevy (MDF) Rullien halkaisija: 4 cm Nettopaino: 326 g V\u00e4ri: musta S\u00e4ilytys ja hoito: Aseta koruteline tuuletettuun tilaan ja v\u00e4lt\u00e4 j\u00e4tt\u00e4m\u00e4st\u00e4 telinett\u00e4 pitk\u00e4ksi aikaa auringonvaloon tai kosteaan tilaan. Sopiva l\u00e4mp\u00f6tila: 10\u201340 \u2103. Pinnan tahrat voidaan pyyhki\u00e4 pois hieman kostutetulla liinalla. K\u00e4yt\u00e4 s\u00e4\u00e4nn\u00f6llisesti erityist\u00e4 nahkahuoltotuotetta, jotta nahka s\u00e4ilytt\u00e4\u00e4 kiiltonsa pitk\u00e4\u00e4n.Suojaa koruteline varastoinnin aikana puristukselta. \u00c4l\u00e4 s\u00e4ilyt\u00e4 korutelinett\u00e4 kemikaalien kanssa. Toimitussis\u00e4lt\u00f6: 1 x koruteline (ilman koruja)<\/p>\n","protected":false},"excerpt":{"rendered":"<p>SONGMICS koruteline koruteline rannekoruteline kelloteline keinonahka musta JDS102<\/p>\n","protected":false},"featured_media":40859,"comment_status":"open","ping_status":"closed","template":"","meta":[],"product_brand":[],"product_cat":[32],"product_tag":[],"class_list":{"0":"post-31776","1":"product","2":"type-product","3":"status-publish","4":"has-post-thumbnail","6":"product_cat-uncategorized-fi","8":"first","9":"instock","10":"shipping-taxable","11":"purchasable","12":"product-type-simple"},"_links":{"self":[{"href":"https:\/\/nordicmart.andreevmaster.com\/fi\/wp-json\/wp\/v2\/product\/31776","targetHints":{"allow":["GET"]}}],"collection":[{"href":"https:\/\/nordicmart.andreevmaster.com\/fi\/wp-json\/wp\/v2\/product"}],"about":[{"href":"https:\/\/nordicmart.andreevmaster.com\/fi\/wp-json\/wp\/v2\/types\/product"}],"replies":[{"embeddable":true,"href":"https:\/\/nordicmart.andreevmaster.com\/fi\/wp-json\/wp\/v2\/comments?post=31776"}],"wp:featuredmedia":[{"embeddable":true,"href":"https:\/\/nordicmart.andreevmaster.com\/fi\/wp-json\/wp\/v2\/media\/40859"}],"wp:attachment":[{"href":"https:\/\/nordicmart.andreevmaster.com\/fi\/wp-json\/wp\/v2\/media?parent=31776"}],"wp:term":[{"taxonomy":"product_brand","embeddable":true,"href":"https:\/\/nordicmart.andreevmaster.com\/fi\/wp-json\/wp\/v2\/product_brand?post=31776"},{"taxonomy":"product_cat","embeddable":true,"href":"https:\/\/nordicmart.andreevmaster.com\/fi\/wp-json\/wp\/v2\/product_cat?post=31776"},{"taxonomy":"product_tag","embeddable":true,"href":"https:\/\/nordicmart.andreevmaster.com\/fi\/wp-json\/wp\/v2\/product_tag?post=31776"}],"curies":[{"name":"wp","href":"https:\/\/api.w.org\/{rel}","templated":true}]}}