{"id":31775,"date":"2026-02-27T00:14:47","date_gmt":"2026-02-27T00:14:47","guid":{"rendered":"https:\/\/nordicmart.andreevmaster.com\/product\/songmics-rannekorurullat-keinonahka-valkoinen\/"},"modified":"2026-02-27T09:37:11","modified_gmt":"2026-02-27T09:37:11","slug":"songmics-rannekorurullat-keinonahka-valkoinen","status":"publish","type":"product","link":"https:\/\/nordicmart.andreevmaster.com\/fi\/tuote\/songmics-rannekorurullat-keinonahka-valkoinen\/","title":{"rendered":"SONGMICS rannekorurullat keinonahka valkoinen"},"content":{"rendered":"<p>Tuotetiedot:  &#8211; Kaunis, tyylik\u00e4s ja ajaton koruteline! T\u00e4m\u00e4 tyylik\u00e4s koruteline vakuuttaa paitsi elegantilla muotoilullaan my\u00f6s korkealla toiminnallisuudellaan. Kolmen irrotettavan telan ansiosta teline sopii rannekorujen, kellojen ja kaulakorujen j\u00e4rjest\u00e4miseen, s\u00e4ilytt\u00e4miseen ja esillepanoon.  &#8211; Tyylik\u00e4s rannekoruteline tuo j\u00e4rjestyst\u00e4 rannekorujen sekamelskaan ja antaa rannekoruille arvokkaan ja tyylikk\u00e4\u00e4n ilmeen. Pakollinen hankinta kaikille korujen yst\u00e4ville! Huomautukset: &#8211; Kuljetuksen aikana voi synty\u00e4 painaumia, jotka h\u00e4vi\u00e4v\u00e4t muutaman tunnin kuluttua eiv\u00e4tk\u00e4 haittaa k\u00e4ytt\u00f6\u00e4. &#8211; Rullan ymp\u00e4rysmitta on 11,9 cm. Mittaa korujesi pituus ennen ostamista, jotta v\u00e4lt\u00e4t mahdollisen riitt\u00e4m\u00e4tt\u00f6m\u00e4n koon. Toimitus sis\u00e4lt\u00e4\u00e4: &#8211; 1 x koruteline (ilman koruja)<\/p>\n","protected":false},"excerpt":{"rendered":"<p>SONGMICS koruteline, korvakoruteline, koruteline, valkoinen JDS101<\/p>\n","protected":false},"featured_media":40858,"comment_status":"open","ping_status":"closed","template":"","meta":[],"product_brand":[],"product_cat":[32],"product_tag":[],"class_list":{"0":"post-31775","1":"product","2":"type-product","3":"status-publish","4":"has-post-thumbnail","6":"product_cat-uncategorized-fi","8":"first","9":"instock","10":"shipping-taxable","11":"purchasable","12":"product-type-simple"},"_links":{"self":[{"href":"https:\/\/nordicmart.andreevmaster.com\/fi\/wp-json\/wp\/v2\/product\/31775","targetHints":{"allow":["GET"]}}],"collection":[{"href":"https:\/\/nordicmart.andreevmaster.com\/fi\/wp-json\/wp\/v2\/product"}],"about":[{"href":"https:\/\/nordicmart.andreevmaster.com\/fi\/wp-json\/wp\/v2\/types\/product"}],"replies":[{"embeddable":true,"href":"https:\/\/nordicmart.andreevmaster.com\/fi\/wp-json\/wp\/v2\/comments?post=31775"}],"wp:featuredmedia":[{"embeddable":true,"href":"https:\/\/nordicmart.andreevmaster.com\/fi\/wp-json\/wp\/v2\/media\/40858"}],"wp:attachment":[{"href":"https:\/\/nordicmart.andreevmaster.com\/fi\/wp-json\/wp\/v2\/media?parent=31775"}],"wp:term":[{"taxonomy":"product_brand","embeddable":true,"href":"https:\/\/nordicmart.andreevmaster.com\/fi\/wp-json\/wp\/v2\/product_brand?post=31775"},{"taxonomy":"product_cat","embeddable":true,"href":"https:\/\/nordicmart.andreevmaster.com\/fi\/wp-json\/wp\/v2\/product_cat?post=31775"},{"taxonomy":"product_tag","embeddable":true,"href":"https:\/\/nordicmart.andreevmaster.com\/fi\/wp-json\/wp\/v2\/product_tag?post=31775"}],"curies":[{"name":"wp","href":"https:\/\/api.w.org\/{rel}","templated":true}]}}