{"id":31774,"date":"2026-02-27T00:14:47","date_gmt":"2026-02-27T00:14:47","guid":{"rendered":"https:\/\/nordicmart.andreevmaster.com\/product\/songmics-koruteline-karussell-valkoinen\/"},"modified":"2026-02-27T09:37:11","modified_gmt":"2026-02-27T09:37:11","slug":"songmics-koruteline-karussell-valkoinen","status":"publish","type":"product","link":"https:\/\/nordicmart.andreevmaster.com\/fi\/tuote\/songmics-koruteline-karussell-valkoinen\/","title":{"rendered":"SONGMICS koruteline &#8221;Karussell&#8221; valkoinen"},"content":{"rendered":"<p>Korvakorut ja kaulakorut lojuvat ymp\u00e4riins\u00e4? Songmics-korutelineen avulla saat kaiken siistiksi \u2013 pitk\u00e4t etsinn\u00e4t sopivien korvakorujen l\u00f6yt\u00e4miseksi kaikkien laatikoiden pohjalta ovat vihdoin ohi. Kaikki aarteet omilla paikoillaan \u2013 todellinen silm\u00e4nilo! Teline on valmistettu metallista ja n\u00e4ytt\u00e4\u00e4 elegantilta, mik\u00e4 korostaa sen romanttista luonnetta. Pinta on jauhemaalattu, sile\u00e4 ja kest\u00e4v\u00e4. Siihen voi ripustaa jopa 96 paria korvakoruja tai nappikorvakoruja. Teline k\u00e4\u00e4ntyy 360\u00b0, joten kaikkiin koruihin p\u00e4\u00e4see helposti k\u00e4siksi. Kaikki aarteesi ovat n\u00e4in optimaalisesti s\u00e4ilytettyin\u00e4 ja aina k\u00e4den ulottuvilla. Tukevan kolmijalkaisen jalustan ansiosta voit asettaa sen p\u00f6yd\u00e4lle, ja se on samalla kaatumiskest\u00e4v\u00e4. Songmics-korutelineen avulla korusi ovat kauniisti j\u00e4rjestyksess\u00e4, ja se toimii jopa huoneen koristeena. Tuotetiedot: &#8211; Materiaali: rauta &#8211; V\u00e4ri: valkoinen &#8211; Tuotteen mitat: 20 x 35 x 20 cm (L x K x S) &#8211; Kahden jalan v\u00e4linen et\u00e4isyys: 20 cm &#8211; Korkeus: 35 cm Toimitus sis\u00e4lt\u00e4\u00e4: &#8211; 1 x koruteline<\/p>\n","protected":false},"excerpt":{"rendered":"<p>SONGMICS koruteline koruteline korvakoruteline ketjuteline rannekoruteline, valkoinen JDS055<\/p>\n","protected":false},"featured_media":40857,"comment_status":"open","ping_status":"closed","template":"","meta":[],"product_brand":[],"product_cat":[32],"product_tag":[],"class_list":{"0":"post-31774","1":"product","2":"type-product","3":"status-publish","4":"has-post-thumbnail","6":"product_cat-uncategorized-fi","8":"first","9":"instock","10":"shipping-taxable","11":"purchasable","12":"product-type-simple"},"_links":{"self":[{"href":"https:\/\/nordicmart.andreevmaster.com\/fi\/wp-json\/wp\/v2\/product\/31774","targetHints":{"allow":["GET"]}}],"collection":[{"href":"https:\/\/nordicmart.andreevmaster.com\/fi\/wp-json\/wp\/v2\/product"}],"about":[{"href":"https:\/\/nordicmart.andreevmaster.com\/fi\/wp-json\/wp\/v2\/types\/product"}],"replies":[{"embeddable":true,"href":"https:\/\/nordicmart.andreevmaster.com\/fi\/wp-json\/wp\/v2\/comments?post=31774"}],"wp:featuredmedia":[{"embeddable":true,"href":"https:\/\/nordicmart.andreevmaster.com\/fi\/wp-json\/wp\/v2\/media\/40857"}],"wp:attachment":[{"href":"https:\/\/nordicmart.andreevmaster.com\/fi\/wp-json\/wp\/v2\/media?parent=31774"}],"wp:term":[{"taxonomy":"product_brand","embeddable":true,"href":"https:\/\/nordicmart.andreevmaster.com\/fi\/wp-json\/wp\/v2\/product_brand?post=31774"},{"taxonomy":"product_cat","embeddable":true,"href":"https:\/\/nordicmart.andreevmaster.com\/fi\/wp-json\/wp\/v2\/product_cat?post=31774"},{"taxonomy":"product_tag","embeddable":true,"href":"https:\/\/nordicmart.andreevmaster.com\/fi\/wp-json\/wp\/v2\/product_tag?post=31774"}],"curies":[{"name":"wp","href":"https:\/\/api.w.org\/{rel}","templated":true}]}}