{"id":31772,"date":"2026-02-27T00:14:46","date_gmt":"2026-02-27T00:14:46","guid":{"rendered":"https:\/\/nordicmart.andreevmaster.com\/product\/songmics-koruteline-toivelista-hopea\/"},"modified":"2026-02-27T09:37:10","modified_gmt":"2026-02-27T09:37:10","slug":"songmics-koruteline-toivelista-hopea","status":"publish","type":"product","link":"https:\/\/nordicmart.andreevmaster.com\/fi\/tuote\/songmics-koruteline-toivelista-hopea\/","title":{"rendered":"SONGMICS koruteline &#8221;Toivelista&#8221; hopea"},"content":{"rendered":"<p>Korvakorut ja kaulakorut lojuvat ymp\u00e4riins\u00e4? Etk\u00f6 l\u00f6yd\u00e4 koskaan tarvitsemiasi koruja? Songmics-koruteline tarjoaa sinulle ihanteellisen ratkaisun, joten sinun ei en\u00e4\u00e4 tarvitse etsi\u00e4 sopivia koruja pitk\u00e4\u00e4n! Se on tukeva teline, jonka jalusta on puun muotoinen. Teline on hyvin hitsattu ja erinomaisesti lakattu, mik\u00e4 korostaa sen romanttista luonnetta. Pinta on jauhemaalattu, joten se on kest\u00e4v\u00e4. Oksille ja lehdille voit ripustaa kaulakoruja, rannekoruja, hiusdonitseja, korvakoruja jne. koristeellisesti ja tilaa s\u00e4\u00e4st\u00e4en. Korissa on tilaa my\u00f6s sormuksille tai rintakoruille. Kaikki aarteesi ovat n\u00e4in optimaalisesti s\u00e4ilytettyin\u00e4 ja aina k\u00e4den ulottuvilla. Leve\u00e4n jalustan ansiosta teline on vakaa ja kaatumaton. Korupuu on eritt\u00e4in toimiva ja samalla visuaalisesti n\u00e4ytt\u00e4v\u00e4. Tuotetiedot: &#8211; Materiaali: rauta &#8211; Tuotteen mitat: korkeus: 44 cm, leveys: 37 cm &#8211; Jalustan mitat: 18 x 8 cm (L x S) &#8211; Nettopaino: 645 g &#8211; V\u00e4ri: valkoinen Toimitus sis\u00e4lt\u00e4\u00e4: &#8211; 1 x korupuu<\/p>\n","protected":false},"excerpt":{"rendered":"<p>SONGMICS koruteline koruteline korvakoruteline ketjuteline rannekoruteline JDS051<\/p>\n","protected":false},"featured_media":40855,"comment_status":"open","ping_status":"closed","template":"","meta":[],"product_brand":[],"product_cat":[32],"product_tag":[],"class_list":{"0":"post-31772","1":"product","2":"type-product","3":"status-publish","4":"has-post-thumbnail","6":"product_cat-uncategorized-fi","8":"first","9":"instock","10":"shipping-taxable","11":"purchasable","12":"product-type-simple"},"_links":{"self":[{"href":"https:\/\/nordicmart.andreevmaster.com\/fi\/wp-json\/wp\/v2\/product\/31772","targetHints":{"allow":["GET"]}}],"collection":[{"href":"https:\/\/nordicmart.andreevmaster.com\/fi\/wp-json\/wp\/v2\/product"}],"about":[{"href":"https:\/\/nordicmart.andreevmaster.com\/fi\/wp-json\/wp\/v2\/types\/product"}],"replies":[{"embeddable":true,"href":"https:\/\/nordicmart.andreevmaster.com\/fi\/wp-json\/wp\/v2\/comments?post=31772"}],"wp:featuredmedia":[{"embeddable":true,"href":"https:\/\/nordicmart.andreevmaster.com\/fi\/wp-json\/wp\/v2\/media\/40855"}],"wp:attachment":[{"href":"https:\/\/nordicmart.andreevmaster.com\/fi\/wp-json\/wp\/v2\/media?parent=31772"}],"wp:term":[{"taxonomy":"product_brand","embeddable":true,"href":"https:\/\/nordicmart.andreevmaster.com\/fi\/wp-json\/wp\/v2\/product_brand?post=31772"},{"taxonomy":"product_cat","embeddable":true,"href":"https:\/\/nordicmart.andreevmaster.com\/fi\/wp-json\/wp\/v2\/product_cat?post=31772"},{"taxonomy":"product_tag","embeddable":true,"href":"https:\/\/nordicmart.andreevmaster.com\/fi\/wp-json\/wp\/v2\/product_tag?post=31772"}],"curies":[{"name":"wp","href":"https:\/\/api.w.org\/{rel}","templated":true}]}}