{"id":31771,"date":"2026-02-27T00:14:46","date_gmt":"2026-02-27T00:14:46","guid":{"rendered":"https:\/\/nordicmart.andreevmaster.com\/product\/songmics-koruteline-karussell-musta\/"},"modified":"2026-02-27T09:37:10","modified_gmt":"2026-02-27T09:37:10","slug":"songmics-koruteline-karussell-musta","status":"publish","type":"product","link":"https:\/\/nordicmart.andreevmaster.com\/fi\/tuote\/songmics-koruteline-karussell-musta\/","title":{"rendered":"SONGMICS koruteline &#8221;Karussell&#8221; musta"},"content":{"rendered":"<p>Korvakorut ja kaulakorut lojuvat ymp\u00e4riins\u00e4? Etk\u00f6 l\u00f6yd\u00e4 koskaan tarvitsemiasi koruja? Songmics-koruteline tarjoaa sinulle ihanteellisen ratkaisun, joten sinun ei en\u00e4\u00e4 tarvitse etsi\u00e4 sopivia koruja pitk\u00e4\u00e4n! Teline on valmistettu metallista ja sen kuparinen v\u00e4ri korostaa sen romanttista luonnetta. Pinta on jauhemaalattu, sile\u00e4 ja kest\u00e4v\u00e4. Telineess\u00e4 on tarpeeksi tilaa ja se on riitt\u00e4v\u00e4n pitk\u00e4 my\u00f6s pidemmille korvakoruille. Teline k\u00e4\u00e4ntyy 360\u00b0, joten kaikkiin koruihin p\u00e4\u00e4see helposti k\u00e4siksi. Kaikki aarteesi ovat n\u00e4in optimaalisesti s\u00e4ilytettyin\u00e4 ja aina k\u00e4den ulottuvilla. Tukevan kolmijalkaisen jalustan ansiosta voit asettaa telineen my\u00f6s p\u00f6yd\u00e4lle, ja se on samalla kaatumiskest\u00e4v\u00e4. Songmics-korutelineen avulla korusi ovat kauniisti j\u00e4rjestyksess\u00e4, ja se toimii jopa koristeena ja katseenvangitsijana huoneessa. Tuotetiedot: &#8211; Materiaali: rauta &#8211; V\u00e4ri: musta &#8211; Tuotteen mitat: 20 x 35 x 20 cm (L x K x S) &#8211; Kahden jalan v\u00e4linen et\u00e4isyys: 20 cm &#8211; Korkeus: 35 cm Toimitus sis\u00e4lt\u00e4\u00e4: &#8211; 1 x koruteline<\/p>\n","protected":false},"excerpt":{"rendered":"<p>SONGMICS koruteline 4-tasoinen koruteline kupariv\u00e4rinen JDS012<\/p>\n","protected":false},"featured_media":40854,"comment_status":"open","ping_status":"closed","template":"","meta":[],"product_brand":[],"product_cat":[32],"product_tag":[],"class_list":{"0":"post-31771","1":"product","2":"type-product","3":"status-publish","4":"has-post-thumbnail","6":"product_cat-uncategorized-fi","8":"first","9":"instock","10":"shipping-taxable","11":"purchasable","12":"product-type-simple"},"_links":{"self":[{"href":"https:\/\/nordicmart.andreevmaster.com\/fi\/wp-json\/wp\/v2\/product\/31771","targetHints":{"allow":["GET"]}}],"collection":[{"href":"https:\/\/nordicmart.andreevmaster.com\/fi\/wp-json\/wp\/v2\/product"}],"about":[{"href":"https:\/\/nordicmart.andreevmaster.com\/fi\/wp-json\/wp\/v2\/types\/product"}],"replies":[{"embeddable":true,"href":"https:\/\/nordicmart.andreevmaster.com\/fi\/wp-json\/wp\/v2\/comments?post=31771"}],"wp:featuredmedia":[{"embeddable":true,"href":"https:\/\/nordicmart.andreevmaster.com\/fi\/wp-json\/wp\/v2\/media\/40854"}],"wp:attachment":[{"href":"https:\/\/nordicmart.andreevmaster.com\/fi\/wp-json\/wp\/v2\/media?parent=31771"}],"wp:term":[{"taxonomy":"product_brand","embeddable":true,"href":"https:\/\/nordicmart.andreevmaster.com\/fi\/wp-json\/wp\/v2\/product_brand?post=31771"},{"taxonomy":"product_cat","embeddable":true,"href":"https:\/\/nordicmart.andreevmaster.com\/fi\/wp-json\/wp\/v2\/product_cat?post=31771"},{"taxonomy":"product_tag","embeddable":true,"href":"https:\/\/nordicmart.andreevmaster.com\/fi\/wp-json\/wp\/v2\/product_tag?post=31771"}],"curies":[{"name":"wp","href":"https:\/\/api.w.org\/{rel}","templated":true}]}}