{"id":31769,"date":"2026-02-27T00:14:46","date_gmt":"2026-02-27T00:14:46","guid":{"rendered":"https:\/\/nordicmart.andreevmaster.com\/product\/songmics-rannekoruteline-sametti-musta\/"},"modified":"2026-02-27T09:37:10","modified_gmt":"2026-02-27T09:37:10","slug":"songmics-rannekoruteline-sametti-musta","status":"publish","type":"product","link":"https:\/\/nordicmart.andreevmaster.com\/fi\/tuote\/songmics-rannekoruteline-sametti-musta\/","title":{"rendered":"SONGMICS rannekoruteline, sametti, musta"},"content":{"rendered":"<p>Tuotetiedot:  &#8211; Kaunis, tyylik\u00e4s ja ajaton koruteline! T\u00e4m\u00e4 tyylik\u00e4s koruteline vakuuttaa paitsi elegantilla muotoilullaan my\u00f6s erinomaisella toiminnallisuudellaan. Kolmen irrotettavan telan ansiosta teline sopii rannekorujen, kellojen ja kaulakorujen j\u00e4rjest\u00e4miseen, s\u00e4ilytt\u00e4miseen ja esillepanoon.  &#8211; Tyylik\u00e4s rannekoruteline tuo j\u00e4rjestyst\u00e4 rannekorujen sekamelskaan ja antaa rannekoruille arvokkaan ja tyylikk\u00e4\u00e4n ilmeen. Pakollinen hankinta kaikille korujen yst\u00e4ville! Huomautukset :   &#8211; Kuljetuksen aikana voi synty\u00e4 painaumia, jotka h\u00e4vi\u00e4v\u00e4t muutaman tunnin kuluttua eiv\u00e4tk\u00e4 haittaa k\u00e4ytt\u00f6\u00e4.  &#8211; Rullan ymp\u00e4rysmitta on 11,9 cm. Mittaa korujesi pituus ennen ostamista, jotta v\u00e4lt\u00e4t mahdollisen riitt\u00e4m\u00e4tt\u00f6m\u00e4n koon. S\u00e4ilytys ja hoito:  &#8211; Aseta koruteline tuuletettuun tilaan ja v\u00e4lt\u00e4 j\u00e4tt\u00e4m\u00e4st\u00e4 telinett\u00e4 pitk\u00e4ksi aikaa auringonvaloon tai kosteaan tilaan. Sopiva l\u00e4mp\u00f6tila: 10\u201340 \u2103.  &#8211; Pinnan tahrat voidaan pyyhki\u00e4 pois hieman kostutetulla liinalla.  &#8211; K\u00e4yt\u00e4 s\u00e4\u00e4nn\u00f6llisesti erityist\u00e4 nahkahuoltotuotetta, jotta nahka s\u00e4ilytt\u00e4\u00e4 kiiltonsa pitk\u00e4\u00e4n.  &#8211; Suojaa koruteline varastoinnin aikana puristukselta.  &#8211; \u00c4l\u00e4 s\u00e4ilyt\u00e4 korutelinett\u00e4 kemikaalien kanssa.  Toimitus sis\u00e4lt\u00e4\u00e4:  &#8211; 1 x koruteline (ilman koruja)<\/p>\n","protected":false},"excerpt":{"rendered":"<p>SONGMICS koruteline, rannekorurullat, rannekoruteline, korujen s\u00e4ilytysj\u00e4rjestelm\u00e4 rannekoruille ja kelloille, sametti, musta JDS008<\/p>\n","protected":false},"featured_media":40852,"comment_status":"open","ping_status":"closed","template":"","meta":[],"product_brand":[],"product_cat":[32],"product_tag":[],"class_list":{"0":"post-31769","1":"product","2":"type-product","3":"status-publish","4":"has-post-thumbnail","6":"product_cat-uncategorized-fi","8":"first","9":"instock","10":"shipping-taxable","11":"purchasable","12":"product-type-simple"},"_links":{"self":[{"href":"https:\/\/nordicmart.andreevmaster.com\/fi\/wp-json\/wp\/v2\/product\/31769","targetHints":{"allow":["GET"]}}],"collection":[{"href":"https:\/\/nordicmart.andreevmaster.com\/fi\/wp-json\/wp\/v2\/product"}],"about":[{"href":"https:\/\/nordicmart.andreevmaster.com\/fi\/wp-json\/wp\/v2\/types\/product"}],"replies":[{"embeddable":true,"href":"https:\/\/nordicmart.andreevmaster.com\/fi\/wp-json\/wp\/v2\/comments?post=31769"}],"wp:featuredmedia":[{"embeddable":true,"href":"https:\/\/nordicmart.andreevmaster.com\/fi\/wp-json\/wp\/v2\/media\/40852"}],"wp:attachment":[{"href":"https:\/\/nordicmart.andreevmaster.com\/fi\/wp-json\/wp\/v2\/media?parent=31769"}],"wp:term":[{"taxonomy":"product_brand","embeddable":true,"href":"https:\/\/nordicmart.andreevmaster.com\/fi\/wp-json\/wp\/v2\/product_brand?post=31769"},{"taxonomy":"product_cat","embeddable":true,"href":"https:\/\/nordicmart.andreevmaster.com\/fi\/wp-json\/wp\/v2\/product_cat?post=31769"},{"taxonomy":"product_tag","embeddable":true,"href":"https:\/\/nordicmart.andreevmaster.com\/fi\/wp-json\/wp\/v2\/product_tag?post=31769"}],"curies":[{"name":"wp","href":"https:\/\/api.w.org\/{rel}","templated":true}]}}