{"id":31768,"date":"2026-02-27T00:14:46","date_gmt":"2026-02-27T00:14:46","guid":{"rendered":"https:\/\/nordicmart.andreevmaster.com\/product\/songmics-koruteline-korvakoruille-ja-kaulakoruille-musta\/"},"modified":"2026-02-27T09:37:10","modified_gmt":"2026-02-27T09:37:10","slug":"songmics-koruteline-korvakoruille-ja-kaulakoruille-musta","status":"publish","type":"product","link":"https:\/\/nordicmart.andreevmaster.com\/fi\/tuote\/songmics-koruteline-korvakoruille-ja-kaulakoruille-musta\/","title":{"rendered":"SONGMICS koruteline korvakoruille ja kaulakoruille, musta"},"content":{"rendered":"<p>Korvakorut ja kaulakorut lojuvat ymp\u00e4riins\u00e4? Eik\u00f6 oikeita koruja l\u00f6ydy koskaan, kun niit\u00e4 tarvitaan? Songmics-koruteline on ihanteellinen ratkaisu t\u00e4llaisiin ongelmiin. Se on valmistettu tukevasta raudasta, ja sen pinta on jauhemaalattu, joten se on sile\u00e4 ja suojaa alla olevaa metallia kest\u00e4v\u00e4sti. Siihen voi ripustaa jopa 18 paria korvakoruja ja 10 kaulakorua. Sormuksillesi on my\u00f6s oma paikkansa. Lis\u00e4ksi voit asettaa telineen p\u00f6yd\u00e4lle tai ripustaa sein\u00e4lle. Songmics-korutelineen avulla korusi ovat kauniisti j\u00e4rjestyksess\u00e4, ja se toimii my\u00f6s sisustuksena. Tuotetiedot: &#8211; Materiaali: rauta &#8211; V\u00e4ri: musta &#8211; Mitat: 31,5 x 33 cm (L x K) &#8211; Jalan mitat: 11 x 1,8 cm &#8211; Kahden reik\u00e4rivin v\u00e4linen et\u00e4isyys: 5,5 cm &#8211; Kahden rei\u00e4n\/koukun v\u00e4linen vaakasuora et\u00e4isyys: 1 cm &#8211; Koukun ja alareunan v\u00e4linen et\u00e4isyys: 24,5 cm &#8211; Koukun pituus: 3 cm  Toimitus sis\u00e4lt\u00e4\u00e4: &#8211; 1x korukotelo<\/p>\n","protected":false},"excerpt":{"rendered":"<p>SONGMICS koruteline koruteline korvakoruteline ketjuteline rannekoruteline musta JDS005B<\/p>\n","protected":false},"featured_media":40851,"comment_status":"open","ping_status":"closed","template":"","meta":[],"product_brand":[],"product_cat":[32],"product_tag":[],"class_list":{"0":"post-31768","1":"product","2":"type-product","3":"status-publish","4":"has-post-thumbnail","6":"product_cat-uncategorized-fi","8":"first","9":"instock","10":"shipping-taxable","11":"purchasable","12":"product-type-simple"},"_links":{"self":[{"href":"https:\/\/nordicmart.andreevmaster.com\/fi\/wp-json\/wp\/v2\/product\/31768","targetHints":{"allow":["GET"]}}],"collection":[{"href":"https:\/\/nordicmart.andreevmaster.com\/fi\/wp-json\/wp\/v2\/product"}],"about":[{"href":"https:\/\/nordicmart.andreevmaster.com\/fi\/wp-json\/wp\/v2\/types\/product"}],"replies":[{"embeddable":true,"href":"https:\/\/nordicmart.andreevmaster.com\/fi\/wp-json\/wp\/v2\/comments?post=31768"}],"wp:featuredmedia":[{"embeddable":true,"href":"https:\/\/nordicmart.andreevmaster.com\/fi\/wp-json\/wp\/v2\/media\/40851"}],"wp:attachment":[{"href":"https:\/\/nordicmart.andreevmaster.com\/fi\/wp-json\/wp\/v2\/media?parent=31768"}],"wp:term":[{"taxonomy":"product_brand","embeddable":true,"href":"https:\/\/nordicmart.andreevmaster.com\/fi\/wp-json\/wp\/v2\/product_brand?post=31768"},{"taxonomy":"product_cat","embeddable":true,"href":"https:\/\/nordicmart.andreevmaster.com\/fi\/wp-json\/wp\/v2\/product_cat?post=31768"},{"taxonomy":"product_tag","embeddable":true,"href":"https:\/\/nordicmart.andreevmaster.com\/fi\/wp-json\/wp\/v2\/product_tag?post=31768"}],"curies":[{"name":"wp","href":"https:\/\/api.w.org\/{rel}","templated":true}]}}