{"id":31766,"date":"2026-02-27T00:14:45","date_gmt":"2026-02-27T00:14:45","guid":{"rendered":"https:\/\/nordicmart.andreevmaster.com\/product\/songmics-korukotelo-seisomapeili-peilikaappi\/"},"modified":"2026-02-27T09:37:09","modified_gmt":"2026-02-27T09:37:09","slug":"songmics-korukotelo-seisomapeili-peilikaappi","status":"publish","type":"product","link":"https:\/\/nordicmart.andreevmaster.com\/fi\/tuote\/songmics-korukotelo-seisomapeili-peilikaappi\/","title":{"rendered":"SONGMICS korukotelo, seisomapeili, peilikaappi"},"content":{"rendered":"<p>Jos etsit peilip\u00f6yt\u00e4\u00e4, jossa on s\u00e4ilytystilaa, 360\u00b0 k\u00e4\u00e4ntyv\u00e4 SONGMICS peili- ja korukaappi on hyv\u00e4 valinta. Kaapissa on runsaasti tilaa, ja takana oleva tikkaat-hylly hy\u00f6dynt\u00e4\u00e4 tilan optimaalisesti. Vihdoin kaikki voidaan j\u00e4rjest\u00e4\u00e4 siististi ilman, ett\u00e4 se menee sekaisin. Halutut korut on helppo l\u00f6yt\u00e4\u00e4, kun katsot peiliin pukeutuessasi. SONGMICS-peili- ja korukaapista on iloa vuosiksi. Huomautukset: &#8211; Peili on s\u00e4rkyv\u00e4\u00e4, joten k\u00e4sittele sit\u00e4 varovasti, jotta se ei rikkoudu. &#8211; V\u00e4lt\u00e4 vet\u00e4m\u00e4st\u00e4 korukaapista, jotta se ei kaadu. Tuotetiedot: Nettopaino: 19,56 kg Materiaali: MDF-levy Mitat: 54 x 161 x 54 cm (L x K x S) Pienen neli\u00f6n muotoisen hyllyn mitat: 34 x 3 x 13 cm (L x K x S) Suuren neli\u00f6n muotoisen hyllyn mitat: 35,5 x 3 x 19,5 cm (L x K x S)Ulkopuolisen peilin mitat: 26 x 144 cm (L x K)Sis\u00e4peilin mitat: 34,5 x 23 cm (L x K) Toimitussis\u00e4lt\u00f6:- 1 x korukaappi &#8211; 1 x k\u00e4\u00e4ntyv\u00e4 teline- 1 x metalliosapussi- 2 x avain- 1 x ohjeet (DE, EN, FR, IT, ES)<\/p>\n","protected":false},"excerpt":{"rendered":"<p>Korukotelo, seisomapeili, peilikaappi, koko vartalon peili, 360\u00b0 k\u00e4\u00e4ntyv\u00e4, lukittava, avaimilla, valkoinen, harmaa puuviilu<\/p>\n","protected":false},"featured_media":40849,"comment_status":"open","ping_status":"closed","template":"","meta":[],"product_brand":[],"product_cat":[32],"product_tag":[],"class_list":{"0":"post-31766","1":"product","2":"type-product","3":"status-publish","4":"has-post-thumbnail","6":"product_cat-uncategorized-fi","8":"first","9":"instock","10":"shipping-taxable","11":"purchasable","12":"product-type-simple"},"_links":{"self":[{"href":"https:\/\/nordicmart.andreevmaster.com\/fi\/wp-json\/wp\/v2\/product\/31766","targetHints":{"allow":["GET"]}}],"collection":[{"href":"https:\/\/nordicmart.andreevmaster.com\/fi\/wp-json\/wp\/v2\/product"}],"about":[{"href":"https:\/\/nordicmart.andreevmaster.com\/fi\/wp-json\/wp\/v2\/types\/product"}],"replies":[{"embeddable":true,"href":"https:\/\/nordicmart.andreevmaster.com\/fi\/wp-json\/wp\/v2\/comments?post=31766"}],"wp:featuredmedia":[{"embeddable":true,"href":"https:\/\/nordicmart.andreevmaster.com\/fi\/wp-json\/wp\/v2\/media\/40849"}],"wp:attachment":[{"href":"https:\/\/nordicmart.andreevmaster.com\/fi\/wp-json\/wp\/v2\/media?parent=31766"}],"wp:term":[{"taxonomy":"product_brand","embeddable":true,"href":"https:\/\/nordicmart.andreevmaster.com\/fi\/wp-json\/wp\/v2\/product_brand?post=31766"},{"taxonomy":"product_cat","embeddable":true,"href":"https:\/\/nordicmart.andreevmaster.com\/fi\/wp-json\/wp\/v2\/product_cat?post=31766"},{"taxonomy":"product_tag","embeddable":true,"href":"https:\/\/nordicmart.andreevmaster.com\/fi\/wp-json\/wp\/v2\/product_tag?post=31766"}],"curies":[{"name":"wp","href":"https:\/\/api.w.org\/{rel}","templated":true}]}}