{"id":31759,"date":"2026-02-27T00:14:44","date_gmt":"2026-02-27T00:14:44","guid":{"rendered":"https:\/\/nordicmart.andreevmaster.com\/product\/songmics-home-korulaatikko-peililla-korujen-sailytys-3-tasoa-korulaatikko-2-laatikkoa\/"},"modified":"2026-02-27T09:37:08","modified_gmt":"2026-02-27T09:37:08","slug":"songmics-home-korulaatikko-peililla-korujen-sailytys-3-tasoa-korulaatikko-2-laatikkoa","status":"publish","type":"product","link":"https:\/\/nordicmart.andreevmaster.com\/fi\/tuote\/songmics-home-korulaatikko-peililla-korujen-sailytys-3-tasoa-korulaatikko-2-laatikkoa\/","title":{"rendered":"SONGMICS HOME korulaatikko peilill\u00e4, korujen s\u00e4ilytys 3 tasoa, korulaatikko 2 laatikkoa"},"content":{"rendered":"<p>Korurasia peilill\u00e4, korujen s\u00e4ilytys 3 tasoa, korurasia 2 laatikkoa, PU ompeleilla, leijuvuusvaikutus, lahjaidea, pilvinen valkoinen<br \/>\nTuotetiedot:<br \/>\n&#8211; V\u00e4ri: pilvinen valkoinen<br \/>\n&#8211; Materiaali: PU-keinonahka (polyuretaani), MDF (keskitihe\u00e4 kuitulevy), sametti, metalli, lasi<br \/>\n&#8211; Koko: 21,5 x 24 x 15,8 cm (S x L x K)<br \/>\n&#8211; Paino: 2 kg<\/p>\n<p>Toimitus sis\u00e4lt\u00e4\u00e4<br \/>\n&#8211; 1 x korurasia<br \/>\nHuomautukset:<br \/>\n&#8211; Kuivaa mahdollinen kosteus keinonahkapinnalta v\u00e4litt\u00f6m\u00e4sti.<br \/>\n&#8211; T\u00e4m\u00e4 korurasia ei est\u00e4 hopeaesineiden tummumista.<br \/>\n&#8211; Laatikko saattaa tuoksua hieman avattaessa. Siin\u00e4 tapauksessa aseta se muutamaksi tunniksi hyvin tuuletettuun paikkaan.<br \/>\n&#8211; Jos pinta tai peili p\u00f6lyttyy, pyyhi se pehme\u00e4ll\u00e4 liinalla.<br \/>\n&#8211; Pid\u00e4 laatikko poissa ter\u00e4vien ja kovien esineiden l\u00e4heisyydest\u00e4 naarmuuntumisen v\u00e4ltt\u00e4miseksi.<\/p>\n","protected":false},"excerpt":{"rendered":"<p>Korurasia peilill\u00e4, korujen s\u00e4ilytys 3 tasoa, korurasia 2 laatikkoa, PU ompeleilla, leijuvuusvaikutus, lahjaidea, pilvinen valkoinen<\/p>\n","protected":false},"featured_media":40842,"comment_status":"open","ping_status":"closed","template":"","meta":[],"product_brand":[],"product_cat":[32],"product_tag":[],"class_list":{"0":"post-31759","1":"product","2":"type-product","3":"status-publish","4":"has-post-thumbnail","6":"product_cat-uncategorized-fi","8":"first","9":"instock","10":"shipping-taxable","11":"purchasable","12":"product-type-simple"},"_links":{"self":[{"href":"https:\/\/nordicmart.andreevmaster.com\/fi\/wp-json\/wp\/v2\/product\/31759","targetHints":{"allow":["GET"]}}],"collection":[{"href":"https:\/\/nordicmart.andreevmaster.com\/fi\/wp-json\/wp\/v2\/product"}],"about":[{"href":"https:\/\/nordicmart.andreevmaster.com\/fi\/wp-json\/wp\/v2\/types\/product"}],"replies":[{"embeddable":true,"href":"https:\/\/nordicmart.andreevmaster.com\/fi\/wp-json\/wp\/v2\/comments?post=31759"}],"wp:featuredmedia":[{"embeddable":true,"href":"https:\/\/nordicmart.andreevmaster.com\/fi\/wp-json\/wp\/v2\/media\/40842"}],"wp:attachment":[{"href":"https:\/\/nordicmart.andreevmaster.com\/fi\/wp-json\/wp\/v2\/media?parent=31759"}],"wp:term":[{"taxonomy":"product_brand","embeddable":true,"href":"https:\/\/nordicmart.andreevmaster.com\/fi\/wp-json\/wp\/v2\/product_brand?post=31759"},{"taxonomy":"product_cat","embeddable":true,"href":"https:\/\/nordicmart.andreevmaster.com\/fi\/wp-json\/wp\/v2\/product_cat?post=31759"},{"taxonomy":"product_tag","embeddable":true,"href":"https:\/\/nordicmart.andreevmaster.com\/fi\/wp-json\/wp\/v2\/product_tag?post=31759"}],"curies":[{"name":"wp","href":"https:\/\/api.w.org\/{rel}","templated":true}]}}