{"id":31758,"date":"2026-02-27T00:14:43","date_gmt":"2026-02-27T00:14:43","guid":{"rendered":"https:\/\/nordicmart.andreevmaster.com\/product\/songmics-korurasia-korulaatikko-4-tasoa-korulaatikko-lasikannella\/"},"modified":"2026-02-27T09:37:08","modified_gmt":"2026-02-27T09:37:08","slug":"songmics-korurasia-korulaatikko-4-tasoa-korulaatikko-lasikannella","status":"publish","type":"product","link":"https:\/\/nordicmart.andreevmaster.com\/fi\/tuote\/songmics-korurasia-korulaatikko-4-tasoa-korulaatikko-lasikannella\/","title":{"rendered":"SONGMICS korurasia, korulaatikko 4 tasoa, korulaatikko lasikannella"},"content":{"rendered":"<p>Korurasia, korulaatikko 3 tasoa, korurasia lasikannella, 2 laatikkoa, korujen s\u00e4ilytys, moderni, pilvinen valkoinen-kulta<br \/>\nTuotetiedot:<br \/>\n&#8211; V\u00e4ri: pilvinen valkoinen-kulta<br \/>\n&#8211; Materiaali: MDF (keskitihe\u00e4 kuitulevy), PU (polyuretaani), sametti, lasi<br \/>\n&#8211; Koko: 20,3 x 23,1 x 16,5 cm (S x L x K)<br \/>\n&#8211; Paino: 1,7 kg<\/p>\n<p>Toimitus sis\u00e4lt\u00e4\u00e4<br \/>\n&#8211; 1 x korurasia<\/p>\n<p>Huomautukset:<br \/>\n&#8211; Suojaa tuote kosteudelta.<br \/>\n&#8211; Jos tuotteen pinnalla on p\u00f6ly\u00e4 k\u00e4yt\u00f6n j\u00e4lkeen, pyyhi pinta pehme\u00e4ll\u00e4 liinalla.<\/p>\n","protected":false},"excerpt":{"rendered":"<p>Korurasia, korulaatikko 3 tasoa, korurasia lasikannella, 2 laatikkoa, korujen s\u00e4ilytys, moderni, pilvinen valkoinen-kulta<\/p>\n","protected":false},"featured_media":40841,"comment_status":"open","ping_status":"closed","template":"","meta":[],"product_brand":[],"product_cat":[32],"product_tag":[],"class_list":{"0":"post-31758","1":"product","2":"type-product","3":"status-publish","4":"has-post-thumbnail","6":"product_cat-uncategorized-fi","8":"first","9":"instock","10":"shipping-taxable","11":"purchasable","12":"product-type-simple"},"_links":{"self":[{"href":"https:\/\/nordicmart.andreevmaster.com\/fi\/wp-json\/wp\/v2\/product\/31758","targetHints":{"allow":["GET"]}}],"collection":[{"href":"https:\/\/nordicmart.andreevmaster.com\/fi\/wp-json\/wp\/v2\/product"}],"about":[{"href":"https:\/\/nordicmart.andreevmaster.com\/fi\/wp-json\/wp\/v2\/types\/product"}],"replies":[{"embeddable":true,"href":"https:\/\/nordicmart.andreevmaster.com\/fi\/wp-json\/wp\/v2\/comments?post=31758"}],"wp:featuredmedia":[{"embeddable":true,"href":"https:\/\/nordicmart.andreevmaster.com\/fi\/wp-json\/wp\/v2\/media\/40841"}],"wp:attachment":[{"href":"https:\/\/nordicmart.andreevmaster.com\/fi\/wp-json\/wp\/v2\/media?parent=31758"}],"wp:term":[{"taxonomy":"product_brand","embeddable":true,"href":"https:\/\/nordicmart.andreevmaster.com\/fi\/wp-json\/wp\/v2\/product_brand?post=31758"},{"taxonomy":"product_cat","embeddable":true,"href":"https:\/\/nordicmart.andreevmaster.com\/fi\/wp-json\/wp\/v2\/product_cat?post=31758"},{"taxonomy":"product_tag","embeddable":true,"href":"https:\/\/nordicmart.andreevmaster.com\/fi\/wp-json\/wp\/v2\/product_tag?post=31758"}],"curies":[{"name":"wp","href":"https:\/\/api.w.org\/{rel}","templated":true}]}}