{"id":31755,"date":"2026-02-27T00:14:43","date_gmt":"2026-02-27T00:14:43","guid":{"rendered":"https:\/\/nordicmart.andreevmaster.com\/product\/songmics-korurasia-2-tasoa-korurasia-kahvalla-joustava-koruteline\/"},"modified":"2026-02-27T09:37:08","modified_gmt":"2026-02-27T09:37:08","slug":"songmics-korurasia-2-tasoa-korurasia-kahvalla-joustava-koruteline","status":"publish","type":"product","link":"https:\/\/nordicmart.andreevmaster.com\/fi\/tuote\/songmics-korurasia-2-tasoa-korurasia-kahvalla-joustava-koruteline\/","title":{"rendered":"SONGMICS korurasia 2 tasoa, korurasia kahvalla, joustava koruteline"},"content":{"rendered":"<p>Korukotelo 2 tasoa, korukotelo kahvalla, joustava koruteline, korulaatikko, leijuva vaikutelma, 20,5 x 24 x 11 cm, valkoinen JBC165W01<br \/>\nTuotetiedot:<br \/>\n&#8211; V\u00e4ri: valkoinen<br \/>\n&#8211; Materiaali: MDF (keskitihe\u00e4 kuitulevy), paperi, sametti<br \/>\n&#8211; Koko: 20,5 x 24 x 11 cm (S x L x K)<br \/>\n&#8211; Paino: 1,2 kg<\/p>\n<p>Toimitus sis\u00e4lt\u00e4\u00e4<br \/>\n&#8211; 1 x korurasia<\/p>\n<p>Huomautukset:<br \/>\n&#8211; \u00c4l\u00e4 altista t\u00e4t\u00e4 korurasiaa suoralle auringonvalolle tai k\u00e4yt\u00e4 sit\u00e4 kosteassa ymp\u00e4rist\u00f6ss\u00e4.<br \/>\n&#8211; Varo naarmuttamasta korurasian pintaa ter\u00e4vill\u00e4 esineill\u00e4.<br \/>\n&#8211; Suosittelemme tarkistamaan korurasian tarkat mitat varmistaaksesi, ett\u00e4 se sopii.<br \/>\n&#8211; Pyyhi korulaatikko kevyesti puhtaaksi. \u00c4l\u00e4 k\u00e4yt\u00e4 liian m\u00e4rk\u00e4\u00e4 liinaa.<\/p>\n","protected":false},"excerpt":{"rendered":"<p>Korukotelo 2 tasoa, korukotelo kahvalla, joustava koruteline, korulaatikko, leijuva vaikutelma, 20,5 x 24 x 11 cm, valkoinen JBC165W01<\/p>\n","protected":false},"featured_media":40838,"comment_status":"open","ping_status":"closed","template":"","meta":[],"product_brand":[],"product_cat":[32],"product_tag":[],"class_list":{"0":"post-31755","1":"product","2":"type-product","3":"status-publish","4":"has-post-thumbnail","6":"product_cat-uncategorized-fi","8":"first","9":"instock","10":"shipping-taxable","11":"purchasable","12":"product-type-simple"},"_links":{"self":[{"href":"https:\/\/nordicmart.andreevmaster.com\/fi\/wp-json\/wp\/v2\/product\/31755","targetHints":{"allow":["GET"]}}],"collection":[{"href":"https:\/\/nordicmart.andreevmaster.com\/fi\/wp-json\/wp\/v2\/product"}],"about":[{"href":"https:\/\/nordicmart.andreevmaster.com\/fi\/wp-json\/wp\/v2\/types\/product"}],"replies":[{"embeddable":true,"href":"https:\/\/nordicmart.andreevmaster.com\/fi\/wp-json\/wp\/v2\/comments?post=31755"}],"wp:featuredmedia":[{"embeddable":true,"href":"https:\/\/nordicmart.andreevmaster.com\/fi\/wp-json\/wp\/v2\/media\/40838"}],"wp:attachment":[{"href":"https:\/\/nordicmart.andreevmaster.com\/fi\/wp-json\/wp\/v2\/media?parent=31755"}],"wp:term":[{"taxonomy":"product_brand","embeddable":true,"href":"https:\/\/nordicmart.andreevmaster.com\/fi\/wp-json\/wp\/v2\/product_brand?post=31755"},{"taxonomy":"product_cat","embeddable":true,"href":"https:\/\/nordicmart.andreevmaster.com\/fi\/wp-json\/wp\/v2\/product_cat?post=31755"},{"taxonomy":"product_tag","embeddable":true,"href":"https:\/\/nordicmart.andreevmaster.com\/fi\/wp-json\/wp\/v2\/product_tag?post=31755"}],"curies":[{"name":"wp","href":"https:\/\/api.w.org\/{rel}","templated":true}]}}