{"id":31742,"date":"2026-02-27T00:14:40","date_gmt":"2026-02-27T00:14:40","guid":{"rendered":"https:\/\/nordicmart.andreevmaster.com\/product\/songmics-upea-korukaappi-led-valaistuksella\/"},"modified":"2026-02-27T09:37:06","modified_gmt":"2026-02-27T09:37:06","slug":"songmics-upea-korukaappi-led-valaistuksella","status":"publish","type":"product","link":"https:\/\/nordicmart.andreevmaster.com\/fi\/tuote\/songmics-upea-korukaappi-led-valaistuksella\/","title":{"rendered":"SONGMICS Upea korukaappi LED-valaistuksella"},"content":{"rendered":"<p>Huomautukset: Peili on s\u00e4rkyv\u00e4\u00e4, k\u00e4sittele sit\u00e4 varovasti ja suojaa kaappia kaatumasta, jotta peili ei rikkoudu. Jos et aio k\u00e4ytt\u00e4\u00e4 LED-valoa pitk\u00e4\u00e4n aikaan, poista paristot.K\u00e4yt\u00e4nn\u00f6llisen magneettilukon ja piilotetun kahvan ansiosta oven avaaminen ja sulkeminen on helppoa. Hell\u00e4varainen lukko tarjoaa optimaalisen suojan s\u00e4ilytystavaroillesi. SONGMICS asettaa korkeat vaatimukset pakkauksille. Korukotelo on eritt\u00e4in hyvin suojattu, jotta kuljetuksen aikana ei voi tapahtua mit\u00e4\u00e4n. Tuotetiedot: V\u00e4ri: valkoinen Mitat pystyasennossa: 41 x 151 x 36,5 cm (L x K x S) Kaapin rungon mitat: 37 x 110 x 9 cm (L x K x S) Materiaali: ymp\u00e4rist\u00f6yst\u00e4v\u00e4llinen MDF (keskitihe\u00e4 puukuitulevy) Toimitus sis\u00e4lt\u00e4\u00e4: 1 x peili- ja korukaappi 2 x avain 1 x ohjeet (saksa, englanti, ranska, italia, espanja) 1 x metalliosien pussi<\/p>\n","protected":false},"excerpt":{"rendered":"<p>SONGMICS Korukaappi LED-valaistuksella, lukittava kaappi peilill\u00e4, seisomapeili, 5 hylly\u00e4 ja 2 pient\u00e4 laatikkoa, valkoinen JBC94W<\/p>\n","protected":false},"featured_media":40826,"comment_status":"open","ping_status":"closed","template":"","meta":[],"product_brand":[],"product_cat":[32],"product_tag":[],"class_list":{"0":"post-31742","1":"product","2":"type-product","3":"status-publish","4":"has-post-thumbnail","6":"product_cat-uncategorized-fi","8":"first","9":"instock","10":"shipping-taxable","11":"purchasable","12":"product-type-simple"},"_links":{"self":[{"href":"https:\/\/nordicmart.andreevmaster.com\/fi\/wp-json\/wp\/v2\/product\/31742","targetHints":{"allow":["GET"]}}],"collection":[{"href":"https:\/\/nordicmart.andreevmaster.com\/fi\/wp-json\/wp\/v2\/product"}],"about":[{"href":"https:\/\/nordicmart.andreevmaster.com\/fi\/wp-json\/wp\/v2\/types\/product"}],"replies":[{"embeddable":true,"href":"https:\/\/nordicmart.andreevmaster.com\/fi\/wp-json\/wp\/v2\/comments?post=31742"}],"wp:featuredmedia":[{"embeddable":true,"href":"https:\/\/nordicmart.andreevmaster.com\/fi\/wp-json\/wp\/v2\/media\/40826"}],"wp:attachment":[{"href":"https:\/\/nordicmart.andreevmaster.com\/fi\/wp-json\/wp\/v2\/media?parent=31742"}],"wp:term":[{"taxonomy":"product_brand","embeddable":true,"href":"https:\/\/nordicmart.andreevmaster.com\/fi\/wp-json\/wp\/v2\/product_brand?post=31742"},{"taxonomy":"product_cat","embeddable":true,"href":"https:\/\/nordicmart.andreevmaster.com\/fi\/wp-json\/wp\/v2\/product_cat?post=31742"},{"taxonomy":"product_tag","embeddable":true,"href":"https:\/\/nordicmart.andreevmaster.com\/fi\/wp-json\/wp\/v2\/product_tag?post=31742"}],"curies":[{"name":"wp","href":"https:\/\/api.w.org\/{rel}","templated":true}]}}