{"id":31741,"date":"2026-02-27T00:14:40","date_gmt":"2026-02-27T00:14:40","guid":{"rendered":"https:\/\/nordicmart.andreevmaster.com\/product\/songmics-tyylikas-korukaappi-ripustettava\/"},"modified":"2026-02-27T09:37:05","modified_gmt":"2026-02-27T09:37:05","slug":"songmics-tyylikas-korukaappi-ripustettava","status":"publish","type":"product","link":"https:\/\/nordicmart.andreevmaster.com\/fi\/tuote\/songmics-tyylikas-korukaappi-ripustettava\/","title":{"rendered":"SONGMICS Tyylik\u00e4s korukaappi, ripustettava"},"content":{"rendered":"<p>Kun katsot v\u00e4rikk\u00e4iden korujen kasaa, joka peitt\u00e4\u00e4 meikkip\u00f6yt\u00e4si, mit\u00e4 haluaisit tehd\u00e4? \u00c4l\u00e4 heit\u00e4 niit\u00e4 l\u00e4himp\u00e4\u00e4n laatikkoon, vaan k\u00e4yt\u00e4 t\u00e4t\u00e4 SONGMICS-korukoteloa! Korujen s\u00e4ilytys kuin ammattilainen S\u00e4ilyt\u00e4 korvakorut korvakorutelineiss\u00e4, ketjut koukkuissa ja rannekorut rannekorutangossa. Mutta ent\u00e4 vapaat lokerot? T\u00e4yt\u00e4 ne esimerkiksi korujen hoitotuotteilla, hajuvesill\u00e4 tai muilla pienill\u00e4 esineill\u00e4. T\u00e4m\u00e4n korukaapin tilavan ja fiksun rakenteen ansiosta voit j\u00e4rjest\u00e4\u00e4 korusi kuin ammattilainen. Esteet\u00f6n kauneudenhoito Kun korusi ovat nyt siististi paikoillaan, sinun ei tarvitse en\u00e4\u00e4 etsi\u00e4 kadonneita korvakoruja tai selvitt\u00e4\u00e4 takkuisia ketjuja aamuisin. Valitse vain sopivat korut t\u00e4st\u00e4 all-in-one-korukaapista ja tarkista asusi suuresta peilist\u00e4 ennen kuin l\u00e4hdet kotoa. T\u00e4st\u00e4 l\u00e4htien jokainen aamu on ihana! Tuotetiedot: &#8211; V\u00e4ri: valkoinen &#8211; Materiaali: MDF (keskitihe\u00e4 kuitulevy), sametti, lasi &#8211; Kokonaiskoko: 37 x 10 x 120 cm (P x L x K) &#8211; Peilin koko: 27,3 x 110 cm &#8211; Paino: 10 kg Toimitus sis\u00e4lt\u00e4\u00e4:- 1 x ripustettava korukaappi &#8211; 2 x sein\u00e4koukku kaapin ripustamista varten &#8211; 1 x lis\u00e4varustepaketti &#8211; 1 x ohjeet (DE, EN, FR, ES, IT) SONGMICS-huomautukset: &#8211; Poista paristot, jos et aio k\u00e4ytt\u00e4\u00e4 LED-valoa pitk\u00e4\u00e4n aikaan.- Muodonmuutosten v\u00e4ltt\u00e4miseksi t\u00e4t\u00e4 tuotetta ei tule asentaa kosteaan ymp\u00e4rist\u00f6\u00f6n.<\/p>\n","protected":false},"excerpt":{"rendered":"<p>SONGMICS ripustettava korukaappi, lukittava peilikaappi, sein\u00e4kaappi peilill\u00e4 ja lukuisilla lokeroilla, sein\u00e4kiinnitys, ripustetaan oveen, ketjuille, korvakoruille, valkoinen JBC93W<\/p>\n","protected":false},"featured_media":40825,"comment_status":"open","ping_status":"closed","template":"","meta":[],"product_brand":[],"product_cat":[32],"product_tag":[],"class_list":{"0":"post-31741","1":"product","2":"type-product","3":"status-publish","4":"has-post-thumbnail","6":"product_cat-uncategorized-fi","8":"first","9":"instock","10":"shipping-taxable","11":"purchasable","12":"product-type-simple"},"_links":{"self":[{"href":"https:\/\/nordicmart.andreevmaster.com\/fi\/wp-json\/wp\/v2\/product\/31741","targetHints":{"allow":["GET"]}}],"collection":[{"href":"https:\/\/nordicmart.andreevmaster.com\/fi\/wp-json\/wp\/v2\/product"}],"about":[{"href":"https:\/\/nordicmart.andreevmaster.com\/fi\/wp-json\/wp\/v2\/types\/product"}],"replies":[{"embeddable":true,"href":"https:\/\/nordicmart.andreevmaster.com\/fi\/wp-json\/wp\/v2\/comments?post=31741"}],"wp:featuredmedia":[{"embeddable":true,"href":"https:\/\/nordicmart.andreevmaster.com\/fi\/wp-json\/wp\/v2\/media\/40825"}],"wp:attachment":[{"href":"https:\/\/nordicmart.andreevmaster.com\/fi\/wp-json\/wp\/v2\/media?parent=31741"}],"wp:term":[{"taxonomy":"product_brand","embeddable":true,"href":"https:\/\/nordicmart.andreevmaster.com\/fi\/wp-json\/wp\/v2\/product_brand?post=31741"},{"taxonomy":"product_cat","embeddable":true,"href":"https:\/\/nordicmart.andreevmaster.com\/fi\/wp-json\/wp\/v2\/product_cat?post=31741"},{"taxonomy":"product_tag","embeddable":true,"href":"https:\/\/nordicmart.andreevmaster.com\/fi\/wp-json\/wp\/v2\/product_tag?post=31741"}],"curies":[{"name":"wp","href":"https:\/\/api.w.org\/{rel}","templated":true}]}}