{"id":31740,"date":"2026-02-27T00:14:39","date_gmt":"2026-02-27T00:14:39","guid":{"rendered":"https:\/\/nordicmart.andreevmaster.com\/product\/songmics-korukotelo-suurella-peililla\/"},"modified":"2026-02-27T09:37:05","modified_gmt":"2026-02-27T09:37:05","slug":"songmics-korukotelo-suurella-peililla","status":"publish","type":"product","link":"https:\/\/nordicmart.andreevmaster.com\/fi\/tuote\/songmics-korukotelo-suurella-peililla\/","title":{"rendered":"SONGMICS korukotelo suurella peilill\u00e4"},"content":{"rendered":"<p>SONGMICS, korukaappialan edell\u00e4k\u00e4vij\u00e4 Valikoitu materiaali, hieno viimeistely, ainutlaatuinen muotoilu, haluttu tuote korujen s\u00e4ilytykseen Toisin kuin tavalliset ohuet koukut, t\u00e4ss\u00e4 korulaatikossa on paksut retro-koukut, jotka ovat riitt\u00e4v\u00e4n tukevia pit\u00e4m\u00e4\u00e4n useita kaulakoruja. Riippumatta siit\u00e4, millaisia koruja sinulla on, t\u00e4ss\u00e4 kaapissa on paikka jokaiselle aarteellesi! Sinun ei en\u00e4\u00e4 tarvitse etsi\u00e4 kadonneita korvakoruja tai selvitt\u00e4\u00e4 sotkeutuneita kaulakoruja! Selke\u00e4 jako mahdollistaa kaikkien korujesi n\u00e4kemisen yhdell\u00e4 silm\u00e4yksell\u00e4, joten korujen etsiminen sujuu nopeasti my\u00f6s kiireisin\u00e4 aamuina. Tyylik\u00e4s ja yksityiskohdiltaan hienostunut korukaappi on upea lahja syntym\u00e4p\u00e4iv\u00e4ksi, yst\u00e4v\u00e4np\u00e4iv\u00e4ksi, \u00e4itienp\u00e4iv\u00e4ksi, h\u00e4\u00e4p\u00e4iv\u00e4ksi, vuosip\u00e4iv\u00e4ksi ja jouluksi. Tuotetiedot: V\u00e4ri: Valkoinen Materiaali: Lasi, laadukas MDF, pehme\u00e4 sametti Mitat: 38 x 156 x 40 cm (L x K x S) Paino: 10,65 kg Toimitus sis\u00e4lt\u00e4\u00e4: 1 x korukaappi 2 x avain 1 x k\u00e4ytt\u00f6ohje 1 x asennustarvikkeet Huomautukset: Poista paristot, jos LED-valoja ei k\u00e4ytet\u00e4 pitk\u00e4\u00e4n aikaan.Pid\u00e4 asennustarvikkeet poissa lasten ulottuvilta asennuksen aikana.<\/p>\n","protected":false},"excerpt":{"rendered":"<p>SONGMICS korukaappi, 8 LED-valoa, py\u00f6ristetyt reunat, peili, lukittava korujen s\u00e4ilytyslaatikko, 6 laatikkoa ja korvakoruiden s\u00e4ilytystila, valkoinen JBC89WT<\/p>\n","protected":false},"featured_media":40824,"comment_status":"open","ping_status":"closed","template":"","meta":[],"product_brand":[],"product_cat":[32],"product_tag":[],"class_list":{"0":"post-31740","1":"product","2":"type-product","3":"status-publish","4":"has-post-thumbnail","6":"product_cat-uncategorized-fi","8":"first","9":"instock","10":"shipping-taxable","11":"purchasable","12":"product-type-simple"},"_links":{"self":[{"href":"https:\/\/nordicmart.andreevmaster.com\/fi\/wp-json\/wp\/v2\/product\/31740","targetHints":{"allow":["GET"]}}],"collection":[{"href":"https:\/\/nordicmart.andreevmaster.com\/fi\/wp-json\/wp\/v2\/product"}],"about":[{"href":"https:\/\/nordicmart.andreevmaster.com\/fi\/wp-json\/wp\/v2\/types\/product"}],"replies":[{"embeddable":true,"href":"https:\/\/nordicmart.andreevmaster.com\/fi\/wp-json\/wp\/v2\/comments?post=31740"}],"wp:featuredmedia":[{"embeddable":true,"href":"https:\/\/nordicmart.andreevmaster.com\/fi\/wp-json\/wp\/v2\/media\/40824"}],"wp:attachment":[{"href":"https:\/\/nordicmart.andreevmaster.com\/fi\/wp-json\/wp\/v2\/media?parent=31740"}],"wp:term":[{"taxonomy":"product_brand","embeddable":true,"href":"https:\/\/nordicmart.andreevmaster.com\/fi\/wp-json\/wp\/v2\/product_brand?post=31740"},{"taxonomy":"product_cat","embeddable":true,"href":"https:\/\/nordicmart.andreevmaster.com\/fi\/wp-json\/wp\/v2\/product_cat?post=31740"},{"taxonomy":"product_tag","embeddable":true,"href":"https:\/\/nordicmart.andreevmaster.com\/fi\/wp-json\/wp\/v2\/product_tag?post=31740"}],"curies":[{"name":"wp","href":"https:\/\/api.w.org\/{rel}","templated":true}]}}