{"id":31738,"date":"2026-02-27T00:14:39","date_gmt":"2026-02-27T00:14:39","guid":{"rendered":"https:\/\/nordicmart.andreevmaster.com\/product\/songmics-vapaasti-seisova-korukotelo-peililla-valkoinen\/"},"modified":"2026-02-27T09:37:05","modified_gmt":"2026-02-27T09:37:05","slug":"songmics-vapaasti-seisova-korukotelo-peililla-valkoinen","status":"publish","type":"product","link":"https:\/\/nordicmart.andreevmaster.com\/fi\/tuote\/songmics-vapaasti-seisova-korukotelo-peililla-valkoinen\/","title":{"rendered":"SONGMICS Vapaasti seisova korukotelo peilill\u00e4, valkoinen"},"content":{"rendered":"<p>T\u00e4m\u00e4 ajaton, kaunis korukaappi Songmicsilt\u00e4 sopii mihin tahansa huoneeseen ja on yksil\u00f6llinen katseenvangitsija! Jos etsit pukeutumispistett\u00e4, jossa on s\u00e4ilytystilaa, Songmicsin peili- ja korukaappi on hyv\u00e4 valinta. Kaapissa on useita koukkurivej\u00e4, hyllyj\u00e4 ja kiinnitystauluja, joihin mahtuu kaikki korusi, ja vihdoin kaikki voidaan j\u00e4rjest\u00e4\u00e4 siististi ilman, ett\u00e4 ne menev\u00e4t sekaisin. Magneettisuljin pit\u00e4\u00e4 aarteesi turvassa. Kokoaminen on eritt\u00e4in helppoa. Parannettu pakkaus suojaa kaappia erinomaisesti. Peilin suojaamiseksi on puulevy, reunasuojat, vaahtomuovi, styroksi jne., jotta kuljetuksen aikana ei tapahdu mit\u00e4\u00e4n vahinkoa. Songmics-peili- ja korukaapilla saatte vuosien ilon hankinnastanne. Tuotetiedot: Tuotteen mitat: 35,5 x 153 x 35 cm (L x K x S) Peilin mitat: 22,5 x 111 cm (L x K) Pakkauksen mitat: 40 x 132,5 x 21,5 cm (L x K x S) Materiaali: ymp\u00e4rist\u00f6yst\u00e4v\u00e4llinen MDF (keskitihe\u00e4 puukuitulevy) V\u00e4ri: valkoinen Huomautus:- Peili on s\u00e4rkyv\u00e4\u00e4, k\u00e4sittele sit\u00e4 varovasti ja suojaa kaappia kaatumasta, jotta peili ei rikkoudu. &#8211; Toimitus ilman koristeita. Toimitus sis\u00e4lt\u00e4\u00e4: &#8211; 1 x peilikaappi (ruuvit ja tulpat mukana) &#8211; 1 x ohjeet (DE, FR, EN, ES, IT)<\/p>\n","protected":false},"excerpt":{"rendered":"<p>SONGMICS korukotelo ja peilip\u00f6yt\u00e4 kaksi yhdess\u00e4, keinonahka, valkoinen, 35,5 x 153 x 35 cm<\/p>\n","protected":false},"featured_media":40822,"comment_status":"open","ping_status":"closed","template":"","meta":[],"product_brand":[],"product_cat":[32],"product_tag":[],"class_list":{"0":"post-31738","1":"product","2":"type-product","3":"status-publish","4":"has-post-thumbnail","6":"product_cat-uncategorized-fi","8":"first","9":"instock","10":"shipping-taxable","11":"purchasable","12":"product-type-simple"},"_links":{"self":[{"href":"https:\/\/nordicmart.andreevmaster.com\/fi\/wp-json\/wp\/v2\/product\/31738","targetHints":{"allow":["GET"]}}],"collection":[{"href":"https:\/\/nordicmart.andreevmaster.com\/fi\/wp-json\/wp\/v2\/product"}],"about":[{"href":"https:\/\/nordicmart.andreevmaster.com\/fi\/wp-json\/wp\/v2\/types\/product"}],"replies":[{"embeddable":true,"href":"https:\/\/nordicmart.andreevmaster.com\/fi\/wp-json\/wp\/v2\/comments?post=31738"}],"wp:featuredmedia":[{"embeddable":true,"href":"https:\/\/nordicmart.andreevmaster.com\/fi\/wp-json\/wp\/v2\/media\/40822"}],"wp:attachment":[{"href":"https:\/\/nordicmart.andreevmaster.com\/fi\/wp-json\/wp\/v2\/media?parent=31738"}],"wp:term":[{"taxonomy":"product_brand","embeddable":true,"href":"https:\/\/nordicmart.andreevmaster.com\/fi\/wp-json\/wp\/v2\/product_brand?post=31738"},{"taxonomy":"product_cat","embeddable":true,"href":"https:\/\/nordicmart.andreevmaster.com\/fi\/wp-json\/wp\/v2\/product_cat?post=31738"},{"taxonomy":"product_tag","embeddable":true,"href":"https:\/\/nordicmart.andreevmaster.com\/fi\/wp-json\/wp\/v2\/product_tag?post=31738"}],"curies":[{"name":"wp","href":"https:\/\/api.w.org\/{rel}","templated":true}]}}