{"id":31737,"date":"2026-02-27T00:14:39","date_gmt":"2026-02-27T00:14:39","guid":{"rendered":"https:\/\/nordicmart.andreevmaster.com\/product\/songmics-korukotelo-valaistuksella\/"},"modified":"2026-02-27T09:37:05","modified_gmt":"2026-02-27T09:37:05","slug":"songmics-korukotelo-valaistuksella","status":"publish","type":"product","link":"https:\/\/nordicmart.andreevmaster.com\/fi\/tuote\/songmics-korukotelo-valaistuksella\/","title":{"rendered":"SONGMICS korukotelo valaistuksella"},"content":{"rendered":"<p>Uusi punainen mekko istuu kuin valettu. Pue korkokeng\u00e4t jalkaasi ja ihaile asuasi t\u00e4m\u00e4n huomiota her\u00e4tt\u00e4v\u00e4n ripustettavan kaapin suuressa, valaistussa peiliss\u00e4. Valokehyst\u00e4 voi himment\u00e4\u00e4 koskettamalla peili\u00e4. Jos kuitenkin haluat tarkistaa meikkisi, on suositeltavaa valita ulkovalaistuksen kirkkain taso.  Hetkinen! Jotain puuttuu viel\u00e4! Sopivat korvakorut ja kimaltava kaulakoru viimeistelev\u00e4t tyylisi. Onneksi sinun ei tarvitse etsi\u00e4 sopivia koruja kauan, sill\u00e4 ne ovat siististi riviss\u00e4 peilikaapin oven takana.  Korujen yst\u00e4ville tarjotaan seuraavat edut: &#8211; Leve\u00e4 peili ilman kehyst\u00e4, joka tarjoaa suuremman peilipinnan &#8211; Voidaan ripustaa ovenkarmiin tai kiinnitt\u00e4\u00e4 sein\u00e4lle &#8211; Himmennett\u00e4v\u00e4 ulkovalaistus kosketuskytkimell\u00e4  &#8211; 3 korutankoa ruostumattomasta ter\u00e4ksest\u00e4 &#8211; 4 rivi\u00e4, joissa kussakin 16 paikkaa korvakoruille (yhteens\u00e4 64) &#8211; 6 rivi\u00e4, joissa kussakin 13 paikkaa sormuksille (yhteens\u00e4 78)  &#8211; 3 rivi\u00e4, joissa kussakin 12 koukkua kaulakoruille jne. (yhteens\u00e4 36) &#8211; 1 irrotettava rulla rannekoruille ja rannekkeille &#8211; 4 hylly\u00e4 kynsilakoille, hajuvesille jne. &#8211; Lukittava  Tuotetiedot: &#8211; V\u00e4ri: valkoinen &#8211; Materiaali: MDF (keskitihe\u00e4 kuitulevy) &#8211; Koko: 37 x 10 x 108 cm (P x L x K) &#8211; Paino: 10,5 kg  Toimitus sis\u00e4lt\u00e4\u00e4: &#8211; 1 x ripustettava korukaappi &#8211; 1 x s\u00e4ilytyslaatikko lis\u00e4varusteille &#8211; 1 x ohjeet (DE, EN, FR, ES, IT)  SONGMICS-ohjeet:  &#8211; Ole varovainen, kun liit\u00e4t adapterin s\u00e4hk\u00f6verkkoon. &#8211; Lapset eiv\u00e4t saa liitt\u00e4\u00e4 adapteria virtal\u00e4hteeseen. &#8211; Pid\u00e4 lapset poissa kaikista lis\u00e4varusteista ja pakkausosista t\u00e4m\u00e4n tuotteen asennuksen aikana. Niiden nieleminen tai hengitt\u00e4minen voi aiheuttaa hengenvaarallisia tilanteita.<\/p>\n","protected":false},"excerpt":{"rendered":"<p>SONGMICS ripustettava korukaappi, sein\u00e4kaappi valaistuksella, peilikaappi ulkovalaistuksella, kokovartalopeili, lahja, sein\u00e4kiinnitys, oveen ripustettava, himmennett\u00e4v\u00e4, valkoinen JBC66NL<\/p>\n","protected":false},"featured_media":40821,"comment_status":"open","ping_status":"closed","template":"","meta":[],"product_brand":[],"product_cat":[32],"product_tag":[],"class_list":{"0":"post-31737","1":"product","2":"type-product","3":"status-publish","4":"has-post-thumbnail","6":"product_cat-uncategorized-fi","8":"first","9":"instock","10":"shipping-taxable","11":"purchasable","12":"product-type-simple"},"_links":{"self":[{"href":"https:\/\/nordicmart.andreevmaster.com\/fi\/wp-json\/wp\/v2\/product\/31737","targetHints":{"allow":["GET"]}}],"collection":[{"href":"https:\/\/nordicmart.andreevmaster.com\/fi\/wp-json\/wp\/v2\/product"}],"about":[{"href":"https:\/\/nordicmart.andreevmaster.com\/fi\/wp-json\/wp\/v2\/types\/product"}],"replies":[{"embeddable":true,"href":"https:\/\/nordicmart.andreevmaster.com\/fi\/wp-json\/wp\/v2\/comments?post=31737"}],"wp:featuredmedia":[{"embeddable":true,"href":"https:\/\/nordicmart.andreevmaster.com\/fi\/wp-json\/wp\/v2\/media\/40821"}],"wp:attachment":[{"href":"https:\/\/nordicmart.andreevmaster.com\/fi\/wp-json\/wp\/v2\/media?parent=31737"}],"wp:term":[{"taxonomy":"product_brand","embeddable":true,"href":"https:\/\/nordicmart.andreevmaster.com\/fi\/wp-json\/wp\/v2\/product_brand?post=31737"},{"taxonomy":"product_cat","embeddable":true,"href":"https:\/\/nordicmart.andreevmaster.com\/fi\/wp-json\/wp\/v2\/product_cat?post=31737"},{"taxonomy":"product_tag","embeddable":true,"href":"https:\/\/nordicmart.andreevmaster.com\/fi\/wp-json\/wp\/v2\/product_tag?post=31737"}],"curies":[{"name":"wp","href":"https:\/\/api.w.org\/{rel}","templated":true}]}}