{"id":31736,"date":"2026-02-27T00:14:38","date_gmt":"2026-02-27T00:14:38","guid":{"rendered":"https:\/\/nordicmart.andreevmaster.com\/product\/songmics-korukotelo-kehyksettomalla-peililla-varustetulla-ovella\/"},"modified":"2026-02-27T09:37:05","modified_gmt":"2026-02-27T09:37:05","slug":"songmics-korukotelo-kehyksettomalla-peililla-varustetulla-ovella","status":"publish","type":"product","link":"https:\/\/nordicmart.andreevmaster.com\/fi\/tuote\/songmics-korukotelo-kehyksettomalla-peililla-varustetulla-ovella\/","title":{"rendered":"SONGMICS korukotelo kehyksett\u00f6m\u00e4ll\u00e4 peilill\u00e4 varustetulla ovella"},"content":{"rendered":"<p>Jos etsit pukeutumispuuteria, jossa on s\u00e4ilytystilaa, Songmicsin peili-, meikki- ja korukaappi on hyv\u00e4 valinta. Valmistus on korkealaatuista, ja kaikki yksityiskohdat on suunniteltu tarkasti. Asetamme korkeat vaatimukset jokaiselle osalle, aina suunnittelusta, rakenteesta ja valmistuksesta pakkaukseen ja toimitukseen, jotta voimme t\u00e4ytt\u00e4\u00e4 laatuvaatimuksesi. Toimitus sis\u00e4lt\u00e4\u00e4 itseliimautuvan tarranauhan, jonka voi kiinnitt\u00e4\u00e4 kaapin takaosaan ja oveen\/sein\u00e4\u00e4n, jotta kaappi ei heilua. Kaapissa on runsaasti tilaa, ja vihdoin kaikki voidaan j\u00e4rjest\u00e4\u00e4 siististi ilman sotkuja. Halutut korut ja meikkituotteet ovat helposti l\u00f6ydett\u00e4viss\u00e4, kun pukeudut peilin edess\u00e4. Huomautukset: &#8211; Peili on s\u00e4rkyv\u00e4\u00e4, k\u00e4sittele sit\u00e4 varovasti, jotta se ei rikkoudu. &#8211; Metalliset ripustuskoukut sopivat oville, joiden paksuus on noin 4 cm, ja ovenlehden ja karmin v\u00e4lisen yl\u00e4osan ilmarakoon tulee olla v\u00e4hint\u00e4\u00e4n 3 mm. &#8211; Ovi avautuu noin 120\u00b0. Tuotetiedot: &#8211; V\u00e4ri: valkoinen &#8211; Materiaali: ymp\u00e4rist\u00f6yst\u00e4v\u00e4llinen MDF-levy &#8211; Mitat: 37 x 110 x 9,5 cm (L x K x S) &#8211; Ulkopeilin mitat: 36,5 x 110 cm (L x K) &#8211; Sis\u00e4peilin mitat: 34,5 x 20,5 cm (L x K) &#8211; Taitettavan sis\u00e4levyn mitat: 34 x 19 cm (L x S) Toimitus sis\u00e4lt\u00e4\u00e4:- 1 x peili- ja korukaappi &#8211; 2 x ovikoukku &#8211; 1 x kiinnityspussi &#8211; 1 x tarranauha &#8211; 2 x avain &#8211; 1 x ohjeet (saksa, englanti, ranska, italia, espanja)<\/p>\n","protected":false},"excerpt":{"rendered":"<p>SONGMICS korukotelo, erityisen leve\u00e4 peili (kehykset\u00f6n peiliovi), ovikiinnitys, sein\u00e4kiinnitys, meikkausp\u00f6yt\u00e4, sis\u00e4peili, lukittava, valkoinen JBC63WV1<\/p>\n","protected":false},"featured_media":40820,"comment_status":"open","ping_status":"closed","template":"","meta":[],"product_brand":[],"product_cat":[32],"product_tag":[],"class_list":{"0":"post-31736","1":"product","2":"type-product","3":"status-publish","4":"has-post-thumbnail","6":"product_cat-uncategorized-fi","8":"first","9":"instock","10":"shipping-taxable","11":"purchasable","12":"product-type-simple"},"_links":{"self":[{"href":"https:\/\/nordicmart.andreevmaster.com\/fi\/wp-json\/wp\/v2\/product\/31736","targetHints":{"allow":["GET"]}}],"collection":[{"href":"https:\/\/nordicmart.andreevmaster.com\/fi\/wp-json\/wp\/v2\/product"}],"about":[{"href":"https:\/\/nordicmart.andreevmaster.com\/fi\/wp-json\/wp\/v2\/types\/product"}],"replies":[{"embeddable":true,"href":"https:\/\/nordicmart.andreevmaster.com\/fi\/wp-json\/wp\/v2\/comments?post=31736"}],"wp:featuredmedia":[{"embeddable":true,"href":"https:\/\/nordicmart.andreevmaster.com\/fi\/wp-json\/wp\/v2\/media\/40820"}],"wp:attachment":[{"href":"https:\/\/nordicmart.andreevmaster.com\/fi\/wp-json\/wp\/v2\/media?parent=31736"}],"wp:term":[{"taxonomy":"product_brand","embeddable":true,"href":"https:\/\/nordicmart.andreevmaster.com\/fi\/wp-json\/wp\/v2\/product_brand?post=31736"},{"taxonomy":"product_cat","embeddable":true,"href":"https:\/\/nordicmart.andreevmaster.com\/fi\/wp-json\/wp\/v2\/product_cat?post=31736"},{"taxonomy":"product_tag","embeddable":true,"href":"https:\/\/nordicmart.andreevmaster.com\/fi\/wp-json\/wp\/v2\/product_tag?post=31736"}],"curies":[{"name":"wp","href":"https:\/\/api.w.org\/{rel}","templated":true}]}}