{"id":31735,"date":"2026-02-27T00:14:38","date_gmt":"2026-02-27T00:14:38","guid":{"rendered":"https:\/\/nordicmart.andreevmaster.com\/product\/korukotelo-kehykseton-erityisen-levea-sailytysteline-peililla-korujen-jarjestelija-koukkuilla-ja-sisaanrakennetulla-peililla-meikki-lukittava-jbc63wv1\/"},"modified":"2026-02-27T09:37:05","modified_gmt":"2026-02-27T09:37:05","slug":"korukotelo-kehykseton-erityisen-levea-sailytysteline-peililla-korujen-jarjestelija-koukkuilla-ja-sisaanrakennetulla-peililla-meikki-lukittava-jbc63wv1","status":"publish","type":"product","link":"https:\/\/nordicmart.andreevmaster.com\/fi\/tuote\/korukotelo-kehykseton-erityisen-levea-sailytysteline-peililla-korujen-jarjestelija-koukkuilla-ja-sisaanrakennetulla-peililla-meikki-lukittava-jbc63wv1\/","title":{"rendered":"Korukotelo, kehykset\u00f6n, erityisen leve\u00e4 s\u00e4ilytysteline peilill\u00e4, korujen j\u00e4rjestelij\u00e4 koukkuilla ja sis\u00e4\u00e4nrakennetulla peilill\u00e4, meikki, lukittava, JBC63WV1"},"content":{"rendered":"<p>DELIKAT UDSEENDE: Med spejld\u00f8ren i fuld st\u00f8rrelse ser dette skab delikat og elegant ud. Spejlet er helt glat, reflekterer perfekt og forvr\u00e6nger ikke billedet.<\/p>\n<p>NYTTIG DESIGN: Korukotelo, meikkipeili ja s\u00e4ilytyshylly yhdess\u00e4, t\u00e4m\u00e4 esine on k\u00e4yt\u00e4nn\u00f6llinen k\u00e4ytt\u00e4\u00e4. Sis\u00e4\u00e4nrakennetulla peilill\u00e4 ja lipastolla varustettu kaappi on k\u00e4yt\u00e4nn\u00f6llinen, kun haluat meikata ja k\u00e4ytt\u00e4\u00e4 koruja. Kiinnitetty metallirenkailla molemmille sivuille, mik\u00e4 on k\u00e4yt\u00e4nn\u00f6llist\u00e4 huivien s\u00e4ilytt\u00e4miseen.<\/p>\n<p>YMP\u00c4RIST\u00d6YST\u00c4V\u00c4LLISET MATERIAALIT: Ymp\u00e4rist\u00f6yst\u00e4v\u00e4llisell\u00e4 lakalla p\u00e4\u00e4llystetty ja E1-luokan vakiotiheyksisest\u00e4 levyst\u00e4 valmistettu s\u00e4ilytyskaappi on myrkyt\u00f6n, saastuttamaton, naarmuuntumaton, muodonmuutoksilta kest\u00e4v\u00e4 ja l\u00e4mm\u00f6nkest\u00e4v\u00e4. Lukitusv\u00e4lineell\u00e4 ja 2 avaimella t\u00e4m\u00e4 kaappi voidaan lukita, joten sinun ei tarvitse huolehtia arvoesineist\u00e4si. Oven magneettikiinnityksell\u00e4 ovi voidaan sulkea tiiviisti. Py\u00f6ristetyt kulmat tekev\u00e4t siit\u00e4 turvallisen k\u00e4ytt\u00e4\u00e4. <\/p>\n<p>SUURI S\u00c4ILYTYSKAPASITEETTI: Upea s\u00e4ilytystila koukkuilla ja v\u00e4lilevyill\u00e4 (sis\u00e4lt\u00e4\u00e4 54 reik\u00e4\u00e4 korvakoruihin, 18 reik\u00e4\u00e4 nappikorvakoruille, 24 koukkua kaulakoruille, 60 reik\u00e4\u00e4 sormuksille, 3 muovikoteloa kynille, 3 muoviritil\u00e4\u00e4, 3 hylly\u00e4, 4 lokeroa ja 1 huivitelineen).. Jos etsit meikkipeili\u00e4, jossa on s\u00e4ilytystilaa, Songmicsin peili-, meikki- ja korukaappi on t\u00e4ydellinen valinta. Laatu on korkea ja kaikki yksityiskohdat on mietitty tarkasti. Suunnittelusta, rakenteesta, valmistuksesta pakkaamiseen ja l\u00e4hett\u00e4miseen asti asetamme korkeat vaatimukset jokaiselle osalle, jotta voimme t\u00e4ytt\u00e4\u00e4 laatuvaatimuksesi. Mukana toimitetaan tarranauha, jonka voit kiinnitt\u00e4\u00e4 kaapin takaosaan ja oveen\/sein\u00e4\u00e4n est\u00e4m\u00e4\u00e4n kaapin heilumista. Kaapissa on runsaasti tilaa, ja vihdoin kaikki voidaan j\u00e4rjest\u00e4\u00e4 siististi ilman, ett\u00e4 se menee sekaisin. Halutut korut ja meikkituotteet on helppo l\u00f6yt\u00e4\u00e4, kun katsot peiliin ja pukeudut. Huomautukset: &#8211; Peili on herkk\u00e4, joten k\u00e4sittele sit\u00e4 varovasti, jotta se ei rikkoudu.- Metallikiinnikkeet sopivat oville, joiden paksuus on noin 4 cm, ja ovenlehden ja karmin v\u00e4lisen yl\u00e4osan ilmarakoon tulee olla v\u00e4hint\u00e4\u00e4n 3 mm. &#8211; Ovi voidaan avata noin 120\u00b0. Tuotetiedot: &#8211; V\u00e4ri: valkoinen &#8211; Materiaali: ymp\u00e4rist\u00f6yst\u00e4v\u00e4llinen MDF-levy &#8211; Mitat: 37 x 110 x 9,5 cm (L x K x S) &#8211; Ulkopuolisen peilin mitat: 36,5 x 110 cm (L x K) &#8211; Sis\u00e4peilin mitat: 34,5 x 20,5 cm (L x K) &#8211; Taitettavan sis\u00e4isen hyllyn mitat: 34 x 19 cm (L x S)Toimitus sis\u00e4lt\u00e4\u00e4:- 1 x peili- ja korukaappi- 2 x ovenkoukku- 1 x kiinnitystarvikepussi- 1 x tarranauha- 2 x avain- 1 x k\u00e4ytt\u00f6ohje (saksa, englanti, ranska, italia, espanja).<\/p>\n","protected":false},"excerpt":{"rendered":"<p>DELIKAT UDSEENDE: Med spejld\u00f8ren i fuld st\u00f8rrelse ser dette skab delikat og elegant ud. Spejlet er helt glat, reflekterer perfekt og forvr\u00e6nger ikke billedet. NYTTIG DESIGN: Korukotelo, meikkipeili ja s\u00e4ilytyshylly yhdess\u00e4, t\u00e4m\u00e4 esine on k\u00e4yt\u00e4nn\u00f6llinen k\u00e4ytt\u00e4\u00e4. Sis\u00e4\u00e4nrakennetulla peilill\u00e4 ja lipastolla varustettu kaappi on k\u00e4yt\u00e4nn\u00f6llinen, kun haluat meikata ja k\u00e4ytt\u00e4\u00e4 koruja. Kiinnitetty metallirenkailla molemmille sivuille, mik\u00e4 [&hellip;]<\/p>\n","protected":false},"featured_media":0,"comment_status":"open","ping_status":"closed","template":"","meta":[],"product_brand":[],"product_cat":[32],"product_tag":[],"class_list":{"0":"post-31735","1":"product","2":"type-product","3":"status-publish","5":"product_cat-uncategorized-fi","7":"first","8":"instock","9":"shipping-taxable","10":"product-type-simple"},"_links":{"self":[{"href":"https:\/\/nordicmart.andreevmaster.com\/fi\/wp-json\/wp\/v2\/product\/31735","targetHints":{"allow":["GET"]}}],"collection":[{"href":"https:\/\/nordicmart.andreevmaster.com\/fi\/wp-json\/wp\/v2\/product"}],"about":[{"href":"https:\/\/nordicmart.andreevmaster.com\/fi\/wp-json\/wp\/v2\/types\/product"}],"replies":[{"embeddable":true,"href":"https:\/\/nordicmart.andreevmaster.com\/fi\/wp-json\/wp\/v2\/comments?post=31735"}],"wp:attachment":[{"href":"https:\/\/nordicmart.andreevmaster.com\/fi\/wp-json\/wp\/v2\/media?parent=31735"}],"wp:term":[{"taxonomy":"product_brand","embeddable":true,"href":"https:\/\/nordicmart.andreevmaster.com\/fi\/wp-json\/wp\/v2\/product_brand?post=31735"},{"taxonomy":"product_cat","embeddable":true,"href":"https:\/\/nordicmart.andreevmaster.com\/fi\/wp-json\/wp\/v2\/product_cat?post=31735"},{"taxonomy":"product_tag","embeddable":true,"href":"https:\/\/nordicmart.andreevmaster.com\/fi\/wp-json\/wp\/v2\/product_tag?post=31735"}],"curies":[{"name":"wp","href":"https:\/\/api.w.org\/{rel}","templated":true}]}}