{"id":31733,"date":"2026-02-27T00:14:38","date_gmt":"2026-02-27T00:14:38","guid":{"rendered":"https:\/\/nordicmart.andreevmaster.com\/product\/songmics-siirrettava-korulaatikko-valkoinen\/"},"modified":"2026-02-27T09:37:04","modified_gmt":"2026-02-27T09:37:04","slug":"songmics-siirrettava-korulaatikko-valkoinen","status":"publish","type":"product","link":"https:\/\/nordicmart.andreevmaster.com\/fi\/tuote\/songmics-siirrettava-korulaatikko-valkoinen\/","title":{"rendered":"SONGMICS Siirrett\u00e4v\u00e4 korulaatikko, valkoinen"},"content":{"rendered":"<p>T\u00e4m\u00e4 korukotelo kaunistaa kotisi. Korukotelossa on runsaasti s\u00e4ilytystilaa, ja se tuo kodikkaan tunnelman kotiisi. Hienon vaatekaapin peilin takana on tilava sis\u00e4tila, johon mahtuu paljon asusteita. Se on ihanteellinen lahja perheellesi tai yst\u00e4villesi. Huomautukset:- Peili on herkk\u00e4, k\u00e4sittele sit\u00e4 varovasti ja suojaa kaappia kaatumasta, jotta peili ei rikkoudu. &#8211; Valaisimen paristot, AAA LR03, eiv\u00e4t sis\u00e4lly toimitukseen! &#8211; Jos et k\u00e4yt\u00e4 LED-valaisinta pitk\u00e4\u00e4n aikaan, poista paristot. Tuotetiedot:- V\u00e4ri: valkoinen &#8211; Materiaali: ymp\u00e4rist\u00f6yst\u00e4v\u00e4llinen MDF-levy &#8211; Mitat: 45 x 156 x 45 cm (L x K x S) &#8211; Kaapin mitat: 37 x 126 x 9,5 cm (L x K x S) &#8211; Laatikon mitat (sis\u00e4puoli, pieni): 15,5 x 4 x 4 (L x K x S) &#8211; Laatikon mitat (ulkopuoli, iso): 35,5 x 12,5 x 28,5 cm (L x K x S) &#8211; Peilin mitat: 27 x 111 cm (L x K)<\/p>\n","protected":false},"excerpt":{"rendered":"<p>SONGMICS korukaappi py\u00f6rill\u00e4 ja LED-valaistuksella, lukittava, valkoinen JBC61W<\/p>\n","protected":false},"featured_media":40819,"comment_status":"open","ping_status":"closed","template":"","meta":[],"product_brand":[],"product_cat":[32],"product_tag":[],"class_list":{"0":"post-31733","1":"product","2":"type-product","3":"status-publish","4":"has-post-thumbnail","6":"product_cat-uncategorized-fi","8":"first","9":"instock","10":"shipping-taxable","11":"purchasable","12":"product-type-simple"},"_links":{"self":[{"href":"https:\/\/nordicmart.andreevmaster.com\/fi\/wp-json\/wp\/v2\/product\/31733","targetHints":{"allow":["GET"]}}],"collection":[{"href":"https:\/\/nordicmart.andreevmaster.com\/fi\/wp-json\/wp\/v2\/product"}],"about":[{"href":"https:\/\/nordicmart.andreevmaster.com\/fi\/wp-json\/wp\/v2\/types\/product"}],"replies":[{"embeddable":true,"href":"https:\/\/nordicmart.andreevmaster.com\/fi\/wp-json\/wp\/v2\/comments?post=31733"}],"wp:featuredmedia":[{"embeddable":true,"href":"https:\/\/nordicmart.andreevmaster.com\/fi\/wp-json\/wp\/v2\/media\/40819"}],"wp:attachment":[{"href":"https:\/\/nordicmart.andreevmaster.com\/fi\/wp-json\/wp\/v2\/media?parent=31733"}],"wp:term":[{"taxonomy":"product_brand","embeddable":true,"href":"https:\/\/nordicmart.andreevmaster.com\/fi\/wp-json\/wp\/v2\/product_brand?post=31733"},{"taxonomy":"product_cat","embeddable":true,"href":"https:\/\/nordicmart.andreevmaster.com\/fi\/wp-json\/wp\/v2\/product_cat?post=31733"},{"taxonomy":"product_tag","embeddable":true,"href":"https:\/\/nordicmart.andreevmaster.com\/fi\/wp-json\/wp\/v2\/product_tag?post=31733"}],"curies":[{"name":"wp","href":"https:\/\/api.w.org\/{rel}","templated":true}]}}