{"id":31732,"date":"2026-02-27T00:14:38","date_gmt":"2026-02-27T00:14:38","guid":{"rendered":"https:\/\/nordicmart.andreevmaster.com\/product\/songmics-suuri-korujen-sailytyslaatikko-valkoinen\/"},"modified":"2026-02-27T09:37:04","modified_gmt":"2026-02-27T09:37:04","slug":"songmics-suuri-korujen-sailytyslaatikko-valkoinen","status":"publish","type":"product","link":"https:\/\/nordicmart.andreevmaster.com\/fi\/tuote\/songmics-suuri-korujen-sailytyslaatikko-valkoinen\/","title":{"rendered":"SONGMICS Suuri korujen s\u00e4ilytyslaatikko, valkoinen"},"content":{"rendered":"<p>Songmicsin hienosti viimeistelty puinen korulaatikko on todellinen k\u00e4sity\u00f6taidon tuote, joka on v\u00e4ltt\u00e4m\u00e4t\u00f6n lahja syntym\u00e4p\u00e4iville, jouluksi, muihin tilaisuuksiin ja my\u00f6s itsellesi. Vaikka se tarjoaa runsaasti s\u00e4ilytystilaa koruille, t\u00e4m\u00e4 korulaatikko vie vain v\u00e4h\u00e4n tilaa.Tuotetiedot: Mitat: 34 x 29,5 x 16 cm (L x K x S) Kannen peilin mitat: 24 x 11 cm 1. tason mitat: 12,5 x 4,2 x 13,5 cm (L x K x S) Laatikon mitat (4 x ): 11 x 4,2 x 12 cm (L x K x S)V\u00e4ri: valkoinenMateriaali: akryyli, MDF-levy, samettiToimitus sis\u00e4lt\u00e4\u00e4:1 x korulaatikkoHuomautus:K\u00e4yt\u00e4 varovasti, jotta tuote ei kolhiinnu tai naarmuunnu.<\/p>\n","protected":false},"excerpt":{"rendered":"<p>SONGMICS korulaatikko, suuri puinen korukotelo, l\u00e4pin\u00e4kyv\u00e4 akryyliluukku, 4 laatikkoa, valkoinen maalaistyyli, JBC57W<\/p>\n","protected":false},"featured_media":40818,"comment_status":"open","ping_status":"closed","template":"","meta":[],"product_brand":[],"product_cat":[32],"product_tag":[],"class_list":{"0":"post-31732","1":"product","2":"type-product","3":"status-publish","4":"has-post-thumbnail","6":"product_cat-uncategorized-fi","8":"first","9":"instock","10":"shipping-taxable","11":"purchasable","12":"product-type-simple"},"_links":{"self":[{"href":"https:\/\/nordicmart.andreevmaster.com\/fi\/wp-json\/wp\/v2\/product\/31732","targetHints":{"allow":["GET"]}}],"collection":[{"href":"https:\/\/nordicmart.andreevmaster.com\/fi\/wp-json\/wp\/v2\/product"}],"about":[{"href":"https:\/\/nordicmart.andreevmaster.com\/fi\/wp-json\/wp\/v2\/types\/product"}],"replies":[{"embeddable":true,"href":"https:\/\/nordicmart.andreevmaster.com\/fi\/wp-json\/wp\/v2\/comments?post=31732"}],"wp:featuredmedia":[{"embeddable":true,"href":"https:\/\/nordicmart.andreevmaster.com\/fi\/wp-json\/wp\/v2\/media\/40818"}],"wp:attachment":[{"href":"https:\/\/nordicmart.andreevmaster.com\/fi\/wp-json\/wp\/v2\/media?parent=31732"}],"wp:term":[{"taxonomy":"product_brand","embeddable":true,"href":"https:\/\/nordicmart.andreevmaster.com\/fi\/wp-json\/wp\/v2\/product_brand?post=31732"},{"taxonomy":"product_cat","embeddable":true,"href":"https:\/\/nordicmart.andreevmaster.com\/fi\/wp-json\/wp\/v2\/product_cat?post=31732"},{"taxonomy":"product_tag","embeddable":true,"href":"https:\/\/nordicmart.andreevmaster.com\/fi\/wp-json\/wp\/v2\/product_tag?post=31732"}],"curies":[{"name":"wp","href":"https:\/\/api.w.org\/{rel}","templated":true}]}}