{"id":31731,"date":"2026-02-27T00:14:37","date_gmt":"2026-02-27T00:14:37","guid":{"rendered":"https:\/\/nordicmart.andreevmaster.com\/product\/songmics-korurasia-kleeblatt-tummanruskea\/"},"modified":"2026-02-27T09:37:04","modified_gmt":"2026-02-27T09:37:04","slug":"songmics-korurasia-kleeblatt-tummanruskea","status":"publish","type":"product","link":"https:\/\/nordicmart.andreevmaster.com\/fi\/tuote\/songmics-korurasia-kleeblatt-tummanruskea\/","title":{"rendered":"SONGMICS korurasia \u201eKleeblatt\u201c tummanruskea"},"content":{"rendered":"<p>Kaunis, tyylik\u00e4s ja kaksik\u00e4ytt\u00f6inen s\u00e4ilytysteline \u2013 todellinen katseenvangitsija jokaisessa modernissa kodissa! Tyylik\u00e4s s\u00e4ilytysteline vakuuttaa paitsi elegantilla muotoilullaan my\u00f6s toiminnallisuudellaan. Tuotetiedot: &#8211; Mitat: 31,5 x 26,5 x 19,5 cm &#8211; V\u00e4ri: tummanruskea &#8211; Materiaali: MDF-levy + sametti &#8211; 1. tasossa on 12 lokeroa (kukin 4,5 x 4,5 cm) ja yksi tasku (15,5 x 7,5 cm) sormuksille, joten voit j\u00e4rjest\u00e4\u00e4 korvakorut, rintakorut ja sormukset siististi. &#8211; Toinen taso on jaettu 12 samankokoiseen lokeroon (kukin 6 x 5 cm). Kolmas ja nelj\u00e4s taso on jaettu 4 ja 2 lokeroon (kukin 13 x 7,5 cm ja 15,5 x 13 cm). &#8211; Viides ja kuudes taso ovat kumpikin yksi iso laatikko ilman jakoja. &#8211; Erilaiset lokerot vastaavat eri kokoisten suosikkiesineidesi s\u00e4ilytystarpeita. Todella t\u00e4ydellinen kellojen, kaulakorujen, korvakoruiden ja monien muiden esineiden s\u00e4ilytykseen. Pakollinen hankinta kaikille korujen yst\u00e4ville ja ihanteellinen syntym\u00e4p\u00e4iv\u00e4- tai joululahja! Toimitus sis\u00e4lt\u00e4\u00e4: &#8211; 1 x korulaatikko<\/p>\n","protected":false},"excerpt":{"rendered":"<p>SONGMICS korulaatikko, korukotelo, korupakkaus, 5 laatikkoa, apilanlehtikuvio, kukat, kukkakuvio, MDF, puun ulkon\u00e4k\u00f6, tummanruskea JBC56W<\/p>\n","protected":false},"featured_media":40817,"comment_status":"open","ping_status":"closed","template":"","meta":[],"product_brand":[],"product_cat":[32],"product_tag":[],"class_list":{"0":"post-31731","1":"product","2":"type-product","3":"status-publish","4":"has-post-thumbnail","6":"product_cat-uncategorized-fi","8":"first","9":"instock","10":"shipping-taxable","11":"purchasable","12":"product-type-simple"},"_links":{"self":[{"href":"https:\/\/nordicmart.andreevmaster.com\/fi\/wp-json\/wp\/v2\/product\/31731","targetHints":{"allow":["GET"]}}],"collection":[{"href":"https:\/\/nordicmart.andreevmaster.com\/fi\/wp-json\/wp\/v2\/product"}],"about":[{"href":"https:\/\/nordicmart.andreevmaster.com\/fi\/wp-json\/wp\/v2\/types\/product"}],"replies":[{"embeddable":true,"href":"https:\/\/nordicmart.andreevmaster.com\/fi\/wp-json\/wp\/v2\/comments?post=31731"}],"wp:featuredmedia":[{"embeddable":true,"href":"https:\/\/nordicmart.andreevmaster.com\/fi\/wp-json\/wp\/v2\/media\/40817"}],"wp:attachment":[{"href":"https:\/\/nordicmart.andreevmaster.com\/fi\/wp-json\/wp\/v2\/media?parent=31731"}],"wp:term":[{"taxonomy":"product_brand","embeddable":true,"href":"https:\/\/nordicmart.andreevmaster.com\/fi\/wp-json\/wp\/v2\/product_brand?post=31731"},{"taxonomy":"product_cat","embeddable":true,"href":"https:\/\/nordicmart.andreevmaster.com\/fi\/wp-json\/wp\/v2\/product_cat?post=31731"},{"taxonomy":"product_tag","embeddable":true,"href":"https:\/\/nordicmart.andreevmaster.com\/fi\/wp-json\/wp\/v2\/product_tag?post=31731"}],"curies":[{"name":"wp","href":"https:\/\/api.w.org\/{rel}","templated":true}]}}