{"id":31730,"date":"2026-02-27T00:14:37","date_gmt":"2026-02-27T00:14:37","guid":{"rendered":"https:\/\/nordicmart.andreevmaster.com\/product\/songmics-korulaatikko-kleeblatt-valkoinen\/"},"modified":"2026-02-27T09:37:04","modified_gmt":"2026-02-27T09:37:04","slug":"songmics-korulaatikko-kleeblatt-valkoinen","status":"publish","type":"product","link":"https:\/\/nordicmart.andreevmaster.com\/fi\/tuote\/songmics-korulaatikko-kleeblatt-valkoinen\/","title":{"rendered":"SONGMICS korulaatikko \u201eKleeblatt\u201c valkoinen"},"content":{"rendered":"<p>Tuotetiedot: Mitat: 31,5 x 26,5 x 19,5 cm (L x K x S) Paino: 3,9 kg 1. tasossa on 12 lokeroa (kukin 4,5 x 4,5 cm) ja yksi tasku (15,5 x 7,5 cm) sormuksille. 2. taso on jaettu 12 samankokoiseen lokeroon (kukin 6 x 5 cm).Kolmas ja nelj\u00e4s taso on jaettu 4 ja 2 lokeroon (kukin 13 x 7,5 cm ja 15,5 x 13 cm).Toimitus sis\u00e4lt\u00e4\u00e4:1 x korulaatikko<\/p>\n","protected":false},"excerpt":{"rendered":"<p>SONGMICS korulaatikko, korukotelo, korupakkaus, 5 laatikkoa, apilanlehtikuvio, kukat, kukkakuvio, MDF, puun n\u00e4k\u00f6inen, valkoinen JBC55W<\/p>\n","protected":false},"featured_media":40816,"comment_status":"open","ping_status":"closed","template":"","meta":[],"product_brand":[],"product_cat":[32],"product_tag":[],"class_list":{"0":"post-31730","1":"product","2":"type-product","3":"status-publish","4":"has-post-thumbnail","6":"product_cat-uncategorized-fi","8":"first","9":"instock","10":"shipping-taxable","11":"purchasable","12":"product-type-simple"},"_links":{"self":[{"href":"https:\/\/nordicmart.andreevmaster.com\/fi\/wp-json\/wp\/v2\/product\/31730","targetHints":{"allow":["GET"]}}],"collection":[{"href":"https:\/\/nordicmart.andreevmaster.com\/fi\/wp-json\/wp\/v2\/product"}],"about":[{"href":"https:\/\/nordicmart.andreevmaster.com\/fi\/wp-json\/wp\/v2\/types\/product"}],"replies":[{"embeddable":true,"href":"https:\/\/nordicmart.andreevmaster.com\/fi\/wp-json\/wp\/v2\/comments?post=31730"}],"wp:featuredmedia":[{"embeddable":true,"href":"https:\/\/nordicmart.andreevmaster.com\/fi\/wp-json\/wp\/v2\/media\/40816"}],"wp:attachment":[{"href":"https:\/\/nordicmart.andreevmaster.com\/fi\/wp-json\/wp\/v2\/media?parent=31730"}],"wp:term":[{"taxonomy":"product_brand","embeddable":true,"href":"https:\/\/nordicmart.andreevmaster.com\/fi\/wp-json\/wp\/v2\/product_brand?post=31730"},{"taxonomy":"product_cat","embeddable":true,"href":"https:\/\/nordicmart.andreevmaster.com\/fi\/wp-json\/wp\/v2\/product_cat?post=31730"},{"taxonomy":"product_tag","embeddable":true,"href":"https:\/\/nordicmart.andreevmaster.com\/fi\/wp-json\/wp\/v2\/product_tag?post=31730"}],"curies":[{"name":"wp","href":"https:\/\/api.w.org\/{rel}","templated":true}]}}