{"id":31728,"date":"2026-02-27T00:14:37","date_gmt":"2026-02-27T00:14:37","guid":{"rendered":"https:\/\/nordicmart.andreevmaster.com\/product\/puukoteloinen-korurasia\/"},"modified":"2026-02-27T09:37:04","modified_gmt":"2026-02-27T09:37:04","slug":"puukoteloinen-korurasia","status":"publish","type":"product","link":"https:\/\/nordicmart.andreevmaster.com\/fi\/tuote\/puukoteloinen-korurasia\/","title":{"rendered":"Puukoteloinen korurasia"},"content":{"rendered":"<p>Ovatko suosikkikorusi jo valumassa ulos korurasiaasi? Vaihda vanha korurasia t\u00e4h\u00e4n suurempaan korurasiaan ja pid\u00e4 kaikki korusi j\u00e4rjestyksess\u00e4. Ei en\u00e4\u00e4 kaivamista sotkuisista laatikoista oikean korun l\u00f6yt\u00e4miseksi! Nyt l\u00f6yd\u00e4t kaikki korusi hetkess\u00e4, hyvin suojattuna lasten k\u00e4siilt\u00e4: Et varmasti olisi iloinen, jos tulisit t\u00f6ist\u00e4 kotiin ja l\u00f6yt\u00e4isit korusi sotkuisina ja likaisina lastenhuoneesta. Ja se voi tapahtua uudelleen huomenna! Mutta \u00e4l\u00e4 huoli! T\u00e4m\u00e4 lukittava korurasia pit\u00e4\u00e4 arvotavarat lasten ulottumattomissa, ja peili on v\u00e4ltt\u00e4m\u00e4t\u00f6n: kun kokeilet koruja, peiliin katsominen on v\u00e4ltt\u00e4m\u00e4t\u00f6nt\u00e4. T\u00e4m\u00e4n SONGMICS-korurasian ja peilin avulla voit sanoa hyv\u00e4stit p\u00e4iville, jolloin jouduit juoksemaan edestakaisin peilip\u00f6yd\u00e4n ja kylpyhuoneen v\u00e4lill\u00e4. \u00c4l\u00e4 en\u00e4\u00e4 ep\u00e4r\u00f6i, vaan osta t\u00e4m\u00e4 korurasia kotiisi! Tuotetiedot: V\u00e4ri: valkoinen Materiaali: MDF, sametti, lasi Tuotteen koko: 31 x 21 x 27,2 cm (L x S x K) Tuotteen paino: 4,7 kg Toimitus sis\u00e4lt\u00e4\u00e4: 1 x korurasia<\/p>\n","protected":false},"excerpt":{"rendered":"<p>Ovatko suosikkikorusi jo valumassa ulos korurasiaasi? Vaihda vanha korurasia t\u00e4h\u00e4n suurempaan korurasiaan ja pid\u00e4 kaikki korusi j\u00e4rjestyksess\u00e4. Ei en\u00e4\u00e4 kaivamista sotkuisista laatikoista oikean korun l\u00f6yt\u00e4miseksi! Nyt l\u00f6yd\u00e4t kaikki korusi hetkess\u00e4, hyvin suojattuna lasten k\u00e4siilt\u00e4: Et varmasti olisi iloinen, jos tulisit t\u00f6ist\u00e4 kotiin ja l\u00f6yt\u00e4isit korusi sotkuisina ja likaisina lastenhuoneesta. Ja se voi tapahtua uudelleen huomenna! [&hellip;]<\/p>\n","protected":false},"featured_media":0,"comment_status":"open","ping_status":"closed","template":"","meta":[],"product_brand":[],"product_cat":[32],"product_tag":[],"class_list":{"0":"post-31728","1":"product","2":"type-product","3":"status-publish","5":"product_cat-uncategorized-fi","7":"first","8":"instock","9":"shipping-taxable","10":"product-type-simple"},"_links":{"self":[{"href":"https:\/\/nordicmart.andreevmaster.com\/fi\/wp-json\/wp\/v2\/product\/31728","targetHints":{"allow":["GET"]}}],"collection":[{"href":"https:\/\/nordicmart.andreevmaster.com\/fi\/wp-json\/wp\/v2\/product"}],"about":[{"href":"https:\/\/nordicmart.andreevmaster.com\/fi\/wp-json\/wp\/v2\/types\/product"}],"replies":[{"embeddable":true,"href":"https:\/\/nordicmart.andreevmaster.com\/fi\/wp-json\/wp\/v2\/comments?post=31728"}],"wp:attachment":[{"href":"https:\/\/nordicmart.andreevmaster.com\/fi\/wp-json\/wp\/v2\/media?parent=31728"}],"wp:term":[{"taxonomy":"product_brand","embeddable":true,"href":"https:\/\/nordicmart.andreevmaster.com\/fi\/wp-json\/wp\/v2\/product_brand?post=31728"},{"taxonomy":"product_cat","embeddable":true,"href":"https:\/\/nordicmart.andreevmaster.com\/fi\/wp-json\/wp\/v2\/product_cat?post=31728"},{"taxonomy":"product_tag","embeddable":true,"href":"https:\/\/nordicmart.andreevmaster.com\/fi\/wp-json\/wp\/v2\/product_tag?post=31728"}],"curies":[{"name":"wp","href":"https:\/\/api.w.org\/{rel}","templated":true}]}}