{"id":31727,"date":"2026-02-27T00:14:36","date_gmt":"2026-02-27T00:14:36","guid":{"rendered":"https:\/\/nordicmart.andreevmaster.com\/product\/songmics-tyylikas-ripustettava-korukaappi\/"},"modified":"2026-02-27T09:37:03","modified_gmt":"2026-02-27T09:37:03","slug":"songmics-tyylikas-ripustettava-korukaappi","status":"publish","type":"product","link":"https:\/\/nordicmart.andreevmaster.com\/fi\/tuote\/songmics-tyylikas-ripustettava-korukaappi\/","title":{"rendered":"SONGMICS Tyylik\u00e4s ripustettava korukaappi"},"content":{"rendered":"<p>Jos etsit sein\u00e4peili\u00e4, jossa on s\u00e4ilytystilaa, Songmics-peili- ja korukaappi on hyv\u00e4 valinta. Kaapissa on runsaasti tilaa, ja kaikki voidaan j\u00e4rjest\u00e4\u00e4 siististi ilman, ett\u00e4 tavarat menev\u00e4t sekaisin. Halutut korut on helppo l\u00f6yt\u00e4\u00e4. Kokoonpano on eritt\u00e4in helppoa, koska kaapin runko on jo t\u00e4ysin koottu. Sinun tarvitsee vain ripustaa se sein\u00e4lle. Lis\u00e4ksi pakkaus yll\u00e4tt\u00e4\u00e4 sinut varmasti, kun avaat sen. Songmics-peili- ja korukaapista on iloa vuosiksi. Huomautukset: &#8211; Peili on s\u00e4rkyv\u00e4\u00e4, joten k\u00e4sittele sit\u00e4 varovasti ja suojaa kaappia kaatumasta, jotta peili ei rikkoudu. Tuotetiedot: &#8211; V\u00e4ri: valkoinen &#8211; Mitat: 37 x 67 x 10,5 cm (L x K x S) &#8211; Peilin mitat: 59 x 29 cm (L x S) &#8211; Materiaali: MDF-levy + sametti + peili &#8211; Paino: 5,4 kg   Toimitus sis\u00e4lt\u00e4\u00e4: &#8211; 1 x korukaappi &#8211; 2 x avain &#8211; 2 x ruuvi &#8211; 2 x tulppa<\/p>\n","protected":false},"excerpt":{"rendered":"<p>SONGMICS ripustettava, korukotelo, sein\u00e4peili ripustettavaksi, ovella ja magneettisulkimella, sein\u00e4kiinnitys, peilill\u00e4, sein\u00e4lle 67 x 37 x 10,5 cm valkoinen JBC51W<\/p>\n","protected":false},"featured_media":40815,"comment_status":"open","ping_status":"closed","template":"","meta":[],"product_brand":[],"product_cat":[32],"product_tag":[],"class_list":{"0":"post-31727","1":"product","2":"type-product","3":"status-publish","4":"has-post-thumbnail","6":"product_cat-uncategorized-fi","8":"first","9":"instock","10":"shipping-taxable","11":"purchasable","12":"product-type-simple"},"_links":{"self":[{"href":"https:\/\/nordicmart.andreevmaster.com\/fi\/wp-json\/wp\/v2\/product\/31727","targetHints":{"allow":["GET"]}}],"collection":[{"href":"https:\/\/nordicmart.andreevmaster.com\/fi\/wp-json\/wp\/v2\/product"}],"about":[{"href":"https:\/\/nordicmart.andreevmaster.com\/fi\/wp-json\/wp\/v2\/types\/product"}],"replies":[{"embeddable":true,"href":"https:\/\/nordicmart.andreevmaster.com\/fi\/wp-json\/wp\/v2\/comments?post=31727"}],"wp:featuredmedia":[{"embeddable":true,"href":"https:\/\/nordicmart.andreevmaster.com\/fi\/wp-json\/wp\/v2\/media\/40815"}],"wp:attachment":[{"href":"https:\/\/nordicmart.andreevmaster.com\/fi\/wp-json\/wp\/v2\/media?parent=31727"}],"wp:term":[{"taxonomy":"product_brand","embeddable":true,"href":"https:\/\/nordicmart.andreevmaster.com\/fi\/wp-json\/wp\/v2\/product_brand?post=31727"},{"taxonomy":"product_cat","embeddable":true,"href":"https:\/\/nordicmart.andreevmaster.com\/fi\/wp-json\/wp\/v2\/product_cat?post=31727"},{"taxonomy":"product_tag","embeddable":true,"href":"https:\/\/nordicmart.andreevmaster.com\/fi\/wp-json\/wp\/v2\/product_tag?post=31727"}],"curies":[{"name":"wp","href":"https:\/\/api.w.org\/{rel}","templated":true}]}}