{"id":31726,"date":"2026-02-27T00:14:36","date_gmt":"2026-02-27T00:14:36","guid":{"rendered":"https:\/\/nordicmart.andreevmaster.com\/product\/songmics-ensiapulaukku-pitka-ja-suuri\/"},"modified":"2026-02-27T09:37:03","modified_gmt":"2026-02-27T09:37:03","slug":"songmics-ensiapulaukku-pitka-ja-suuri","status":"publish","type":"product","link":"https:\/\/nordicmart.andreevmaster.com\/fi\/tuote\/songmics-ensiapulaukku-pitka-ja-suuri\/","title":{"rendered":"SONGMICS ensiapulaukku, pitk\u00e4 ja suuri"},"content":{"rendered":"<p>Kuvaus\uff1a T\u00e4m\u00e4 trendik\u00e4s l\u00e4\u00e4kekaappi on iskunkest\u00e4v\u00e4 ja s\u00e4rkym\u00e4t\u00f6n, ja pit\u00e4\u00e4 kotiapteekkisi aina k\u00e4den ulottuvilla. Sen tyylik\u00e4s ja huomiota her\u00e4tt\u00e4v\u00e4 ulkon\u00e4k\u00f6 tekee siit\u00e4 todellisen katseenvangitsijan! Tilava ensiapulaukku tarjoaa runsaasti tilaa 2 tasolla ja useilla jaetuilla lokeroilla ensimm\u00e4isell\u00e4 tasolla. Siihen mahtuu erilaisia haavanhoitotuotteita (siteet, kompressit, laastarit) ja yleisi\u00e4 l\u00e4\u00e4kkeit\u00e4. Kaikki pysyy j\u00e4rjestyksess\u00e4 ja on aina k\u00e4den ulottuvilla. Lukolla ja 2 avaimella l\u00e4\u00e4kkeet voidaan s\u00e4ilytt\u00e4\u00e4 turvallisesti poissa lasten ja sivullisten ulottuvilta. Mukavan kantokahvan ja kantohihnan ansiosta l\u00e4\u00e4kekaappi on helppo kuljettaa.  Huomautukset: 1. Ennen sulkemista sinun on kohdistettava ura oikein kotelon reunassa olevaan jouseen. 2. Irrotettava lokero sopii vain alle 4,5 cm korkeille esineille.  Tuotetiedot: Materiaali: hopeanv\u00e4rinen alumiiniseoslista + hopeanv\u00e4rinen rakeinen ABS-pinta + keskitihe\u00e4 puukuitulevy (MDF) Kahva: kromattu ABS-kahva Sis\u00e4tila: Harmaa sametti V\u00e4ri: hopeanhohtoinen Mitat: Matkalaukun mitat: 40 x 22,5 x 20,5 cm (L x K x S) Irrotettava lokero: 23,5 x 4,5 x 8 cm (L x K x S) 2 suorakulmaista lokeroa: kukin 14 x 4,5 x 16,4 cm (L x K x S) neli\u00f6nmuotoinen lokero: 14 x 16,4 x 4,5 cm (L x K x S) Toimitus sis\u00e4lt\u00e4\u00e4: 1 x l\u00e4\u00e4k\u00e4rilaukku 1 x kantohihna 2 x avain<\/p>\n","protected":false},"excerpt":{"rendered":"<p>SONGMICS Tyhj\u00e4 ensiapulaukku, laatikko, jossa 2 alumiinikerrosta, 40 x 20,5 x 22,5 cm JBC36S<\/p>\n","protected":false},"featured_media":40814,"comment_status":"open","ping_status":"closed","template":"","meta":[],"product_brand":[],"product_cat":[32],"product_tag":[],"class_list":{"0":"post-31726","1":"product","2":"type-product","3":"status-publish","4":"has-post-thumbnail","6":"product_cat-uncategorized-fi","8":"first","9":"instock","10":"shipping-taxable","11":"purchasable","12":"product-type-simple"},"_links":{"self":[{"href":"https:\/\/nordicmart.andreevmaster.com\/fi\/wp-json\/wp\/v2\/product\/31726","targetHints":{"allow":["GET"]}}],"collection":[{"href":"https:\/\/nordicmart.andreevmaster.com\/fi\/wp-json\/wp\/v2\/product"}],"about":[{"href":"https:\/\/nordicmart.andreevmaster.com\/fi\/wp-json\/wp\/v2\/types\/product"}],"replies":[{"embeddable":true,"href":"https:\/\/nordicmart.andreevmaster.com\/fi\/wp-json\/wp\/v2\/comments?post=31726"}],"wp:featuredmedia":[{"embeddable":true,"href":"https:\/\/nordicmart.andreevmaster.com\/fi\/wp-json\/wp\/v2\/media\/40814"}],"wp:attachment":[{"href":"https:\/\/nordicmart.andreevmaster.com\/fi\/wp-json\/wp\/v2\/media?parent=31726"}],"wp:term":[{"taxonomy":"product_brand","embeddable":true,"href":"https:\/\/nordicmart.andreevmaster.com\/fi\/wp-json\/wp\/v2\/product_brand?post=31726"},{"taxonomy":"product_cat","embeddable":true,"href":"https:\/\/nordicmart.andreevmaster.com\/fi\/wp-json\/wp\/v2\/product_cat?post=31726"},{"taxonomy":"product_tag","embeddable":true,"href":"https:\/\/nordicmart.andreevmaster.com\/fi\/wp-json\/wp\/v2\/product_tag?post=31726"}],"curies":[{"name":"wp","href":"https:\/\/api.w.org\/{rel}","templated":true}]}}