{"id":31725,"date":"2026-02-27T00:14:36","date_gmt":"2026-02-27T00:14:36","guid":{"rendered":"https:\/\/nordicmart.andreevmaster.com\/product\/songmics-suuri-ensiapulaukku\/"},"modified":"2026-02-27T09:37:03","modified_gmt":"2026-02-27T09:37:03","slug":"songmics-suuri-ensiapulaukku","status":"publish","type":"product","link":"https:\/\/nordicmart.andreevmaster.com\/fi\/tuote\/songmics-suuri-ensiapulaukku\/","title":{"rendered":"SONGMICS suuri ensiapulaukku"},"content":{"rendered":"<p>T\u00e4m\u00e4 trendik\u00e4s l\u00e4\u00e4kelaatikko on iskunkest\u00e4v\u00e4 ja s\u00e4rkym\u00e4t\u00f6n, ja pit\u00e4\u00e4 kotiapteekkisi aina k\u00e4den ulottuvilla. Sen tyylik\u00e4s ja huomiota her\u00e4tt\u00e4v\u00e4 ulkon\u00e4k\u00f6 tekee siit\u00e4 todellisen katseenvangitsijan! Tilava ensiapulaukku tarjoaa runsaasti tilaa 2 tasolla ja kannessa olevilla taskuilla ja kiinnitysnauhoilla. Siihen mahtuu erilaisia haavanhoitotuotteita (siteet, kompressit, laastarit) ja yleisi\u00e4 l\u00e4\u00e4kkeit\u00e4. Kaikki pysyy j\u00e4rjestyksess\u00e4 ja on aina k\u00e4den ulottuvilla. Lukolla ja 2 avaimella l\u00e4\u00e4kkeet voidaan s\u00e4ilytt\u00e4\u00e4 turvallisesti poissa lasten ja sivullisten ulottuvilta. Mukavan kantokahvan ja kantohihnan ansiosta l\u00e4\u00e4kekaappi on helppo kuljettaa. Huomautukset: &#8211; Ennen sulkemista sinun on kohdistettava ura oikein kotelon reunassa olevaan jousiin. &#8211; Irrotettava lokero sopii vain alle 5 cm korkeille esineille. &#8211; Ennen tilaamista tutustu laatikon mittoihin. Tuotetiedot: &#8211; Materiaali: &#8211; Runko: MDF-levy + hopeiset alumiinilistat &#8211; Verhoilu: hopeinen ABS, uritettu pinta &#8211; Sis\u00e4vuori: harmaa sametti &#8211; Kahva: kromattu ABS-muovi &#8211; Kokonaismitat: 35 x 23 x 20,5 cm (L x K x S) &#8211; Kansi: &#8211; Pitohihnan pituus (2 x): 28 cm &#8211; Taskun mitat (2 x): 15 x 7,5 cm &#8211; Irrotettavan hyllyn mitat: 33 x 3,5 x 17 cm (L x K x S) &#8211; 1. lokeron mitat (1 x) : 10,2 x 3 x 6,2 cm (L x K x S) &#8211; 2. lokeron mitat (3 x) : 11 x 3 x 6,5 cm (L x K x S) &#8211; 3. lokeron mitat (1 x): 21 x 3 x 5 cm (L x K x S) &#8211; Alalokeron mitat: 33,5 x (14 + 3,5) x 19 cm (L x K x S) Toimitus sis\u00e4lt\u00e4\u00e4: &#8211; 1 x l\u00e4\u00e4k\u00e4rilaukku &#8211; 1 x kantohihna &#8211; 2 x avain<\/p>\n","protected":false},"excerpt":{"rendered":"<p>SONGMICS JBC362S Ensiapulaukku L\u00e4\u00e4kelaatikko kantokahvalla Alumiinilistat ABS hopeanv\u00e4rinen<\/p>\n","protected":false},"featured_media":40813,"comment_status":"open","ping_status":"closed","template":"","meta":[],"product_brand":[],"product_cat":[32],"product_tag":[],"class_list":{"0":"post-31725","1":"product","2":"type-product","3":"status-publish","4":"has-post-thumbnail","6":"product_cat-uncategorized-fi","8":"first","9":"instock","10":"shipping-taxable","11":"purchasable","12":"product-type-simple"},"_links":{"self":[{"href":"https:\/\/nordicmart.andreevmaster.com\/fi\/wp-json\/wp\/v2\/product\/31725","targetHints":{"allow":["GET"]}}],"collection":[{"href":"https:\/\/nordicmart.andreevmaster.com\/fi\/wp-json\/wp\/v2\/product"}],"about":[{"href":"https:\/\/nordicmart.andreevmaster.com\/fi\/wp-json\/wp\/v2\/types\/product"}],"replies":[{"embeddable":true,"href":"https:\/\/nordicmart.andreevmaster.com\/fi\/wp-json\/wp\/v2\/comments?post=31725"}],"wp:featuredmedia":[{"embeddable":true,"href":"https:\/\/nordicmart.andreevmaster.com\/fi\/wp-json\/wp\/v2\/media\/40813"}],"wp:attachment":[{"href":"https:\/\/nordicmart.andreevmaster.com\/fi\/wp-json\/wp\/v2\/media?parent=31725"}],"wp:term":[{"taxonomy":"product_brand","embeddable":true,"href":"https:\/\/nordicmart.andreevmaster.com\/fi\/wp-json\/wp\/v2\/product_brand?post=31725"},{"taxonomy":"product_cat","embeddable":true,"href":"https:\/\/nordicmart.andreevmaster.com\/fi\/wp-json\/wp\/v2\/product_cat?post=31725"},{"taxonomy":"product_tag","embeddable":true,"href":"https:\/\/nordicmart.andreevmaster.com\/fi\/wp-json\/wp\/v2\/product_tag?post=31725"}],"curies":[{"name":"wp","href":"https:\/\/api.w.org\/{rel}","templated":true}]}}