{"id":31724,"date":"2026-02-27T00:14:36","date_gmt":"2026-02-27T00:14:36","guid":{"rendered":"https:\/\/nordicmart.andreevmaster.com\/product\/songmics-ensiapulaukku-keskikokoinen\/"},"modified":"2026-02-27T09:37:03","modified_gmt":"2026-02-27T09:37:03","slug":"songmics-ensiapulaukku-keskikokoinen","status":"publish","type":"product","link":"https:\/\/nordicmart.andreevmaster.com\/fi\/tuote\/songmics-ensiapulaukku-keskikokoinen\/","title":{"rendered":"SONGMICS ensiapulaukku, keskikokoinen"},"content":{"rendered":"<p>T\u00e4m\u00e4 trendik\u00e4s l\u00e4\u00e4kekaappi on iskunkest\u00e4v\u00e4 ja s\u00e4rkym\u00e4t\u00f6n, ja pit\u00e4\u00e4 kotiapteekkisi aina k\u00e4den ulottuvilla. Sen tyylik\u00e4s ja huomiota her\u00e4tt\u00e4v\u00e4 ulkon\u00e4k\u00f6 tekee siit\u00e4 todellisen katseenvangitsijan! Tilava ensiapulaukku tarjoaa runsaasti tilaa kahdella tasolla ja sivutaskulla. Siihen mahtuu erilaisia haavanhoitotuotteita (siteet, kompressit, laastarit) ja yleisi\u00e4 l\u00e4\u00e4kkeit\u00e4. Kaikki pysyy j\u00e4rjestyksess\u00e4 ja on aina k\u00e4den ulottuvilla. Lukolla ja kahdella avaimella l\u00e4\u00e4kkeet voidaan s\u00e4ilytt\u00e4\u00e4 turvallisesti poissa lasten ja muiden henkil\u00f6iden ulottuvilta. Mukavan kantokahvan ja kantohihnan ansiosta l\u00e4\u00e4kekaappi on helppo kuljettaa. Huomautukset: &#8211; Ennen sulkemista sinun on kohdistettava ura oikein kotelon reunassa olevaan jouseen. &#8211; Irrotettava lokero sopii vain alle 5 cm korkeille esineille. &#8211; Ennen tilaamista tutustu laatikon mittoihin. Tuotetiedot: &#8211; Materiaali: &#8211; Runko: MDF-levy + hopeiset alumiinilistat &#8211; Verhoilu: hopeinen ABS, uritettu pinta &#8211; Sis\u00e4vuori: harmaa sametti &#8211; Kahva: kromattu ABS-muovi &#8211; Kokonaismitat: 30 x 23 x 20,5 cm (L x K x S) &#8211; Mitat 1. taso: 28 x 3 x 10,5 cm (L x K x S) &#8211; Mitat suorakulmainen lokero : 17 x 3 x 9,5 cm (L x K x S) &#8211; Mitat neli\u00f6nmuotoinen lokero: 9,5 x 3 x 9,5 cm (L x K x S) &#8211; Mitat 2. taso: 29 x 17 x 19 cm (L x K x S) &#8211; Mitat tasku: 12 x 8 cm (L x K) Toimitus sis\u00e4lt\u00e4\u00e4: &#8211; 1 x l\u00e4\u00e4k\u00e4rilaukku &#8211; 1 x kantohihna &#8211; 2 x avain<\/p>\n","protected":false},"excerpt":{"rendered":"<p>SONGMICS ensiapulaukku l\u00e4\u00e4kelaatikko s\u00e4ilytyslaatikko l\u00e4\u00e4kekotelo l\u00e4\u00e4kelaatikko l\u00e4\u00e4kepakkaus l\u00e4\u00e4kepakkaus kantokahvalla kantohihnalla alumiinilistoilla ABS hopeanv\u00e4rinen JBC361S<\/p>\n","protected":false},"featured_media":40812,"comment_status":"open","ping_status":"closed","template":"","meta":[],"product_brand":[],"product_cat":[32],"product_tag":[],"class_list":{"0":"post-31724","1":"product","2":"type-product","3":"status-publish","4":"has-post-thumbnail","6":"product_cat-uncategorized-fi","8":"first","9":"instock","10":"shipping-taxable","11":"purchasable","12":"product-type-simple"},"_links":{"self":[{"href":"https:\/\/nordicmart.andreevmaster.com\/fi\/wp-json\/wp\/v2\/product\/31724","targetHints":{"allow":["GET"]}}],"collection":[{"href":"https:\/\/nordicmart.andreevmaster.com\/fi\/wp-json\/wp\/v2\/product"}],"about":[{"href":"https:\/\/nordicmart.andreevmaster.com\/fi\/wp-json\/wp\/v2\/types\/product"}],"replies":[{"embeddable":true,"href":"https:\/\/nordicmart.andreevmaster.com\/fi\/wp-json\/wp\/v2\/comments?post=31724"}],"wp:featuredmedia":[{"embeddable":true,"href":"https:\/\/nordicmart.andreevmaster.com\/fi\/wp-json\/wp\/v2\/media\/40812"}],"wp:attachment":[{"href":"https:\/\/nordicmart.andreevmaster.com\/fi\/wp-json\/wp\/v2\/media?parent=31724"}],"wp:term":[{"taxonomy":"product_brand","embeddable":true,"href":"https:\/\/nordicmart.andreevmaster.com\/fi\/wp-json\/wp\/v2\/product_brand?post=31724"},{"taxonomy":"product_cat","embeddable":true,"href":"https:\/\/nordicmart.andreevmaster.com\/fi\/wp-json\/wp\/v2\/product_cat?post=31724"},{"taxonomy":"product_tag","embeddable":true,"href":"https:\/\/nordicmart.andreevmaster.com\/fi\/wp-json\/wp\/v2\/product_tag?post=31724"}],"curies":[{"name":"wp","href":"https:\/\/api.w.org\/{rel}","templated":true}]}}