{"id":31720,"date":"2026-02-27T00:14:35","date_gmt":"2026-02-27T00:14:35","guid":{"rendered":"https:\/\/nordicmart.andreevmaster.com\/product\/songmics-ammattimainen-kosmetiikkalaukku-musta\/"},"modified":"2026-02-27T09:37:02","modified_gmt":"2026-02-27T09:37:02","slug":"songmics-ammattimainen-kosmetiikkalaukku-musta","status":"publish","type":"product","link":"https:\/\/nordicmart.andreevmaster.com\/fi\/tuote\/songmics-ammattimainen-kosmetiikkalaukku-musta\/","title":{"rendered":"SONGMICS Ammattimainen kosmetiikkalaukku, musta"},"content":{"rendered":"<p>Meikkip\u00f6yd\u00e4n laatikoiden penkominen punanahan tai silm\u00e4nrajauskyn\u00e4n l\u00f6yt\u00e4miseksi on vihdoin ohi. Erityisesti aamuisin t\u00e4m\u00e4 s\u00e4\u00e4st\u00e4\u00e4 aikaa ja ennen kaikkea hermoja. S\u00e4ilyt\u00e4 kosmetiikkatuotteet siististi: j\u00e4rjest\u00e4 huulipuna, siveltimet, puuteri, ripsiv\u00e4ri, kynsilakka, silm\u00e4nrajauskyn\u00e4 ja muut tuotteet meikkilaukun kahteen yl\u00e4osaan, jotka ovat kuin harmonikka. Alempi lokero sopii erinomaisesti suuremmille esineille, kuten UV-lampuille tai hiustenkuivaajille. T\u00e4m\u00e4n meikkikotelon avulla meikin yst\u00e4v\u00e4t eiv\u00e4t varmasti tee v\u00e4\u00e4r\u00e4\u00e4 valintaa. Sopii my\u00f6s ompelutarvikkeille: Kadonnut neula voi vahingoittaa ihmisi\u00e4, jopa vakavasti, jos esimerkiksi vauva ry\u00f6mii lattialla. S\u00e4ilyt\u00e4 siis ompelutarvikkeet t\u00e4ss\u00e4 kotelossa ja muista lukita se.Oletko ammattilainen?\uff1aT\u00e4m\u00e4 meikkilaukku on loistava valinta jopa ammattimaisille kosmetologeille. K\u00e4tev\u00e4n olkahihnan ansiosta voit kuljettaa meikkisi paikasta toiseen ilman, ett\u00e4 sinun tarvitsee k\u00e4ytt\u00e4\u00e4 k\u00e4si\u00e4si. Jos kosmetiikkatuotteesi ovat kuitenkin yhteens\u00e4 melko painavia, suosittelemme tutustumaan my\u00f6s meikkivaunuihimme.Tuotetiedot: V\u00e4ri: musta Materiaali: MDF (keskitihe\u00e4 kuitulevy), ABS-muovi, alumiini Koko: 36 x 22 x 25 cm (P x L x K) Paino: 2,6 kg Toimitus sis\u00e4lt\u00e4\u00e4: 1 x kosmetiikkalaukku 2 x avain 1 x olkahihna SONGMICS-ohjeet: \u00c4l\u00e4 altista tuotetta suoralle auringonvalolle.Avaimet ovat eritt\u00e4in pieni\u00e4. S\u00e4ilyt\u00e4 ne lasten ulottumattomissa, jotta v\u00e4lt\u00e4t terveysriskit, kuten avainten nielemisen.<\/p>\n","protected":false},"excerpt":{"rendered":"<p>SONGMICS kosmetiikkalaukku, meikkilaatikko, kauneuslaukku kampaajille, kosmetologeille, meikkitaiteilijoille ja maskeerajille, ompelutarvikkeille, lukittava kosmetiikkalaatikko olkahihnalla, musta JBC321BKV1<\/p>\n","protected":false},"featured_media":40808,"comment_status":"open","ping_status":"closed","template":"","meta":[],"product_brand":[],"product_cat":[32],"product_tag":[],"class_list":{"0":"post-31720","1":"product","2":"type-product","3":"status-publish","4":"has-post-thumbnail","6":"product_cat-uncategorized-fi","8":"first","9":"instock","10":"shipping-taxable","11":"purchasable","12":"product-type-simple"},"_links":{"self":[{"href":"https:\/\/nordicmart.andreevmaster.com\/fi\/wp-json\/wp\/v2\/product\/31720","targetHints":{"allow":["GET"]}}],"collection":[{"href":"https:\/\/nordicmart.andreevmaster.com\/fi\/wp-json\/wp\/v2\/product"}],"about":[{"href":"https:\/\/nordicmart.andreevmaster.com\/fi\/wp-json\/wp\/v2\/types\/product"}],"replies":[{"embeddable":true,"href":"https:\/\/nordicmart.andreevmaster.com\/fi\/wp-json\/wp\/v2\/comments?post=31720"}],"wp:featuredmedia":[{"embeddable":true,"href":"https:\/\/nordicmart.andreevmaster.com\/fi\/wp-json\/wp\/v2\/media\/40808"}],"wp:attachment":[{"href":"https:\/\/nordicmart.andreevmaster.com\/fi\/wp-json\/wp\/v2\/media?parent=31720"}],"wp:term":[{"taxonomy":"product_brand","embeddable":true,"href":"https:\/\/nordicmart.andreevmaster.com\/fi\/wp-json\/wp\/v2\/product_brand?post=31720"},{"taxonomy":"product_cat","embeddable":true,"href":"https:\/\/nordicmart.andreevmaster.com\/fi\/wp-json\/wp\/v2\/product_cat?post=31720"},{"taxonomy":"product_tag","embeddable":true,"href":"https:\/\/nordicmart.andreevmaster.com\/fi\/wp-json\/wp\/v2\/product_tag?post=31720"}],"curies":[{"name":"wp","href":"https:\/\/api.w.org\/{rel}","templated":true}]}}