{"id":31719,"date":"2026-02-27T00:14:35","date_gmt":"2026-02-27T00:14:35","guid":{"rendered":"https:\/\/nordicmart.andreevmaster.com\/product\/professionel-kosmetikaeske-sort-2\/"},"modified":"2026-02-27T09:37:02","modified_gmt":"2026-02-27T09:37:02","slug":"professionel-kosmetikaeske-sort-2","status":"publish","type":"product","link":"https:\/\/nordicmart.andreevmaster.com\/fi\/tuote\/professionel-kosmetikaeske-sort-2\/","title":{"rendered":"Professionel kosmetik\u00e6ske sort"},"content":{"rendered":"<p>Lopultkin on p\u00e4\u00e4ssyt eroon vessap\u00f6yd\u00e4n laatikoiden penkomisesta l\u00f6yt\u00e4\u00e4kseen poskipunaa tai rajauskyn\u00e4\u00e4. Se s\u00e4\u00e4st\u00e4\u00e4 aikaa ja ennen kaikkea hermoja, etenkin aamuisin:J\u00e4rjest\u00e4 huulipunat, siveltimet, puuterit, ripsiv\u00e4rit, kynsilakat, rajauskyn\u00e4t ja muut kosmetiikkatuotteet meikkilaukun kahteen ylimp\u00e4\u00e4n, harmonikan kaltaiseen tasoon. Alempi lokero on ihanteellinen suuremmille esineille, kuten UV-lampuille tai hiustenkuivaajille. Meikkien yst\u00e4v\u00e4t eiv\u00e4t varmasti mene vikaan t\u00e4m\u00e4n meikkilaukun kanssa, joka sopii my\u00f6s ompelutarvikkeille: Kadonnut neula voi vahingoittaa ihmisi\u00e4, jopa vakavasti, jos esimerkiksi vauva ry\u00f6mii lattialla. S\u00e4ilyt\u00e4 siis ompelutarvikkeet t\u00e4ss\u00e4 laukussa ja muista lukita se. Oletko ammattikosmetologi? K\u00e4yt\u00e4nn\u00f6llisen olkahihnan avulla voit kuljettaa meikkisi paikasta toiseen k\u00e4si\u00e4si k\u00e4ytt\u00e4m\u00e4tt\u00e4, mutta jos kosmetiikkasi painavat paljon, suosittelemme, ett\u00e4 tutustut my\u00f6s meikkivaunuihimme. Tuotetiedot: V\u00e4ri: Musta Materiaali: MDF (keskitihe\u00e4 kuitulevy), ABS-muovi, alumiini Koko: 36 x 22 x 25 cm (P x L x K) Paino: 2,6 kg Toimitus sis\u00e4lt\u00e4\u00e4: 1 x kosmetiikkalaukku 2 x avain 1 x olkahihna SONGMICSin neuvo: \u00c4l\u00e4 altista tuotetta suoralle auringonvalolle. Avaimet ovat hyvin pieni\u00e4. S\u00e4ilyt\u00e4 ne siksi lasten ulottumattomissa terveysriskien, kuten avainten nielemisen, v\u00e4ltt\u00e4miseksi.<\/p>\n","protected":false},"excerpt":{"rendered":"<p>Lopultkin on p\u00e4\u00e4ssyt eroon vessap\u00f6yd\u00e4n laatikoiden penkomisesta l\u00f6yt\u00e4\u00e4kseen poskipunaa tai rajauskyn\u00e4\u00e4. Se s\u00e4\u00e4st\u00e4\u00e4 aikaa ja ennen kaikkea hermoja, etenkin aamuisin:J\u00e4rjest\u00e4 huulipunat, siveltimet, puuterit, ripsiv\u00e4rit, kynsilakat, rajauskyn\u00e4t ja muut kosmetiikkatuotteet meikkilaukun kahteen ylimp\u00e4\u00e4n, harmonikan kaltaiseen tasoon. Alempi lokero on ihanteellinen suuremmille esineille, kuten UV-lampuille tai hiustenkuivaajille. Meikkien yst\u00e4v\u00e4t eiv\u00e4t varmasti mene vikaan t\u00e4m\u00e4n meikkilaukun kanssa, joka [&hellip;]<\/p>\n","protected":false},"featured_media":0,"comment_status":"open","ping_status":"closed","template":"","meta":[],"product_brand":[],"product_cat":[32],"product_tag":[],"class_list":{"0":"post-31719","1":"product","2":"type-product","3":"status-publish","5":"product_cat-uncategorized-fi","7":"first","8":"instock","9":"shipping-taxable","10":"product-type-simple"},"_links":{"self":[{"href":"https:\/\/nordicmart.andreevmaster.com\/fi\/wp-json\/wp\/v2\/product\/31719","targetHints":{"allow":["GET"]}}],"collection":[{"href":"https:\/\/nordicmart.andreevmaster.com\/fi\/wp-json\/wp\/v2\/product"}],"about":[{"href":"https:\/\/nordicmart.andreevmaster.com\/fi\/wp-json\/wp\/v2\/types\/product"}],"replies":[{"embeddable":true,"href":"https:\/\/nordicmart.andreevmaster.com\/fi\/wp-json\/wp\/v2\/comments?post=31719"}],"wp:attachment":[{"href":"https:\/\/nordicmart.andreevmaster.com\/fi\/wp-json\/wp\/v2\/media?parent=31719"}],"wp:term":[{"taxonomy":"product_brand","embeddable":true,"href":"https:\/\/nordicmart.andreevmaster.com\/fi\/wp-json\/wp\/v2\/product_brand?post=31719"},{"taxonomy":"product_cat","embeddable":true,"href":"https:\/\/nordicmart.andreevmaster.com\/fi\/wp-json\/wp\/v2\/product_cat?post=31719"},{"taxonomy":"product_tag","embeddable":true,"href":"https:\/\/nordicmart.andreevmaster.com\/fi\/wp-json\/wp\/v2\/product_tag?post=31719"}],"curies":[{"name":"wp","href":"https:\/\/api.w.org\/{rel}","templated":true}]}}