{"id":31718,"date":"2026-02-27T00:14:34","date_gmt":"2026-02-27T00:14:34","guid":{"rendered":"https:\/\/nordicmart.andreevmaster.com\/product\/songmics-kosmetiikkalaukku-vaaleanpunainen-hopea\/"},"modified":"2026-02-27T09:37:02","modified_gmt":"2026-02-27T09:37:02","slug":"songmics-kosmetiikkalaukku-vaaleanpunainen-hopea","status":"publish","type":"product","link":"https:\/\/nordicmart.andreevmaster.com\/fi\/tuote\/songmics-kosmetiikkalaukku-vaaleanpunainen-hopea\/","title":{"rendered":"SONGMICS kosmetiikkalaukku, vaaleanpunainen-hopea"},"content":{"rendered":"<p>Huomautukset: &#8211; K\u00e4sittele tuotetta varovasti, jotta se ei kolhiudu tai putoa. Ei pest\u00e4v\u00e4, puhdista pyyhkim\u00e4ll\u00e4 kostealla liinalla. &#8211; Ennen sulkemista sinun on kohdistettava ura oikein kotelon reunassa olevaan jouseen. &#8211; Sulje kotelo oikein, \u00e4l\u00e4 laita siihen liian korkeita esineit\u00e4. &#8211; Tarkista ennen ostamista kotelon tarkat ulko- ja sis\u00e4mitat verkkosivustolta, jotta saat sopivan kosmetiikkakotelon. Jos sinulla on kysytt\u00e4v\u00e4\u00e4, ota meihin yhteytt\u00e4. Tuotetiedot: &#8211; Materiaali: alumiiniprofiilista valmistettu metallirunko, ABS-verhoilu, E1 MDF-levy, sateenvarjokankaalla vuorattu sisustus, ABS-materiaalista valmistetut taitettavat lokerot &#8211; Mitat: &#8211; Tuotteen mitat: 36 x 28 x 23 cm (L x K x S) &#8211; Taitettavan lokeron mitat: 31 x 4 x 10 cm (L x K x S) &#8211; Alalaatikon mitat: 33,5 x 13,8 x 21,3 cm (L x K x S) &#8211; Nettopaino: 3 kg &#8211; Bruttopaino: 3,4 kg &#8211; V\u00e4ri: hopeanpunainen Toimitus sis\u00e4lt\u00e4\u00e4:- 1x kosmetiikkalaukku &#8211; 2x avain<\/p>\n","protected":false},"excerpt":{"rendered":"<p>SONGMICS kosmetiikkalaukku meikkilaukku meikkien s\u00e4ilytys kauneuslaukku meikkilaatikko monikerroksinen laukku timanttikuvioinen hopeanpunainen 36 x 28 x 23 cm JBC319P<\/p>\n","protected":false},"featured_media":40807,"comment_status":"open","ping_status":"closed","template":"","meta":[],"product_brand":[],"product_cat":[32],"product_tag":[],"class_list":{"0":"post-31718","1":"product","2":"type-product","3":"status-publish","4":"has-post-thumbnail","6":"product_cat-uncategorized-fi","8":"first","9":"instock","10":"shipping-taxable","11":"purchasable","12":"product-type-simple"},"_links":{"self":[{"href":"https:\/\/nordicmart.andreevmaster.com\/fi\/wp-json\/wp\/v2\/product\/31718","targetHints":{"allow":["GET"]}}],"collection":[{"href":"https:\/\/nordicmart.andreevmaster.com\/fi\/wp-json\/wp\/v2\/product"}],"about":[{"href":"https:\/\/nordicmart.andreevmaster.com\/fi\/wp-json\/wp\/v2\/types\/product"}],"replies":[{"embeddable":true,"href":"https:\/\/nordicmart.andreevmaster.com\/fi\/wp-json\/wp\/v2\/comments?post=31718"}],"wp:featuredmedia":[{"embeddable":true,"href":"https:\/\/nordicmart.andreevmaster.com\/fi\/wp-json\/wp\/v2\/media\/40807"}],"wp:attachment":[{"href":"https:\/\/nordicmart.andreevmaster.com\/fi\/wp-json\/wp\/v2\/media?parent=31718"}],"wp:term":[{"taxonomy":"product_brand","embeddable":true,"href":"https:\/\/nordicmart.andreevmaster.com\/fi\/wp-json\/wp\/v2\/product_brand?post=31718"},{"taxonomy":"product_cat","embeddable":true,"href":"https:\/\/nordicmart.andreevmaster.com\/fi\/wp-json\/wp\/v2\/product_cat?post=31718"},{"taxonomy":"product_tag","embeddable":true,"href":"https:\/\/nordicmart.andreevmaster.com\/fi\/wp-json\/wp\/v2\/product_tag?post=31718"}],"curies":[{"name":"wp","href":"https:\/\/api.w.org\/{rel}","templated":true}]}}