{"id":31717,"date":"2026-02-27T00:14:34","date_gmt":"2026-02-27T00:14:34","guid":{"rendered":"https:\/\/nordicmart.andreevmaster.com\/product\/songmics-kosmetiikkalaukku-kahvalla-musta\/"},"modified":"2026-02-27T09:37:02","modified_gmt":"2026-02-27T09:37:02","slug":"songmics-kosmetiikkalaukku-kahvalla-musta","status":"publish","type":"product","link":"https:\/\/nordicmart.andreevmaster.com\/fi\/tuote\/songmics-kosmetiikkalaukku-kahvalla-musta\/","title":{"rendered":"SONGMICS kosmetiikkalaukku kahvalla, musta"},"content":{"rendered":"<p>Nyt sinun ei en\u00e4\u00e4 tarvitse kaivella meikkip\u00f6yd\u00e4n laatikoita l\u00f6yt\u00e4\u00e4ksesi poskipunaa tai rajauskyn\u00e4\u00e4 meikkien seasta. T\u00e4m\u00e4 kosmetiikkalaukku on varustettu runsaalla s\u00e4ilytystilalla, joten se sopii jopa ammattimaisille meikkitaiteilijoille. Kosmetiikan yst\u00e4ville se tarjoaa seuraavat edut: &#8211; Musta v\u00e4ri tuo ripauksen tyylikkyytt\u00e4 mihin tahansa tilaan. &#8211; Tilava laatikko, jossa on t\u00e4ydellinen sisustus. &#8211; Valmistettu korkealaatuisista materiaaleista; alumiinireunuksilla; erityisen kest\u00e4v\u00e4. &#8211; Lukittaessa ja avattaessa kuuluu &#8221;napsahdus&#8221;. &#8211; Mukana olkahihna helpottamaan kuljetusta.  &#8211; T\u00e4ydellinen lahja rakkaillesi, jotka varmasti s\u00e4teilev\u00e4t onnesta. Tuotetiedot: &#8211; V\u00e4ri: musta &#8211; Materiaali: MDF (keskitihe\u00e4 kuitulevy), PVC, alumiini &#8211; Koko: 30 x 19 x 24 cm (P x L x K) &#8211; Paino: 2,3 kg Toimitus sis\u00e4lt\u00e4\u00e4: &#8211; 1 x kosmetiikkalaukku &#8211; 1 x kantohihna &#8211; 2 x avain SONGMICS-ohjeet: &#8211; \u00c4l\u00e4 altista tuotetta suoralle auringonvalolle. &#8211; \u00c4l\u00e4 altista tuotetta ter\u00e4vien tai ter\u00e4vien esineiden kosketukselle, jotta v\u00e4lt\u00e4t vauriot.- Avaimet ovat eritt\u00e4in pieni\u00e4. S\u00e4ilyt\u00e4 ne siksi lasten ulottumattomissa turvallisessa paikassa, jotta v\u00e4lt\u00e4t terveysriskit, jotka voivat aiheutua avainten hengitt\u00e4misest\u00e4 tai nielemisest\u00e4.<\/p>\n","protected":false},"excerpt":{"rendered":"<p>SONGMICS kosmetiikkalaukku meikkilaukku meikkien s\u00e4ilytys kauneuslaukku meikkilaatikko monikerroksinen laukku timanttikuvioinen hopeanpunainen 36 x 28 x 23 cm JBC319P<\/p>\n","protected":false},"featured_media":40806,"comment_status":"open","ping_status":"closed","template":"","meta":[],"product_brand":[],"product_cat":[32],"product_tag":[],"class_list":{"0":"post-31717","1":"product","2":"type-product","3":"status-publish","4":"has-post-thumbnail","6":"product_cat-uncategorized-fi","8":"first","9":"instock","10":"shipping-taxable","11":"purchasable","12":"product-type-simple"},"_links":{"self":[{"href":"https:\/\/nordicmart.andreevmaster.com\/fi\/wp-json\/wp\/v2\/product\/31717","targetHints":{"allow":["GET"]}}],"collection":[{"href":"https:\/\/nordicmart.andreevmaster.com\/fi\/wp-json\/wp\/v2\/product"}],"about":[{"href":"https:\/\/nordicmart.andreevmaster.com\/fi\/wp-json\/wp\/v2\/types\/product"}],"replies":[{"embeddable":true,"href":"https:\/\/nordicmart.andreevmaster.com\/fi\/wp-json\/wp\/v2\/comments?post=31717"}],"wp:featuredmedia":[{"embeddable":true,"href":"https:\/\/nordicmart.andreevmaster.com\/fi\/wp-json\/wp\/v2\/media\/40806"}],"wp:attachment":[{"href":"https:\/\/nordicmart.andreevmaster.com\/fi\/wp-json\/wp\/v2\/media?parent=31717"}],"wp:term":[{"taxonomy":"product_brand","embeddable":true,"href":"https:\/\/nordicmart.andreevmaster.com\/fi\/wp-json\/wp\/v2\/product_brand?post=31717"},{"taxonomy":"product_cat","embeddable":true,"href":"https:\/\/nordicmart.andreevmaster.com\/fi\/wp-json\/wp\/v2\/product_cat?post=31717"},{"taxonomy":"product_tag","embeddable":true,"href":"https:\/\/nordicmart.andreevmaster.com\/fi\/wp-json\/wp\/v2\/product_tag?post=31717"}],"curies":[{"name":"wp","href":"https:\/\/api.w.org\/{rel}","templated":true}]}}