{"id":31716,"date":"2026-02-27T00:14:34","date_gmt":"2026-02-27T00:14:34","guid":{"rendered":"https:\/\/nordicmart.andreevmaster.com\/product\/songmics-kosmetiikkalaukku-musta-lapinakyva\/"},"modified":"2026-02-27T09:37:01","modified_gmt":"2026-02-27T09:37:01","slug":"songmics-kosmetiikkalaukku-musta-lapinakyva","status":"publish","type":"product","link":"https:\/\/nordicmart.andreevmaster.com\/fi\/tuote\/songmics-kosmetiikkalaukku-musta-lapinakyva\/","title":{"rendered":"SONGMICS kosmetiikkalaukku, musta, l\u00e4pin\u00e4kyv\u00e4"},"content":{"rendered":"<p>Huomautukset: K\u00e4sittele tuotetta varovasti, jotta se ei kolhiudu tai putoa. Ei pest\u00e4v\u00e4, puhdista pyyhkim\u00e4ll\u00e4 kostealla liinalla. Ennen sulkemista sinun on kohdistettava ura oikein kotelon reunassa olevaan jouseen.Jotta kotelo sulkeutuu oikein, \u00e4l\u00e4 laita siihen liian korkeita esineit\u00e4. Ennen ostamista tarkista kotelon tarkat ulko- ja sis\u00e4mitat verkkosivustolta, jotta saat sopivan kosmetiikkalaukun. Jos sinulla on kysytt\u00e4v\u00e4\u00e4, ota meihin yhteytt\u00e4. Tuotetiedot: Materiaali: alumiini, akryylilasi ja ABS-muovi, E1-MDF, sateenvarjokangas Mitat (kokonais): 30 x 23,5 x 20 cm (L x K x S)Alemman lokeron sis\u00e4mitat: 28,5 x 7,3 x 18,5 cm (L x K x S)K\u00e4\u00e4nnett\u00e4v\u00e4n lokeron sis\u00e4mitat: 17,8 x 3 x 13,3 cm (L x K x S)Laatikon mitat: 25 x 3,7 x 17 cm (L x K x S)Nettopaino: 2,9 kgBruttopaino: 3,3 kgV\u00e4ri: mustaToimitus sis\u00e4lt\u00e4\u00e4:1 x kosmetiikkalaatikko2 x avain<\/p>\n","protected":false},"excerpt":{"rendered":"<p>SONGMICS kosmetiikkalaatikko, kosmetiikkalaukku, ammattimainen kosmetiikan s\u00e4ilytys, monik\u00e4ytt\u00f6inen laatikko, l\u00e4pin\u00e4kyv\u00e4 akryylilasi, taitettavat lokerot XL JBC318B<\/p>\n","protected":false},"featured_media":40805,"comment_status":"open","ping_status":"closed","template":"","meta":[],"product_brand":[],"product_cat":[32],"product_tag":[],"class_list":{"0":"post-31716","1":"product","2":"type-product","3":"status-publish","4":"has-post-thumbnail","6":"product_cat-uncategorized-fi","8":"first","9":"instock","10":"shipping-taxable","11":"purchasable","12":"product-type-simple"},"_links":{"self":[{"href":"https:\/\/nordicmart.andreevmaster.com\/fi\/wp-json\/wp\/v2\/product\/31716","targetHints":{"allow":["GET"]}}],"collection":[{"href":"https:\/\/nordicmart.andreevmaster.com\/fi\/wp-json\/wp\/v2\/product"}],"about":[{"href":"https:\/\/nordicmart.andreevmaster.com\/fi\/wp-json\/wp\/v2\/types\/product"}],"replies":[{"embeddable":true,"href":"https:\/\/nordicmart.andreevmaster.com\/fi\/wp-json\/wp\/v2\/comments?post=31716"}],"wp:featuredmedia":[{"embeddable":true,"href":"https:\/\/nordicmart.andreevmaster.com\/fi\/wp-json\/wp\/v2\/media\/40805"}],"wp:attachment":[{"href":"https:\/\/nordicmart.andreevmaster.com\/fi\/wp-json\/wp\/v2\/media?parent=31716"}],"wp:term":[{"taxonomy":"product_brand","embeddable":true,"href":"https:\/\/nordicmart.andreevmaster.com\/fi\/wp-json\/wp\/v2\/product_brand?post=31716"},{"taxonomy":"product_cat","embeddable":true,"href":"https:\/\/nordicmart.andreevmaster.com\/fi\/wp-json\/wp\/v2\/product_cat?post=31716"},{"taxonomy":"product_tag","embeddable":true,"href":"https:\/\/nordicmart.andreevmaster.com\/fi\/wp-json\/wp\/v2\/product_tag?post=31716"}],"curies":[{"name":"wp","href":"https:\/\/api.w.org\/{rel}","templated":true}]}}