{"id":31715,"date":"2026-02-27T00:14:34","date_gmt":"2026-02-27T00:14:34","guid":{"rendered":"https:\/\/nordicmart.andreevmaster.com\/product\/songmics-kosmetiikkalaukku-kroko-musta\/"},"modified":"2026-02-27T09:37:01","modified_gmt":"2026-02-27T09:37:01","slug":"songmics-kosmetiikkalaukku-kroko-musta","status":"publish","type":"product","link":"https:\/\/nordicmart.andreevmaster.com\/fi\/tuote\/songmics-kosmetiikkalaukku-kroko-musta\/","title":{"rendered":"SONGMICS kosmetiikkalaukku \u201eKroko\u201c musta"},"content":{"rendered":"<p>Suuret laukut? Eik\u00f6 oikeita tavaroita l\u00f6ydy koskaan, kun niit\u00e4 tarvitaan? Silloin Songmics-meikkilaukku on t\u00e4ydellinen valinta sinulle! Musta tekonahka, jossa on tyylik\u00e4s krokotiilikuosi ja mustat alumiinilistat, antaa kosmetiikkalaukulle yksinkertaisen mutta elegantin ilmeen. EVA-pehmustettu vuori suojaa tavaroita kolhuilta ja naarmuilta. Se tarjoaa my\u00f6s runsaasti s\u00e4ilytystilaa, erityisesti pieniss\u00e4 lokeroissa, jotka n\u00e4kyv\u00e4t kotelon avaamisen j\u00e4lkeen. Kotelon kolme tasoa riitt\u00e4v\u00e4t tarpeisiisi, jotta voit lajitella kaikki tarvikkeet ja pit\u00e4\u00e4 kaiken k\u00e4den ulottuvilla. Huomautukset: &#8211; Molemmat sivukannet ovat uritettuja avausreunassa, joten aseta ensin molemmat alumiinilistat paikoilleen ja sulje sitten kansi. &#8211; \u00c4l\u00e4 laita yli 4,5 cm korkeita tavaroita ylimmille hyllyille. &#8211; Jotta saat sopivan kosmetiikkalaukun, tarkista ennen tilaamista sis\u00e4osastojen mitat. Jos sinulla on kysytt\u00e4v\u00e4\u00e4, ota meihin yhteytt\u00e4. Tuotetiedot: &#8211; Materiaali: &#8211; Runko: MDF-levy + alumiinilistat + metallikulmat &#8211; Verhoilu: PU krokotiilikuviolla &#8211; Sis\u00e4vuori: EVA + sametti &#8211; Kahva: kromattu ABS-muovi + kumi &#8211; Kokonaismitat: 35 x 28,5 x 22 cm (L x K x S) &#8211; Taitettavan lokeron mitat (4 x): 28,5 x 3 x 8 cm (L x K x S) &#8211; Alakerran s\u00e4ilytystilan mitat: 33 x 14 x 20 cm (L x K x S)Toimitus sis\u00e4lt\u00e4\u00e4: &#8211; 1 x kosmetiikkalaukku &#8211; 1 x kantohihna &#8211; 2 x avain<\/p>\n","protected":false},"excerpt":{"rendered":"<p>SONGMICS kosmetiikkalaukku Monik\u00e4ytt\u00f6inen laukku 35 x 28,5 x 22 cm JBC315B<\/p>\n","protected":false},"featured_media":40804,"comment_status":"open","ping_status":"closed","template":"","meta":[],"product_brand":[],"product_cat":[32],"product_tag":[],"class_list":{"0":"post-31715","1":"product","2":"type-product","3":"status-publish","4":"has-post-thumbnail","6":"product_cat-uncategorized-fi","8":"first","9":"instock","10":"shipping-taxable","11":"purchasable","12":"product-type-simple"},"_links":{"self":[{"href":"https:\/\/nordicmart.andreevmaster.com\/fi\/wp-json\/wp\/v2\/product\/31715","targetHints":{"allow":["GET"]}}],"collection":[{"href":"https:\/\/nordicmart.andreevmaster.com\/fi\/wp-json\/wp\/v2\/product"}],"about":[{"href":"https:\/\/nordicmart.andreevmaster.com\/fi\/wp-json\/wp\/v2\/types\/product"}],"replies":[{"embeddable":true,"href":"https:\/\/nordicmart.andreevmaster.com\/fi\/wp-json\/wp\/v2\/comments?post=31715"}],"wp:featuredmedia":[{"embeddable":true,"href":"https:\/\/nordicmart.andreevmaster.com\/fi\/wp-json\/wp\/v2\/media\/40804"}],"wp:attachment":[{"href":"https:\/\/nordicmart.andreevmaster.com\/fi\/wp-json\/wp\/v2\/media?parent=31715"}],"wp:term":[{"taxonomy":"product_brand","embeddable":true,"href":"https:\/\/nordicmart.andreevmaster.com\/fi\/wp-json\/wp\/v2\/product_brand?post=31715"},{"taxonomy":"product_cat","embeddable":true,"href":"https:\/\/nordicmart.andreevmaster.com\/fi\/wp-json\/wp\/v2\/product_cat?post=31715"},{"taxonomy":"product_tag","embeddable":true,"href":"https:\/\/nordicmart.andreevmaster.com\/fi\/wp-json\/wp\/v2\/product_tag?post=31715"}],"curies":[{"name":"wp","href":"https:\/\/api.w.org\/{rel}","templated":true}]}}