{"id":31714,"date":"2026-02-27T00:14:33","date_gmt":"2026-02-27T00:14:33","guid":{"rendered":"https:\/\/nordicmart.andreevmaster.com\/product\/songmics-korukotelo-seinalle-valkoinen\/"},"modified":"2026-02-27T09:37:01","modified_gmt":"2026-02-27T09:37:01","slug":"songmics-korukotelo-seinalle-valkoinen","status":"publish","type":"product","link":"https:\/\/nordicmart.andreevmaster.com\/fi\/tuote\/songmics-korukotelo-seinalle-valkoinen\/","title":{"rendered":"SONGMICS korukotelo sein\u00e4lle, valkoinen"},"content":{"rendered":"<p>Jos etsit pukeutumispistett\u00e4, jossa on s\u00e4ilytystilaa, SONGMICS peili- ja korukaappi on paras vaihtoehto! T\u00e4m\u00e4 kaunis ja koristeellinen kaappi on lukittava ja sen sis\u00e4puoli on verhoiltu mustalla sametilla. K\u00e4yt\u00e4nn\u00f6llisess\u00e4 kaapissa voit s\u00e4ilytt\u00e4\u00e4 kaikki korusi siististi ja turvallisesti. Monien erilaisten koukkuripustojen, lokeroiden ja s\u00e4ilytyshyllyjen ansiosta korukaapissa on runsaasti tilaa sormuksille, kaulakoruille, kelloille, rannekoruille ja muille aarteillesi. Se takaa paremman j\u00e4rjestyksen ja yleiskuvan. Kaappi on helppo kiinnitt\u00e4\u00e4 sein\u00e4\u00e4n ilman suurempia ponnisteluja. Tarvittavat tarvikkeet sein\u00e4kiinnitykseen sis\u00e4ltyv\u00e4t toimitukseen. SONGMICS-peili- ja korukaapista saat iloa vuosiksi! Tuotetiedot: &#8211; V\u00e4ri: valkoinen &#8211; Materiaali: ymp\u00e4rist\u00f6yst\u00e4v\u00e4llinen MDF (keskitihe\u00e4 puukuitulevy)  &#8211; Tuotteen mitat: noin 36 x 120 x 9,5 cm (L x K x S) &#8211; Peilin mitat: noin 24 x 108 cm (L x K) &#8211; Pakkauksen mitat: noin 44,5 x 18 x 132,5 cm (L x K x S) Huomautus:- Peili on s\u00e4rkyv\u00e4\u00e4, k\u00e4sittele sit\u00e4 varovasti ja suojaa kaappia kaatumasta, jotta peili ei rikkoudu. &#8211; Toimitus ilman koristeita. Toimitus sis\u00e4lt\u00e4\u00e4: &#8211; 1 x peilikaappi (ruuvit ja tulpat mukana) &#8211; 1 x ohjeet (DE, FR, EN, ES, IT)<\/p>\n","protected":false},"excerpt":{"rendered":"<p>SONGMICS korukotelo ja sein\u00e4peili kaksi yhdess\u00e4, valkoinen, peilill\u00e4, ripustettava, peilikaappi, sein\u00e4kiinnitys 36 x 120 x 9,5 cm<\/p>\n","protected":false},"featured_media":40803,"comment_status":"open","ping_status":"closed","template":"","meta":[],"product_brand":[],"product_cat":[32],"product_tag":[],"class_list":{"0":"post-31714","1":"product","2":"type-product","3":"status-publish","4":"has-post-thumbnail","6":"product_cat-uncategorized-fi","8":"first","9":"instock","10":"shipping-taxable","11":"purchasable","12":"product-type-simple"},"_links":{"self":[{"href":"https:\/\/nordicmart.andreevmaster.com\/fi\/wp-json\/wp\/v2\/product\/31714","targetHints":{"allow":["GET"]}}],"collection":[{"href":"https:\/\/nordicmart.andreevmaster.com\/fi\/wp-json\/wp\/v2\/product"}],"about":[{"href":"https:\/\/nordicmart.andreevmaster.com\/fi\/wp-json\/wp\/v2\/types\/product"}],"replies":[{"embeddable":true,"href":"https:\/\/nordicmart.andreevmaster.com\/fi\/wp-json\/wp\/v2\/comments?post=31714"}],"wp:featuredmedia":[{"embeddable":true,"href":"https:\/\/nordicmart.andreevmaster.com\/fi\/wp-json\/wp\/v2\/media\/40803"}],"wp:attachment":[{"href":"https:\/\/nordicmart.andreevmaster.com\/fi\/wp-json\/wp\/v2\/media?parent=31714"}],"wp:term":[{"taxonomy":"product_brand","embeddable":true,"href":"https:\/\/nordicmart.andreevmaster.com\/fi\/wp-json\/wp\/v2\/product_brand?post=31714"},{"taxonomy":"product_cat","embeddable":true,"href":"https:\/\/nordicmart.andreevmaster.com\/fi\/wp-json\/wp\/v2\/product_cat?post=31714"},{"taxonomy":"product_tag","embeddable":true,"href":"https:\/\/nordicmart.andreevmaster.com\/fi\/wp-json\/wp\/v2\/product_tag?post=31714"}],"curies":[{"name":"wp","href":"https:\/\/api.w.org\/{rel}","templated":true}]}}