{"id":31713,"date":"2026-02-27T00:14:33","date_gmt":"2026-02-27T00:14:33","guid":{"rendered":"https:\/\/nordicmart.andreevmaster.com\/product\/songmics-pieni-korurasia-sininen\/"},"modified":"2026-02-27T09:37:01","modified_gmt":"2026-02-27T09:37:01","slug":"songmics-pieni-korurasia-sininen","status":"publish","type":"product","link":"https:\/\/nordicmart.andreevmaster.com\/fi\/tuote\/songmics-pieni-korurasia-sininen\/","title":{"rendered":"SONGMICS Pieni korurasia, sininen"},"content":{"rendered":"<p>\u00c4\u00e4rimm\u00e4inen suoja: Ei ole mit\u00e4\u00e4n pahempaa kuin joutua selvitt\u00e4m\u00e4\u00e4n takkuinen kaulakoru pitk\u00e4n lennon j\u00e4lkeen. Ja miss\u00e4 on suosikkikorvakorusi? Miksi et laittaisi kaikkia korujasi t\u00e4h\u00e4n kompaktiin matkasuomukoteloon? Se kest\u00e4\u00e4 iskuja, t\u00f6n\u00e4isyj\u00e4 ja muita voimia matkan aikana, joten korusi saapuvat m\u00e4\u00e4r\u00e4np\u00e4\u00e4h\u00e4n ehjin\u00e4 ja siististi j\u00e4rjestyksess\u00e4.Kaikki mit\u00e4 tarvitset: T\u00e4m\u00e4 korkealaatuisesta keinonahasta, pehme\u00e4st\u00e4 samettivuoresta ja MDF:st\u00e4 valmistettu korujen s\u00e4ilytyskotelo on kest\u00e4vin laatuaan. Matkailijat ja korujen yst\u00e4v\u00e4t arvostavat my\u00f6s seuraavia etuja: 6 koukkua kannessa kaulakorujen ja rannekorujen ripustamista varten.1 sivutasku pitkien ketjujen liukumisen est\u00e4miseksi. 1 avattava tyyny, jossa 17 reik\u00e4\u00e4 nappikorvakoruille. 1 piilotettu lokero tyynyn alla tarjoaa viel\u00e4 enemm\u00e4n tilaa. 4 pient\u00e4 lokeroa irrotettavalla v\u00e4lisein\u00e4ll\u00e4 korvakorujen ja riipusten s\u00e4ilytt\u00e4miseen. 8 rullaa sormuksille tai rannekoruille.Tuotetiedot: V\u00e4ri: valkoinen Materiaali: PU (polyuretaani), sametti, MDF (keskitihe\u00e4 kuitulevy) Koko: 19,7 x 12,5 x 5 cm (P x L x K) Paino: 0,3 kg Toimitus sis\u00e4lt\u00e4\u00e4: 1 x korurasia<\/p>\n","protected":false},"excerpt":{"rendered":"<p>SONGMICS korurasia, matkojen korurasia, korurasia ketjuille, sormuksille, korvakoruille, koukkuilla, sivutasku joustavalla nauhalla, useita lokeroita, irrotettava v\u00e4lisein\u00e4, painonappikiinnitys, sinisenharmaa JBC240BU<\/p>\n","protected":false},"featured_media":40802,"comment_status":"open","ping_status":"closed","template":"","meta":[],"product_brand":[],"product_cat":[32],"product_tag":[],"class_list":{"0":"post-31713","1":"product","2":"type-product","3":"status-publish","4":"has-post-thumbnail","6":"product_cat-uncategorized-fi","8":"first","9":"instock","10":"shipping-taxable","11":"purchasable","12":"product-type-simple"},"_links":{"self":[{"href":"https:\/\/nordicmart.andreevmaster.com\/fi\/wp-json\/wp\/v2\/product\/31713","targetHints":{"allow":["GET"]}}],"collection":[{"href":"https:\/\/nordicmart.andreevmaster.com\/fi\/wp-json\/wp\/v2\/product"}],"about":[{"href":"https:\/\/nordicmart.andreevmaster.com\/fi\/wp-json\/wp\/v2\/types\/product"}],"replies":[{"embeddable":true,"href":"https:\/\/nordicmart.andreevmaster.com\/fi\/wp-json\/wp\/v2\/comments?post=31713"}],"wp:featuredmedia":[{"embeddable":true,"href":"https:\/\/nordicmart.andreevmaster.com\/fi\/wp-json\/wp\/v2\/media\/40802"}],"wp:attachment":[{"href":"https:\/\/nordicmart.andreevmaster.com\/fi\/wp-json\/wp\/v2\/media?parent=31713"}],"wp:term":[{"taxonomy":"product_brand","embeddable":true,"href":"https:\/\/nordicmart.andreevmaster.com\/fi\/wp-json\/wp\/v2\/product_brand?post=31713"},{"taxonomy":"product_cat","embeddable":true,"href":"https:\/\/nordicmart.andreevmaster.com\/fi\/wp-json\/wp\/v2\/product_cat?post=31713"},{"taxonomy":"product_tag","embeddable":true,"href":"https:\/\/nordicmart.andreevmaster.com\/fi\/wp-json\/wp\/v2\/product_tag?post=31713"}],"curies":[{"name":"wp","href":"https:\/\/api.w.org\/{rel}","templated":true}]}}