{"id":31705,"date":"2026-02-27T00:14:32","date_gmt":"2026-02-27T00:14:32","guid":{"rendered":"https:\/\/nordicmart.andreevmaster.com\/product\/songmics-korurasia-lasikannella-savusininen\/"},"modified":"2026-02-27T09:36:59","modified_gmt":"2026-02-27T09:36:59","slug":"songmics-korurasia-lasikannella-savusininen","status":"publish","type":"product","link":"https:\/\/nordicmart.andreevmaster.com\/fi\/tuote\/songmics-korurasia-lasikannella-savusininen\/","title":{"rendered":"SONGMICS korurasia lasikannella, savusininen"},"content":{"rendered":"<p>Helppo p\u00e4\u00e4sy tarvittaviin koruihin: \u00c4l\u00e4 kaivaa kaoottista laatikkoa l\u00f6yt\u00e4\u00e4ksesi sopivan kaulakorun ennen t\u00f6ihin tai treffeille l\u00e4ht\u00f6\u00e4. T\u00e4m\u00e4 korurasia lasikannella auttaa sinua pit\u00e4m\u00e4\u00e4n kaikki korusi siististi ja k\u00e4tev\u00e4sti yhdess\u00e4 paikassa. Kahteen eri tavalla j\u00e4rjestettyyn laatikkoon voit laittaa pieni\u00e4 esineit\u00e4, joita haluat suojata muiden katseilta. Lahja rakkaillesi tai itsellesi: Kauniin ulkon\u00e4k\u00f6ns\u00e4 ansiosta t\u00e4m\u00e4 laatikko sopii t\u00e4ydellisesti lahjaksi syntym\u00e4p\u00e4iv\u00e4ksi, vuosip\u00e4iv\u00e4ksi tai rakkaillesi tarkoitettuun yll\u00e4tyslahjaksi. Jos pid\u00e4t t\u00e4st\u00e4 tyylikk\u00e4\u00e4st\u00e4 korurasiaa my\u00f6s henkil\u00f6kohtaisesti, miksi et antaisi sit\u00e4 lahjaksi itsellesi? Tuotetiedot:V\u00e4ri: savusininen Materiaali: MDF (keskitihe\u00e4 kuitulevy), PU (polyuretaani), sametti, lasi Koko: 23,1 x 20,3 x 13,5 cm (P x L x K) Paino: 1,4 kg Toimitus sis\u00e4lt\u00e4\u00e4: 1 x korurasia<\/p>\n","protected":false},"excerpt":{"rendered":"<p>SONGMICS Korukotelo lasikannella 3-tasoinen korukotelo, 2-laatikkoinen korulaatikko, korujen s\u00e4ilytys, lahja rakkaimmillesi, valkoinen JBC239WT<\/p>\n","protected":false},"featured_media":40796,"comment_status":"open","ping_status":"closed","template":"","meta":[],"product_brand":[],"product_cat":[32],"product_tag":[],"class_list":{"0":"post-31705","1":"product","2":"type-product","3":"status-publish","4":"has-post-thumbnail","6":"product_cat-uncategorized-fi","8":"first","9":"instock","10":"shipping-taxable","11":"purchasable","12":"product-type-simple"},"_links":{"self":[{"href":"https:\/\/nordicmart.andreevmaster.com\/fi\/wp-json\/wp\/v2\/product\/31705","targetHints":{"allow":["GET"]}}],"collection":[{"href":"https:\/\/nordicmart.andreevmaster.com\/fi\/wp-json\/wp\/v2\/product"}],"about":[{"href":"https:\/\/nordicmart.andreevmaster.com\/fi\/wp-json\/wp\/v2\/types\/product"}],"replies":[{"embeddable":true,"href":"https:\/\/nordicmart.andreevmaster.com\/fi\/wp-json\/wp\/v2\/comments?post=31705"}],"wp:featuredmedia":[{"embeddable":true,"href":"https:\/\/nordicmart.andreevmaster.com\/fi\/wp-json\/wp\/v2\/media\/40796"}],"wp:attachment":[{"href":"https:\/\/nordicmart.andreevmaster.com\/fi\/wp-json\/wp\/v2\/media?parent=31705"}],"wp:term":[{"taxonomy":"product_brand","embeddable":true,"href":"https:\/\/nordicmart.andreevmaster.com\/fi\/wp-json\/wp\/v2\/product_brand?post=31705"},{"taxonomy":"product_cat","embeddable":true,"href":"https:\/\/nordicmart.andreevmaster.com\/fi\/wp-json\/wp\/v2\/product_cat?post=31705"},{"taxonomy":"product_tag","embeddable":true,"href":"https:\/\/nordicmart.andreevmaster.com\/fi\/wp-json\/wp\/v2\/product_tag?post=31705"}],"curies":[{"name":"wp","href":"https:\/\/api.w.org\/{rel}","templated":true}]}}