{"id":31700,"date":"2026-02-27T00:14:30","date_gmt":"2026-02-27T00:14:30","guid":{"rendered":"https:\/\/nordicmart.andreevmaster.com\/product\/songmics-lukittava-korulaatikko-musta\/"},"modified":"2026-02-27T09:36:59","modified_gmt":"2026-02-27T09:36:59","slug":"songmics-lukittava-korulaatikko-musta","status":"publish","type":"product","link":"https:\/\/nordicmart.andreevmaster.com\/fi\/tuote\/songmics-lukittava-korulaatikko-musta\/","title":{"rendered":"SONGMICS Lukittava korulaatikko musta"},"content":{"rendered":"<p>Jokaisen tyylitajuisen korujen yst\u00e4v\u00e4n tulisi omistaa tyylik\u00e4s korurasia. Toisin kuin muut ohutverhoillut korurasia, meid\u00e4n rasioissamme on k\u00e4ytetty korkealaatuista keinonahkaa, joka kest\u00e4\u00e4 useita vuosia. T\u00e4ss\u00e4 rasiaa keinonahka on tyylik\u00e4s musta ja siin\u00e4 on hienot raidat, jotka tekev\u00e4t rasiaa silm\u00e4\u00e4npist\u00e4v\u00e4ksi riippumatta siit\u00e4, mihin sen sijoitat. Etsint\u00e4si on ohi! T\u00e4m\u00e4n korurasian avulla voit vihdoin antaa rakkaille aarteillesi tyylikk\u00e4\u00e4n kodin. Suojaa aarteesi ja salaisuutesi lasten k\u00e4p\u00e4l\u00f6ilt\u00e4. Et varmasti olisi iloinen, jos palatessasi t\u00f6ist\u00e4 l\u00f6yt\u00e4isit korusi sotkuisina ja likaisina lastenhuoneesta. \u00c4l\u00e4 huoli! T\u00e4m\u00e4 lukittava korurasia pit\u00e4\u00e4 arvotavarat poissa lasten ulottuvilta. K\u00e4yt\u00e4 t\u00e4t\u00e4 rasiaa suloiseen yll\u00e4tykseen. Tavallisten sormusrullien ja korvakorujen paikkojen lis\u00e4ksi t\u00e4ss\u00e4 rasia on my\u00f6s lokero, jossa on avattava kansi. Piilota t\u00e4nne kihlasormus rakkaallesi. H\u00e4n sanoo varmasti &#8221;kyll\u00e4&#8221; luovalle kosintasi. Tuotetiedot: V\u00e4ri: musta, beige Materiaali: MDF (keskitihe\u00e4 kuitulevy), PU, sametti Tuotteen koko: 23,8 x 20 x 9,5 cm (L x S x K) Tuotteen paino: 1,2 kg Toimitus sis\u00e4lt\u00e4\u00e4: 1 x korurasia 1 x avain<\/p>\n","protected":false},"excerpt":{"rendered":"<p>SONGMICS korurasia, lukittava korulaatikko, kaulakoruille, rannekelloille, lokero kannella, irrotettava v\u00e4lisein\u00e4, lahja rakkaimmille, musta JBC235BK<\/p>\n","protected":false},"featured_media":40791,"comment_status":"open","ping_status":"closed","template":"","meta":[],"product_brand":[],"product_cat":[32],"product_tag":[],"class_list":{"0":"post-31700","1":"product","2":"type-product","3":"status-publish","4":"has-post-thumbnail","6":"product_cat-uncategorized-fi","8":"first","9":"instock","10":"shipping-taxable","11":"purchasable","12":"product-type-simple"},"_links":{"self":[{"href":"https:\/\/nordicmart.andreevmaster.com\/fi\/wp-json\/wp\/v2\/product\/31700","targetHints":{"allow":["GET"]}}],"collection":[{"href":"https:\/\/nordicmart.andreevmaster.com\/fi\/wp-json\/wp\/v2\/product"}],"about":[{"href":"https:\/\/nordicmart.andreevmaster.com\/fi\/wp-json\/wp\/v2\/types\/product"}],"replies":[{"embeddable":true,"href":"https:\/\/nordicmart.andreevmaster.com\/fi\/wp-json\/wp\/v2\/comments?post=31700"}],"wp:featuredmedia":[{"embeddable":true,"href":"https:\/\/nordicmart.andreevmaster.com\/fi\/wp-json\/wp\/v2\/media\/40791"}],"wp:attachment":[{"href":"https:\/\/nordicmart.andreevmaster.com\/fi\/wp-json\/wp\/v2\/media?parent=31700"}],"wp:term":[{"taxonomy":"product_brand","embeddable":true,"href":"https:\/\/nordicmart.andreevmaster.com\/fi\/wp-json\/wp\/v2\/product_brand?post=31700"},{"taxonomy":"product_cat","embeddable":true,"href":"https:\/\/nordicmart.andreevmaster.com\/fi\/wp-json\/wp\/v2\/product_cat?post=31700"},{"taxonomy":"product_tag","embeddable":true,"href":"https:\/\/nordicmart.andreevmaster.com\/fi\/wp-json\/wp\/v2\/product_tag?post=31700"}],"curies":[{"name":"wp","href":"https:\/\/api.w.org\/{rel}","templated":true}]}}