{"id":31695,"date":"2026-02-27T00:14:29","date_gmt":"2026-02-27T00:14:29","guid":{"rendered":"https:\/\/nordicmart.andreevmaster.com\/product\/songmics-kosmetiikkalaukku-krokotiilikuvio-violetti\/"},"modified":"2026-02-27T09:36:58","modified_gmt":"2026-02-27T09:36:58","slug":"songmics-kosmetiikkalaukku-krokotiilikuvio-violetti","status":"publish","type":"product","link":"https:\/\/nordicmart.andreevmaster.com\/fi\/tuote\/songmics-kosmetiikkalaukku-krokotiilikuvio-violetti\/","title":{"rendered":"SONGMICS kosmetiikkalaukku krokotiilikuvio violetti"},"content":{"rendered":"<p>Kaunis, tyylik\u00e4s ja ajaton korukotelo! &#8211; Kaunis, tyylik\u00e4s ja ajaton korukotelo &#8211; T\u00e4m\u00e4 hieno korukotelo vakuuttaa paitsi tyylikk\u00e4\u00e4ll\u00e4 muotoilullaan my\u00f6s nerokkaalla tilank\u00e4yt\u00f6ll\u00e4 ja korkealla toiminnallisuudella. Reunat ja kulmat on vahvistettu ja hyvin ty\u00f6stetty, mik\u00e4 takaa pitk\u00e4n k\u00e4ytt\u00f6i\u00e4n. Krokotiilikuviolla p\u00e4\u00e4llystetty pinta ja hopeiset alumiinilistat antavat kosmetiikkalaukulle modernin ja tyylikk\u00e4\u00e4n charmin. Elegantti ja k\u00e4yt\u00e4nn\u00f6llinen. Harmonikkakotelossa on 4 pient\u00e4 ja 1 iso s\u00e4ilytyslokero erilaisia koruja varten. 8 osastoa mahdollistavat korujen siistin ja tilaa s\u00e4\u00e4st\u00e4v\u00e4n s\u00e4ilytyksen, ja laukku pit\u00e4\u00e4 aarteesi aina k\u00e4den ulottuvilla.Songmicsin tyylik\u00e4s kosmetiikkalaukku on huolellisesti valmistettu ja helppo puhdistaa, ja se on ehdoton hankinta kaikille korujen yst\u00e4ville. Huomautukset: 1. Ennen sulkemista sinun on kohdistettava ura oikein laukun reunan jousen kanssa. 2. Sulje laukku oikein, \u00e4l\u00e4 laita siihen liian korkeita esineit\u00e4. 3. Mitat on mitattu k\u00e4sin, joten niiss\u00e4 voi olla pieni\u00e4 poikkeamia. 4. Tuote saattaa tuoksua &#8221;uudelta&#8221; avattaessa. Tuoksu h\u00e4vi\u00e4\u00e4 kuitenkin my\u00f6hemmin, kun asetat kotelon tuuletettuun tilaan. 5. Ennen ostamista tarkista kotelon tarkat mitat verkkosivustolta, jotta saat sopivan kosmetiikkakotelon. Jos sinulla on kysytt\u00e4v\u00e4\u00e4, ota meihin yhteytt\u00e4. Tuotetiedot: &#8211; Materiaali: &#8211; Materiaali: MDF-levy + krokotiilikuviollinen keinonahka + ABS + alumiinilista + sametti + muovi &#8211; Tuotteen mitat: 36,5 x 35 x 22 cm (L x K x S) Sis\u00e4osastojen mitat: 31,5 x 3,5 x 9 cm (L x K x S) (4 x ) &#8211; V\u00e4ri: violetti + musta &#8211; Nettopaino: 2,8 kg Toimitus sis\u00e4lt\u00e4\u00e4: &#8211; 1 x kosmetiikkalaukku &#8211; 1 x kantohihna &#8211; 2 x avain<\/p>\n","protected":false},"excerpt":{"rendered":"<p>SONGMICS kosmetiikkalaukku, meikkilaukku, meikkikotelo, kauneuslaukku, s\u00e4ilytys meikille, kynsilakalle, violetti, JBC229<\/p>\n","protected":false},"featured_media":40786,"comment_status":"open","ping_status":"closed","template":"","meta":[],"product_brand":[],"product_cat":[32],"product_tag":[],"class_list":{"0":"post-31695","1":"product","2":"type-product","3":"status-publish","4":"has-post-thumbnail","6":"product_cat-uncategorized-fi","8":"first","9":"instock","10":"shipping-taxable","11":"purchasable","12":"product-type-simple"},"_links":{"self":[{"href":"https:\/\/nordicmart.andreevmaster.com\/fi\/wp-json\/wp\/v2\/product\/31695","targetHints":{"allow":["GET"]}}],"collection":[{"href":"https:\/\/nordicmart.andreevmaster.com\/fi\/wp-json\/wp\/v2\/product"}],"about":[{"href":"https:\/\/nordicmart.andreevmaster.com\/fi\/wp-json\/wp\/v2\/types\/product"}],"replies":[{"embeddable":true,"href":"https:\/\/nordicmart.andreevmaster.com\/fi\/wp-json\/wp\/v2\/comments?post=31695"}],"wp:featuredmedia":[{"embeddable":true,"href":"https:\/\/nordicmart.andreevmaster.com\/fi\/wp-json\/wp\/v2\/media\/40786"}],"wp:attachment":[{"href":"https:\/\/nordicmart.andreevmaster.com\/fi\/wp-json\/wp\/v2\/media?parent=31695"}],"wp:term":[{"taxonomy":"product_brand","embeddable":true,"href":"https:\/\/nordicmart.andreevmaster.com\/fi\/wp-json\/wp\/v2\/product_brand?post=31695"},{"taxonomy":"product_cat","embeddable":true,"href":"https:\/\/nordicmart.andreevmaster.com\/fi\/wp-json\/wp\/v2\/product_cat?post=31695"},{"taxonomy":"product_tag","embeddable":true,"href":"https:\/\/nordicmart.andreevmaster.com\/fi\/wp-json\/wp\/v2\/product_tag?post=31695"}],"curies":[{"name":"wp","href":"https:\/\/api.w.org\/{rel}","templated":true}]}}