{"id":31694,"date":"2026-02-27T00:14:29","date_gmt":"2026-02-27T00:14:29","guid":{"rendered":"https:\/\/nordicmart.andreevmaster.com\/product\/songmics-kompakti-kosmetiikkalaukku-lila\/"},"modified":"2026-02-27T09:36:58","modified_gmt":"2026-02-27T09:36:58","slug":"songmics-kompakti-kosmetiikkalaukku-lila","status":"publish","type":"product","link":"https:\/\/nordicmart.andreevmaster.com\/fi\/tuote\/songmics-kompakti-kosmetiikkalaukku-lila\/","title":{"rendered":"SONGMICS Kompakti kosmetiikkalaukku Lila"},"content":{"rendered":"<p>Kosmetiikkalaukku sopii kaikille, olipa kyseess\u00e4 ammattimainen meikkitaiteilija tai yksityisk\u00e4ytt\u00f6. Se tarjoaa t\u00e4ydelliset s\u00e4ilytysratkaisut: kaikki meikkitarvikkeet ovat yhdess\u00e4 paikassa, joten sinun ei tarvitse etsi\u00e4 vaivalloisesti huulipunaa, rajauskyn\u00e4\u00e4 ja muita tarvikkeita.Kotiin ja matkoille Tyylik\u00e4s ulkon\u00e4k\u00f6 tekee t\u00e4st\u00e4 meikkilaukusta todellisen katseenvangitsijan makuuhuoneeseesi. Alumiinilistojen ja MDF-levyjen ansiosta se on my\u00f6s kest\u00e4v\u00e4 ja kevyt. Lis\u00e4ksi voit kuljettaa sit\u00e4 mukanasi minne tahansa kantokahvan tai olkahihnan avulla. Erinomainen lahjaideaT\u00e4h\u00e4n laatikkoon mahtuu kaikki, ei vain meikki. Harrastaako \u00e4itisi kirjontaa tai neulomista? Lahjoita h\u00e4nelle t\u00e4m\u00e4 kotelo ompelutarvikkeiden s\u00e4ilytt\u00e4mist\u00e4 varten. H\u00e4n tulee varmasti olemaan innoissaan. Matkalaukku tarjoaa my\u00f6s harrastelijamaalareille riitt\u00e4v\u00e4sti tilaa maaleille ja siveltimille. Mihin laittaa pienet ty\u00f6kalut tai l\u00e4\u00e4kkeet, joita k\u00e4ytet\u00e4\u00e4n usein kotona? Vastaus t\u00e4h\u00e4n kysymykseen on matkalaukkumme! Tuotetiedot: &#8211; V\u00e4ri: violetti &#8211; Materiaali: alumiinilistat, MDF-levyt, ABS, muovi &#8211; Kokonaismitat: 36,7 x 25 x 22,5 cm (L x K x S) &#8211; Ulosty\u00f6ntyv\u00e4n lokeron mitat: 31,5 x 3,5 x 9 cm (L x K x S) &#8211; Alalokeron mitat: 30,5 x 12 x 20 cm (L x K x S) &#8211; Paino: 3 kg Toimitus sis\u00e4lt\u00e4\u00e4:- 1 x kosmetiikkalaukku &#8211; 2 x avain &#8211; 1 x olkahihna SONGMICS Huomautukset: &#8211; Tarkista tuotteen koko huolellisesti ennen ostamista. &#8211; Laukun avattavat siivet on varustettu kuperilla ja koverilla liitoskohdilla, jotka sopivat tarkasti toisiinsa. Kohdista ensin molemmat sivut toisiinsa, kun suljet laukun. &#8211; Tuote saattaa tuoksua hieman avattaessa. T\u00e4ll\u00f6in voit sijoittaa sen hyvin ilmastoituun tilaan, jotta tuoksu h\u00e4vi\u00e4\u00e4 lyhyess\u00e4 ajassa.<\/p>\n","protected":false},"excerpt":{"rendered":"<p>SONGMICS kosmetiikkalaukku XXL, suuri matkatavaroille JBC228P<\/p>\n","protected":false},"featured_media":40785,"comment_status":"open","ping_status":"closed","template":"","meta":[],"product_brand":[],"product_cat":[32],"product_tag":[],"class_list":{"0":"post-31694","1":"product","2":"type-product","3":"status-publish","4":"has-post-thumbnail","6":"product_cat-uncategorized-fi","8":"first","9":"instock","10":"shipping-taxable","11":"purchasable","12":"product-type-simple"},"_links":{"self":[{"href":"https:\/\/nordicmart.andreevmaster.com\/fi\/wp-json\/wp\/v2\/product\/31694","targetHints":{"allow":["GET"]}}],"collection":[{"href":"https:\/\/nordicmart.andreevmaster.com\/fi\/wp-json\/wp\/v2\/product"}],"about":[{"href":"https:\/\/nordicmart.andreevmaster.com\/fi\/wp-json\/wp\/v2\/types\/product"}],"replies":[{"embeddable":true,"href":"https:\/\/nordicmart.andreevmaster.com\/fi\/wp-json\/wp\/v2\/comments?post=31694"}],"wp:featuredmedia":[{"embeddable":true,"href":"https:\/\/nordicmart.andreevmaster.com\/fi\/wp-json\/wp\/v2\/media\/40785"}],"wp:attachment":[{"href":"https:\/\/nordicmart.andreevmaster.com\/fi\/wp-json\/wp\/v2\/media?parent=31694"}],"wp:term":[{"taxonomy":"product_brand","embeddable":true,"href":"https:\/\/nordicmart.andreevmaster.com\/fi\/wp-json\/wp\/v2\/product_brand?post=31694"},{"taxonomy":"product_cat","embeddable":true,"href":"https:\/\/nordicmart.andreevmaster.com\/fi\/wp-json\/wp\/v2\/product_cat?post=31694"},{"taxonomy":"product_tag","embeddable":true,"href":"https:\/\/nordicmart.andreevmaster.com\/fi\/wp-json\/wp\/v2\/product_tag?post=31694"}],"curies":[{"name":"wp","href":"https:\/\/api.w.org\/{rel}","templated":true}]}}